{"id":600195,"date":"2025-06-13T11:04:54","date_gmt":"2025-06-13T08:04:54","guid":{"rendered":"https:\/\/nextsnkr.com\/product\/adidas-yeezy-350-citrin\/"},"modified":"2026-02-01T19:15:36","modified_gmt":"2026-02-01T16:15:36","slug":"adidas-yeezy-350-citrin","status":"publish","type":"product","link":"https:\/\/nextsnkr.com\/lt\/produktas\/adidas-yeezy-350-citrin\/","title":{"rendered":"Sportiniai bateliai Adidas Yeezy 350 Citrin &#8211; stilingi ir lengvi"},"content":{"rendered":"<h2>Sportiniai bateliai Adidas Yeezy 350 Citrin &#8211; stilingi ir lengvi<\/h2>\n<p>&#8222;Adidas Yeezy 350 Citrin&#8221; &#8211; modernus lengvos ir patvarios tekstil\u0117s modelis, sukurtas kasdieniam komfortui. Kokybi\u0161ka Vietnamo gamyba garantuoja patikimum\u0105, o &#8222;Adidas&#8221; prek\u0117s \u017eenklas u\u017etikrina pasitik\u0117jim\u0105 kiekvienu \u017eingsniu. \u0414\u044b\u0448onomi\u0161kas padas ir kv\u0117puojanti med\u017eiaga daro \u0161iuos sportba\u010dius Idealiai tinka aktyviam gyvenimo b\u016bdui. Pasirinkite stili\u0173 ir komfort\u0105 viename &#8222;Yeezy 350 Citrin&#8221; modelyje.<\/p>\n","protected":false},"excerpt":{"rendered":"<p>&#8222;Adidas Yeezy 350 Citrin&#8221; &#8211; modernus lengvos ir patvarios tekstil\u0117s modelis, sukurtas kasdieniam komfortui. Kokybi\u0161ka Vietnamo gamyba garantuoja patikimum\u0105, o &#8222;Adidas&#8221; prek\u0117s \u017eenklas u\u017etikrina pasitik\u0117jim\u0105 kiekvienu \u017eingsniu. \u0414\u044b\u0448onomi\u0161kas padas ir kv\u0117puojanti med\u017eiaga daro \u0161iuos sportba\u010dius Idealiai tinka aktyviam gyvenimo b\u016bdui. Pasirinkite stili\u0173 ir komfort\u0105 viename &#8222;Yeezy 350 Citrin&#8221; modelyje.<\/p>\n","protected":false},"featured_media":600204,"comment_status":"open","ping_status":"open","template":"","meta":[],"product_brand":[],"product_cat":[3401,3264,3265],"product_tag":[],"class_list":{"0":"post-600195","1":"product","2":"type-product","3":"status-publish","4":"has-post-thumbnail","6":"product_cat-adidas-yeezy","7":"product_cat-all-product","8":"product_cat-krosivky","9":"pa_rozmir-910","10":"pa_rozmir-912","11":"pa_rozmir-914","12":"pa_rozmir-915","13":"pa_rozmir-916","14":"pa_rozmir-917","15":"pa_rozmir-918","16":"pa_rozmir-919","17":"pa_rozmir-920","18":"pa_rozmir-921","19":"pa_rozmir-922","21":"first","22":"onbackorder","23":"purchasable","24":"product-type-variable"},"_links":{"self":[{"href":"https:\/\/nextsnkr.com\/lt\/wp-json\/wp\/v2\/product\/600195","targetHints":{"allow":["GET"]}}],"collection":[{"href":"https:\/\/nextsnkr.com\/lt\/wp-json\/wp\/v2\/product"}],"about":[{"href":"https:\/\/nextsnkr.com\/lt\/wp-json\/wp\/v2\/types\/product"}],"replies":[{"embeddable":true,"href":"https:\/\/nextsnkr.com\/lt\/wp-json\/wp\/v2\/comments?post=600195"}],"version-history":[{"count":0,"href":"https:\/\/nextsnkr.com\/lt\/wp-json\/wp\/v2\/product\/600195\/revisions"}],"wp:featuredmedia":[{"embeddable":true,"href":"https:\/\/nextsnkr.com\/lt\/wp-json\/wp\/v2\/media\/600204"}],"wp:attachment":[{"href":"https:\/\/nextsnkr.com\/lt\/wp-json\/wp\/v2\/media?parent=600195"}],"wp:term":[{"taxonomy":"product_brand","embeddable":true,"href":"https:\/\/nextsnkr.com\/lt\/wp-json\/wp\/v2\/product_brand?post=600195"},{"taxonomy":"product_cat","embeddable":true,"href":"https:\/\/nextsnkr.com\/lt\/wp-json\/wp\/v2\/product_cat?post=600195"},{"taxonomy":"product_tag","embeddable":true,"href":"https:\/\/nextsnkr.com\/lt\/wp-json\/wp\/v2\/product_tag?post=600195"}],"curies":[{"name":"wp","href":"https:\/\/api.w.org\/{rel}","templated":true}]}}