{"id":599153,"date":"2025-06-14T20:41:05","date_gmt":"2025-06-14T17:41:05","guid":{"rendered":"https:\/\/nextsnkr.com\/product\/air-jordan-retro1-black-white-grey\/"},"modified":"2026-02-01T19:15:08","modified_gmt":"2026-02-01T16:15:08","slug":"air-jordan-retro1-black-white-grey","status":"publish","type":"product","link":"https:\/\/nextsnkr.com\/lt\/produktas\/air-jordan-retro1-black-white-grey\/","title":{"rendered":"Batai Air jordan Retro 1 Black white Grey-odiniai stilingi sportba\u010diai"},"content":{"rendered":"<h2>Batai Air jordan Retro 1 Black white Grey-odiniai stilingi sportba\u010diai<\/h2>\n<p>&#8222;Air Jordan Retro1 Black White Grey&#8221; yra pagamintas i\u0161 auk\u0161tos kokyb\u0117s odos, kuri u\u017etikrina ilgaam\u017ei\u0161kum\u0105, komfort\u0105 ir auk\u0161\u010diausios kokyb\u0117s i\u0161vaizd\u0105. Juodos, baltos ir pilkos spalvos derinys sukuria universal\u0173 dizain\u0105, tinkant\u012f miesto stiliui ir aktyviam poilsiui. Mink\u0161tas padas amortizuoja \u017eingsn\u012f ir palaiko p\u0117d\u0105 vis\u0105 dien\u0105. \u0160ie &#8222;Air Jordan&#8221; sportba\u010diai Idealiai tinka tiems, kurie vertina legendin\u012f prek\u0117s \u017eenkl\u0105, stili\u0173 ir komfort\u0105 kasdienin\u0117je kojin\u0117je.<\/p>\n","protected":false},"excerpt":{"rendered":"<p>&#8222;Air Jordan Retro1 Black White Grey&#8221; yra pagamintas i\u0161 auk\u0161tos kokyb\u0117s odos, kuri u\u017etikrina ilgaam\u017ei\u0161kum\u0105, komfort\u0105 ir auk\u0161\u010diausios kokyb\u0117s i\u0161vaizd\u0105. Juodos, baltos ir pilkos spalvos derinys sukuria universal\u0173 dizain\u0105, tinkant\u012f miesto stiliui ir aktyviam poilsiui. Mink\u0161tas padas amortizuoja \u017eingsn\u012f ir palaiko p\u0117d\u0105 vis\u0105 dien\u0105. \u0160ie &#8222;Air Jordan&#8221; sportba\u010diai Idealiai tinka tiems, kurie vertina legendin\u012f prek\u0117s \u017eenkl\u0105, stili\u0173 ir komfort\u0105 kasdienin\u0117je kojin\u0117je.<\/p>\n","protected":false},"featured_media":599160,"comment_status":"open","ping_status":"open","template":"","meta":[],"product_brand":[],"product_cat":[3388,3264,3323],"product_tag":[],"class_list":{"0":"post-599153","1":"product","2":"type-product","3":"status-publish","4":"has-post-thumbnail","6":"product_cat-nike-jordan","7":"product_cat-all-product","8":"product_cat-kedy","9":"pa_rozmir-910","10":"pa_rozmir-912","11":"pa_rozmir-914","12":"pa_rozmir-915","13":"pa_rozmir-916","14":"pa_rozmir-917","15":"pa_rozmir-918","16":"pa_rozmir-919","17":"pa_rozmir-920","18":"pa_rozmir-921","19":"pa_rozmir-922","21":"first","22":"onbackorder","23":"purchasable","24":"product-type-variable"},"_links":{"self":[{"href":"https:\/\/nextsnkr.com\/lt\/wp-json\/wp\/v2\/product\/599153","targetHints":{"allow":["GET"]}}],"collection":[{"href":"https:\/\/nextsnkr.com\/lt\/wp-json\/wp\/v2\/product"}],"about":[{"href":"https:\/\/nextsnkr.com\/lt\/wp-json\/wp\/v2\/types\/product"}],"replies":[{"embeddable":true,"href":"https:\/\/nextsnkr.com\/lt\/wp-json\/wp\/v2\/comments?post=599153"}],"version-history":[{"count":0,"href":"https:\/\/nextsnkr.com\/lt\/wp-json\/wp\/v2\/product\/599153\/revisions"}],"wp:featuredmedia":[{"embeddable":true,"href":"https:\/\/nextsnkr.com\/lt\/wp-json\/wp\/v2\/media\/599160"}],"wp:attachment":[{"href":"https:\/\/nextsnkr.com\/lt\/wp-json\/wp\/v2\/media?parent=599153"}],"wp:term":[{"taxonomy":"product_brand","embeddable":true,"href":"https:\/\/nextsnkr.com\/lt\/wp-json\/wp\/v2\/product_brand?post=599153"},{"taxonomy":"product_cat","embeddable":true,"href":"https:\/\/nextsnkr.com\/lt\/wp-json\/wp\/v2\/product_cat?post=599153"},{"taxonomy":"product_tag","embeddable":true,"href":"https:\/\/nextsnkr.com\/lt\/wp-json\/wp\/v2\/product_tag?post=599153"}],"curies":[{"name":"wp","href":"https:\/\/api.w.org\/{rel}","templated":true}]}}