{"id":598016,"date":"2025-06-17T21:00:52","date_gmt":"2025-06-17T18:00:52","guid":{"rendered":"https:\/\/nextsnkr.com\/product\/travis-scott-x-jordan-1-low-og-sp-reverse-olive-medium-olive\/"},"modified":"2026-02-01T19:14:41","modified_gmt":"2026-02-01T16:14:41","slug":"travis-scott-x-jordan-1-low-og-sp-reverse-olive-medium-olive","status":"publish","type":"product","link":"https:\/\/nextsnkr.com\/lt\/produktas\/travis-scott-x-jordan-1-low-og-sp-reverse-olive-medium-olive\/","title":{"rendered":"Travis Scott X Jordan 1 Low Re Reverselve \u2013 odiniai stilingi"},"content":{"rendered":"<h2>Travis Scott X Jordan 1 Low Re Reverselve \u2013 odiniai stilingi<\/h2>\n<p>Travis Scott X Jordan 1 Low Re Reverselve-i\u0161skirtiniai odiniai ir tekstiliniai sportba\u010diai kasdieniam d\u0117v\u0117jimui ir aktyviam stiliui. Modelis sujungia auk\u0161\u010diausios kokyb\u0117s med\u017eiagas, patog\u0173 sodinim\u0105 ir unikal\u0173 &#8222;Reverselve&#8221; dizain\u0105, kuris pabr\u0117\u017eia individualum\u0105 ir modern\u0173 stili\u0173. Pagaminta Vietname, sportba\u010diai turi tvirt\u0105 pad\u0105 ir u\u017etikrina ilgaam\u017ei\u0161kum\u0105, tod\u0117l jie yra idealus pasirinkimas legendinio prek\u0117s \u017eenklo &#8222;Jordan&#8221; \u017einovams ir bendradarbiavimui su &#8222;Travis Scott&#8221;.<\/p>\n","protected":false},"excerpt":{"rendered":"<p>Travis Scott X Jordan 1 Low Re Reverselve-i\u0161skirtiniai odiniai ir tekstiliniai sportba\u010diai kasdieniam d\u0117v\u0117jimui ir aktyviam stiliui. Modelis sujungia auk\u0161\u010diausios kokyb\u0117s med\u017eiagas, patog\u0173 sodinim\u0105 ir unikal\u0173 &#8222;Reverselve&#8221; dizain\u0105, kuris pabr\u0117\u017eia individualum\u0105 ir modern\u0173 stili\u0173. Pagaminta Vietname, sportba\u010diai turi tvirt\u0105 pad\u0105 ir u\u017etikrina ilgaam\u017ei\u0161kum\u0105, tod\u0117l jie yra idealus pasirinkimas legendinio prek\u0117s \u017eenklo &#8222;Jordan&#8221; \u017einovams ir bendradarbiavimui su &#8222;Travis Scott&#8221;.<\/p>\n","protected":false},"featured_media":598017,"comment_status":"open","ping_status":"open","template":"","meta":[],"product_brand":[],"product_cat":[3388,3264,3323],"product_tag":[],"class_list":{"0":"post-598016","1":"product","2":"type-product","3":"status-publish","4":"has-post-thumbnail","6":"product_cat-nike-jordan","7":"product_cat-all-product","8":"product_cat-kedy","9":"pa_rozmir-910","10":"pa_rozmir-912","11":"pa_rozmir-914","12":"pa_rozmir-915","13":"pa_rozmir-916","14":"pa_rozmir-917","15":"pa_rozmir-918","16":"pa_rozmir-919","17":"pa_rozmir-920","18":"pa_rozmir-921","19":"pa_rozmir-922","21":"first","22":"onbackorder","23":"purchasable","24":"product-type-variable"},"_links":{"self":[{"href":"https:\/\/nextsnkr.com\/lt\/wp-json\/wp\/v2\/product\/598016","targetHints":{"allow":["GET"]}}],"collection":[{"href":"https:\/\/nextsnkr.com\/lt\/wp-json\/wp\/v2\/product"}],"about":[{"href":"https:\/\/nextsnkr.com\/lt\/wp-json\/wp\/v2\/types\/product"}],"replies":[{"embeddable":true,"href":"https:\/\/nextsnkr.com\/lt\/wp-json\/wp\/v2\/comments?post=598016"}],"version-history":[{"count":0,"href":"https:\/\/nextsnkr.com\/lt\/wp-json\/wp\/v2\/product\/598016\/revisions"}],"wp:featuredmedia":[{"embeddable":true,"href":"https:\/\/nextsnkr.com\/lt\/wp-json\/wp\/v2\/media\/598017"}],"wp:attachment":[{"href":"https:\/\/nextsnkr.com\/lt\/wp-json\/wp\/v2\/media?parent=598016"}],"wp:term":[{"taxonomy":"product_brand","embeddable":true,"href":"https:\/\/nextsnkr.com\/lt\/wp-json\/wp\/v2\/product_brand?post=598016"},{"taxonomy":"product_cat","embeddable":true,"href":"https:\/\/nextsnkr.com\/lt\/wp-json\/wp\/v2\/product_cat?post=598016"},{"taxonomy":"product_tag","embeddable":true,"href":"https:\/\/nextsnkr.com\/lt\/wp-json\/wp\/v2\/product_tag?post=598016"}],"curies":[{"name":"wp","href":"https:\/\/api.w.org\/{rel}","templated":true}]}}