{"id":597506,"date":"2025-06-17T21:03:37","date_gmt":"2025-06-17T18:03:37","guid":{"rendered":"https:\/\/nextsnkr.com\/product\/adidas-yeezy-slide-earth-bone\/"},"modified":"2026-02-01T19:14:17","modified_gmt":"2026-02-01T16:14:17","slug":"adidas-yeezy-slide-earth-bone","status":"publish","type":"product","link":"https:\/\/nextsnkr.com\/lt\/produktas\/adidas-yeezy-slide-earth-bone\/","title":{"rendered":"\u0160lepet\u0117s Adidas Yeezy Slide Earth bone-patog\u016bs putojantys skal\u016bnai"},"content":{"rendered":"<h2>\u0160lepet\u0117s Adidas Yeezy Slide Earth bone-patog\u016bs putojantys skal\u016bnai<\/h2>\n<p>&#8222;Adidas Yeezy Slide Earth Bone&#8221; \u0161lepet\u0117s pagamintos i\u0161 lengv\u0173 ir mink\u0161t\u0173 put\u0173, kurios u\u017etikrina komfort\u0105, amortizacij\u0105 ir patogum\u0105 kasdien d\u0117vint. Nat\u016bralus sm\u0117lio spalvos atspalvis daro model\u012f universal\u0173 ir lengvai derinamas su bet kuriuo vasaros ar nam\u0173 b\u016bdu. Lengva konstrukcija ir anatomin\u0117 pado forma garantuoja p\u0117dos palaikym\u0105 ir komfort\u0105 vis\u0105 dien\u0105. Pasirinkite Adidas Yeezy Slide Earth bone stilingiems, prakti\u0161kiems ir patogiems batams.<\/p>\n","protected":false},"excerpt":{"rendered":"<p>&#8222;Adidas Yeezy Slide Earth Bone&#8221; \u0161lepet\u0117s pagamintos i\u0161 lengv\u0173 ir mink\u0161t\u0173 put\u0173, kurios u\u017etikrina komfort\u0105, amortizacij\u0105 ir patogum\u0105 kasdien d\u0117vint. Nat\u016bralus sm\u0117lio spalvos atspalvis daro model\u012f universal\u0173 ir lengvai derinamas su bet kuriuo vasaros ar nam\u0173 b\u016bdu. Lengva konstrukcija ir anatomin\u0117 pado forma garantuoja p\u0117dos palaikym\u0105 ir komfort\u0105 vis\u0105 dien\u0105. Pasirinkite Adidas Yeezy Slide Earth bone stilingiems, prakti\u0161kiems ir patogiems batams.<\/p>\n","protected":false},"featured_media":597507,"comment_status":"open","ping_status":"open","template":"","meta":[],"product_brand":[],"product_cat":[3401,3264,3425],"product_tag":[],"class_list":{"0":"post-597506","1":"product","2":"type-product","3":"status-publish","4":"has-post-thumbnail","6":"product_cat-adidas-yeezy","7":"product_cat-all-product","8":"product_cat-shlopantsi","9":"pa_rozmir-910","10":"pa_rozmir-912","11":"pa_rozmir-914","12":"pa_rozmir-915","13":"pa_rozmir-916","14":"pa_rozmir-917","15":"pa_rozmir-918","16":"pa_rozmir-919","17":"pa_rozmir-920","18":"pa_rozmir-921","19":"pa_rozmir-922","21":"first","22":"instock","23":"purchasable","24":"product-type-variable"},"_links":{"self":[{"href":"https:\/\/nextsnkr.com\/lt\/wp-json\/wp\/v2\/product\/597506","targetHints":{"allow":["GET"]}}],"collection":[{"href":"https:\/\/nextsnkr.com\/lt\/wp-json\/wp\/v2\/product"}],"about":[{"href":"https:\/\/nextsnkr.com\/lt\/wp-json\/wp\/v2\/types\/product"}],"replies":[{"embeddable":true,"href":"https:\/\/nextsnkr.com\/lt\/wp-json\/wp\/v2\/comments?post=597506"}],"version-history":[{"count":0,"href":"https:\/\/nextsnkr.com\/lt\/wp-json\/wp\/v2\/product\/597506\/revisions"}],"wp:featuredmedia":[{"embeddable":true,"href":"https:\/\/nextsnkr.com\/lt\/wp-json\/wp\/v2\/media\/597507"}],"wp:attachment":[{"href":"https:\/\/nextsnkr.com\/lt\/wp-json\/wp\/v2\/media?parent=597506"}],"wp:term":[{"taxonomy":"product_brand","embeddable":true,"href":"https:\/\/nextsnkr.com\/lt\/wp-json\/wp\/v2\/product_brand?post=597506"},{"taxonomy":"product_cat","embeddable":true,"href":"https:\/\/nextsnkr.com\/lt\/wp-json\/wp\/v2\/product_cat?post=597506"},{"taxonomy":"product_tag","embeddable":true,"href":"https:\/\/nextsnkr.com\/lt\/wp-json\/wp\/v2\/product_tag?post=597506"}],"curies":[{"name":"wp","href":"https:\/\/api.w.org\/{rel}","templated":true}]}}