{"id":596446,"date":"2025-06-23T08:12:33","date_gmt":"2025-06-23T05:12:33","guid":{"rendered":"https:\/\/nextsnkr.com\/product\/1906r-gold-black\/"},"modified":"2026-02-01T19:13:44","modified_gmt":"2026-02-01T16:13:44","slug":"1906r-gold-black","status":"publish","type":"product","link":"https:\/\/nextsnkr.com\/lt\/produktas\/1906r-gold-black\/","title":{"rendered":"Sportba\u010diai 1906r Gold \/ Black-stilingi tekstiliniai ir odiniai kasdieniam komfortui"},"content":{"rendered":"<h2>Sportba\u010diai 1906r Gold \/ Black-stilingi tekstiliniai ir odiniai kasdieniam komfortui<\/h2>\n<p>1906r Gold \/ Black sportba\u010diai-modern\u016bs sportba\u010diai vyrams ir moterims i\u0161 auk\u0161tos kokyb\u0117s tekstil\u0117s ir odos, kurie u\u017etikrina ilgaam\u017ei\u0161kum\u0105 ir komfort\u0105 d\u0117vint. Pagaminti Vietname, jie idealiai tinka kasdieniam naudojimui, pasivaik\u0161\u010diojimams ir aktyviam gyvenimo b\u016bdui. Lengvi, stilingi ir patvar\u016bs, \u0161ie 1906r sportba\u010diai prid\u0117s ry\u0161k\u0173 akcent\u0105 prie bet kokio \u012fvaizd\u017eio ir u\u017etikrins patogum\u0105 vis\u0105 dien\u0105.<\/p>\n","protected":false},"excerpt":{"rendered":"<p>1906r Gold \/ Black sportba\u010diai-modern\u016bs sportba\u010diai vyrams ir moterims i\u0161 auk\u0161tos kokyb\u0117s tekstil\u0117s ir odos, kurie u\u017etikrina ilgaam\u017ei\u0161kum\u0105 ir komfort\u0105 d\u0117vint. Pagaminti Vietname, jie idealiai tinka kasdieniam naudojimui, pasivaik\u0161\u010diojimams ir aktyviam gyvenimo b\u016bdui. Lengvi, stilingi ir patvar\u016bs, \u0161ie 1906r sportba\u010diai prid\u0117s ry\u0161k\u0173 akcent\u0105 prie bet kokio \u012fvaizd\u017eio ir u\u017etikrins patogum\u0105 vis\u0105 dien\u0105.<\/p>\n","protected":false},"featured_media":596447,"comment_status":"open","ping_status":"open","template":"","meta":[],"product_brand":[],"product_cat":[3264,3265],"product_tag":[],"class_list":{"0":"post-596446","1":"product","2":"type-product","3":"status-publish","4":"has-post-thumbnail","6":"product_cat-all-product","7":"product_cat-krosivky","8":"pa_rozmir-910","9":"pa_rozmir-912","10":"pa_rozmir-914","11":"pa_rozmir-915","12":"pa_rozmir-916","13":"pa_rozmir-917","14":"pa_rozmir-918","15":"pa_rozmir-919","16":"pa_rozmir-920","17":"pa_rozmir-921","18":"pa_rozmir-922","20":"first","21":"onbackorder","22":"purchasable","23":"product-type-variable"},"_links":{"self":[{"href":"https:\/\/nextsnkr.com\/lt\/wp-json\/wp\/v2\/product\/596446","targetHints":{"allow":["GET"]}}],"collection":[{"href":"https:\/\/nextsnkr.com\/lt\/wp-json\/wp\/v2\/product"}],"about":[{"href":"https:\/\/nextsnkr.com\/lt\/wp-json\/wp\/v2\/types\/product"}],"replies":[{"embeddable":true,"href":"https:\/\/nextsnkr.com\/lt\/wp-json\/wp\/v2\/comments?post=596446"}],"version-history":[{"count":0,"href":"https:\/\/nextsnkr.com\/lt\/wp-json\/wp\/v2\/product\/596446\/revisions"}],"wp:featuredmedia":[{"embeddable":true,"href":"https:\/\/nextsnkr.com\/lt\/wp-json\/wp\/v2\/media\/596447"}],"wp:attachment":[{"href":"https:\/\/nextsnkr.com\/lt\/wp-json\/wp\/v2\/media?parent=596446"}],"wp:term":[{"taxonomy":"product_brand","embeddable":true,"href":"https:\/\/nextsnkr.com\/lt\/wp-json\/wp\/v2\/product_brand?post=596446"},{"taxonomy":"product_cat","embeddable":true,"href":"https:\/\/nextsnkr.com\/lt\/wp-json\/wp\/v2\/product_cat?post=596446"},{"taxonomy":"product_tag","embeddable":true,"href":"https:\/\/nextsnkr.com\/lt\/wp-json\/wp\/v2\/product_tag?post=596446"}],"curies":[{"name":"wp","href":"https:\/\/api.w.org\/{rel}","templated":true}]}}