{"id":595745,"date":"2025-06-19T23:04:20","date_gmt":"2025-06-19T20:04:20","guid":{"rendered":"https:\/\/nextsnkr.com\/product\/9060-nori-green\/"},"modified":"2026-02-01T19:13:27","modified_gmt":"2026-02-01T16:13:27","slug":"9060-nori-green","status":"publish","type":"product","link":"https:\/\/nextsnkr.com\/lt\/produktas\/9060-nori-green\/","title":{"rendered":"9060 Nori Green sportba\u010diai i\u0161 zom\u0161os ir tekstil\u0117s, stilingi ir komforti\u0161ki"},"content":{"rendered":"<h2>9060 Nori Green sportba\u010diai i\u0161 zom\u0161os ir tekstil\u0117s, stilingi ir komforti\u0161ki<\/h2>\n<p>Stilingi 9060 &#8222;Nori Green&#8221; sportba\u010diai yra pagaminti i\u0161 auk\u0161tos kokyb\u0117s zom\u0161os ir tekstil\u0117s, kuri u\u017etikrina patogum\u0105 ir ilgaam\u017ei\u0161kum\u0105. Modelis idealiai tinka kasdieniam naudojimui, derinamas su \u012fvairiais vaizdais ir u\u017etikrina komfort\u0105 vis\u0105 dien\u0105. Pasirinkite \u0161iuos sportba\u010dius aktyviam ir stilingam gyvenimui, pabr\u0117\u017edami savo unikal\u0173 stili\u0173.<\/p>\n","protected":false},"excerpt":{"rendered":"<p>Stilingi 9060 &#8222;Nori Green&#8221; sportba\u010diai yra pagaminti i\u0161 auk\u0161tos kokyb\u0117s zom\u0161os ir tekstil\u0117s, kuri u\u017etikrina patogum\u0105 ir ilgaam\u017ei\u0161kum\u0105. Modelis idealiai tinka kasdieniam naudojimui, derinamas su \u012fvairiais vaizdais ir u\u017etikrina komfort\u0105 vis\u0105 dien\u0105. Pasirinkite \u0161iuos sportba\u010dius aktyviam ir stilingam gyvenimui, pabr\u0117\u017edami savo unikal\u0173 stili\u0173.<\/p>\n","protected":false},"featured_media":595746,"comment_status":"open","ping_status":"open","template":"","meta":[],"product_brand":[],"product_cat":[3264,3265],"product_tag":[],"class_list":{"0":"post-595745","1":"product","2":"type-product","3":"status-publish","4":"has-post-thumbnail","6":"product_cat-all-product","7":"product_cat-krosivky","8":"pa_rozmir-910","9":"pa_rozmir-912","10":"pa_rozmir-914","11":"pa_rozmir-915","12":"pa_rozmir-916","13":"pa_rozmir-917","14":"pa_rozmir-918","15":"pa_rozmir-919","16":"pa_rozmir-920","17":"pa_rozmir-921","18":"pa_rozmir-922","20":"first","21":"instock","22":"purchasable","23":"product-type-variable"},"_links":{"self":[{"href":"https:\/\/nextsnkr.com\/lt\/wp-json\/wp\/v2\/product\/595745","targetHints":{"allow":["GET"]}}],"collection":[{"href":"https:\/\/nextsnkr.com\/lt\/wp-json\/wp\/v2\/product"}],"about":[{"href":"https:\/\/nextsnkr.com\/lt\/wp-json\/wp\/v2\/types\/product"}],"replies":[{"embeddable":true,"href":"https:\/\/nextsnkr.com\/lt\/wp-json\/wp\/v2\/comments?post=595745"}],"version-history":[{"count":0,"href":"https:\/\/nextsnkr.com\/lt\/wp-json\/wp\/v2\/product\/595745\/revisions"}],"wp:featuredmedia":[{"embeddable":true,"href":"https:\/\/nextsnkr.com\/lt\/wp-json\/wp\/v2\/media\/595746"}],"wp:attachment":[{"href":"https:\/\/nextsnkr.com\/lt\/wp-json\/wp\/v2\/media?parent=595745"}],"wp:term":[{"taxonomy":"product_brand","embeddable":true,"href":"https:\/\/nextsnkr.com\/lt\/wp-json\/wp\/v2\/product_brand?post=595745"},{"taxonomy":"product_cat","embeddable":true,"href":"https:\/\/nextsnkr.com\/lt\/wp-json\/wp\/v2\/product_cat?post=595745"},{"taxonomy":"product_tag","embeddable":true,"href":"https:\/\/nextsnkr.com\/lt\/wp-json\/wp\/v2\/product_tag?post=595745"}],"curies":[{"name":"wp","href":"https:\/\/api.w.org\/{rel}","templated":true}]}}