{"id":595055,"date":"2025-06-23T08:52:50","date_gmt":"2025-06-23T05:52:50","guid":{"rendered":"https:\/\/nextsnkr.com\/product\/350\/"},"modified":"2026-02-01T19:13:09","modified_gmt":"2026-02-01T16:13:09","slug":"350","status":"publish","type":"product","link":"https:\/\/nextsnkr.com\/lt\/produktas\/350\/","title":{"rendered":"350 tekstiliniai sportba\u010diai kasdieniam komfortui ir stiliui"},"content":{"rendered":"<h2>350 tekstiliniai sportba\u010diai kasdieniam komfortui ir stiliui<\/h2>\n<p>350 sportba\u010diai pagaminti i\u0161 patvarios tekstil\u0117s, kuri u\u017etikrina lengvum\u0105, komfort\u0105 ir ger\u0105 koj\u0173 ventiliacij\u0105. \u0160iuolaikinis dizainas ir universali spalva daro juos idealiu pasirinkimu kasdieniam d\u0117v\u0117jimui, pasivaik\u0161\u010diojimams ir aktyviam gyvenimo b\u016bdui. \u0160ie sportba\u010diai derina stili\u0173 ir prakti\u0161kum\u0105, leid\u017eia pabr\u0117\u017eti individualum\u0105 ir jaustis pasitikintys bet kurioje situacijoje.<\/p>\n","protected":false},"excerpt":{"rendered":"<p>350 sportba\u010diai pagaminti i\u0161 patvarios tekstil\u0117s, kuri u\u017etikrina lengvum\u0105, komfort\u0105 ir ger\u0105 koj\u0173 ventiliacij\u0105. \u0160iuolaikinis dizainas ir universali spalva daro juos idealiu pasirinkimu kasdieniam d\u0117v\u0117jimui, pasivaik\u0161\u010diojimams ir aktyviam gyvenimo b\u016bdui. \u0160ie sportba\u010diai derina stili\u0173 ir prakti\u0161kum\u0105, leid\u017eia pabr\u0117\u017eti individualum\u0105 ir jaustis pasitikintys bet kurioje situacijoje.<\/p>\n","protected":false},"featured_media":595056,"comment_status":"open","ping_status":"open","template":"","meta":[],"product_brand":[],"product_cat":[3264,3265],"product_tag":[],"class_list":{"0":"post-595055","1":"product","2":"type-product","3":"status-publish","4":"has-post-thumbnail","6":"product_cat-all-product","7":"product_cat-krosivky","8":"pa_rozmir-910","9":"pa_rozmir-912","10":"pa_rozmir-914","11":"pa_rozmir-915","12":"pa_rozmir-916","13":"pa_rozmir-917","14":"pa_rozmir-918","15":"pa_rozmir-919","16":"pa_rozmir-920","17":"pa_rozmir-921","18":"pa_rozmir-922","20":"first","21":"instock","22":"purchasable","23":"product-type-variable"},"_links":{"self":[{"href":"https:\/\/nextsnkr.com\/lt\/wp-json\/wp\/v2\/product\/595055","targetHints":{"allow":["GET"]}}],"collection":[{"href":"https:\/\/nextsnkr.com\/lt\/wp-json\/wp\/v2\/product"}],"about":[{"href":"https:\/\/nextsnkr.com\/lt\/wp-json\/wp\/v2\/types\/product"}],"replies":[{"embeddable":true,"href":"https:\/\/nextsnkr.com\/lt\/wp-json\/wp\/v2\/comments?post=595055"}],"version-history":[{"count":0,"href":"https:\/\/nextsnkr.com\/lt\/wp-json\/wp\/v2\/product\/595055\/revisions"}],"wp:featuredmedia":[{"embeddable":true,"href":"https:\/\/nextsnkr.com\/lt\/wp-json\/wp\/v2\/media\/595056"}],"wp:attachment":[{"href":"https:\/\/nextsnkr.com\/lt\/wp-json\/wp\/v2\/media?parent=595055"}],"wp:term":[{"taxonomy":"product_brand","embeddable":true,"href":"https:\/\/nextsnkr.com\/lt\/wp-json\/wp\/v2\/product_brand?post=595055"},{"taxonomy":"product_cat","embeddable":true,"href":"https:\/\/nextsnkr.com\/lt\/wp-json\/wp\/v2\/product_cat?post=595055"},{"taxonomy":"product_tag","embeddable":true,"href":"https:\/\/nextsnkr.com\/lt\/wp-json\/wp\/v2\/product_tag?post=595055"}],"curies":[{"name":"wp","href":"https:\/\/api.w.org\/{rel}","templated":true}]}}