{"id":593858,"date":"2025-06-19T22:30:39","date_gmt":"2025-06-19T19:30:39","guid":{"rendered":"https:\/\/nextsnkr.com\/product\/lv-trainer-black-white\/"},"modified":"2026-02-01T19:12:26","modified_gmt":"2026-02-01T16:12:26","slug":"lv-trainer-black-white","status":"publish","type":"product","link":"https:\/\/nextsnkr.com\/lt\/produktas\/lv-trainer-black-white\/","title":{"rendered":"LV Trainer Black \/ White odiniai zom\u0161iniai stilingam \u012fvaizd\u017eiui"},"content":{"rendered":"<h2>LV Trainer Black \/ White odiniai zom\u0161iniai stilingam \u012fvaizd\u017eiui<\/h2>\n<p>Stilingi LV Trainer sportba\u010diai juodos ir baltos spalvos yra pagaminti i\u0161 auk\u0161tos kokyb\u0117s odos ir zom\u0161os. Jie u\u017etikrina patog\u0173 sodinim\u0105, stiprum\u0105 ir ilgaam\u017ei\u0161kum\u0105, tinka kasdieniniam d\u0117v\u0117jimui ir aktyviam poilsiui. \u0160ie LV odos zom\u0161iniai k\u0117d\u0117s sujungia auk\u0161\u010diausios kokyb\u0117s dizain\u0105, prek\u0117s \u017eenklo kokyb\u0119 ir modern\u0173 stili\u0173, pridedant elegancijos ir dinami\u0161kumo j\u016bs\u0173 \u012fvaizd\u017eiui.<\/p>\n","protected":false},"excerpt":{"rendered":"<p>Stilingi LV Trainer sportba\u010diai juodos ir baltos spalvos yra pagaminti i\u0161 auk\u0161tos kokyb\u0117s odos ir zom\u0161os. Jie u\u017etikrina patog\u0173 sodinim\u0105, stiprum\u0105 ir ilgaam\u017ei\u0161kum\u0105, tinka kasdieniniam d\u0117v\u0117jimui ir aktyviam poilsiui. \u0160ie LV odos zom\u0161iniai k\u0117d\u0117s sujungia auk\u0161\u010diausios kokyb\u0117s dizain\u0105, prek\u0117s \u017eenklo kokyb\u0119 ir modern\u0173 stili\u0173, pridedant elegancijos ir dinami\u0161kumo j\u016bs\u0173 \u012fvaizd\u017eiui.<\/p>\n","protected":false},"featured_media":593859,"comment_status":"open","ping_status":"open","template":"","meta":[],"product_brand":[],"product_cat":[3264,3323],"product_tag":[],"class_list":{"0":"post-593858","1":"product","2":"type-product","3":"status-publish","4":"has-post-thumbnail","6":"product_cat-all-product","7":"product_cat-kedy","8":"pa_rozmir-910","9":"pa_rozmir-912","10":"pa_rozmir-914","11":"pa_rozmir-915","12":"pa_rozmir-916","13":"pa_rozmir-917","14":"pa_rozmir-918","15":"pa_rozmir-919","16":"pa_rozmir-920","17":"pa_rozmir-921","18":"pa_rozmir-922","20":"first","21":"instock","22":"purchasable","23":"product-type-variable"},"_links":{"self":[{"href":"https:\/\/nextsnkr.com\/lt\/wp-json\/wp\/v2\/product\/593858","targetHints":{"allow":["GET"]}}],"collection":[{"href":"https:\/\/nextsnkr.com\/lt\/wp-json\/wp\/v2\/product"}],"about":[{"href":"https:\/\/nextsnkr.com\/lt\/wp-json\/wp\/v2\/types\/product"}],"replies":[{"embeddable":true,"href":"https:\/\/nextsnkr.com\/lt\/wp-json\/wp\/v2\/comments?post=593858"}],"version-history":[{"count":0,"href":"https:\/\/nextsnkr.com\/lt\/wp-json\/wp\/v2\/product\/593858\/revisions"}],"wp:featuredmedia":[{"embeddable":true,"href":"https:\/\/nextsnkr.com\/lt\/wp-json\/wp\/v2\/media\/593859"}],"wp:attachment":[{"href":"https:\/\/nextsnkr.com\/lt\/wp-json\/wp\/v2\/media?parent=593858"}],"wp:term":[{"taxonomy":"product_brand","embeddable":true,"href":"https:\/\/nextsnkr.com\/lt\/wp-json\/wp\/v2\/product_brand?post=593858"},{"taxonomy":"product_cat","embeddable":true,"href":"https:\/\/nextsnkr.com\/lt\/wp-json\/wp\/v2\/product_cat?post=593858"},{"taxonomy":"product_tag","embeddable":true,"href":"https:\/\/nextsnkr.com\/lt\/wp-json\/wp\/v2\/product_tag?post=593858"}],"curies":[{"name":"wp","href":"https:\/\/api.w.org\/{rel}","templated":true}]}}