{"id":593688,"date":"2025-06-19T22:31:32","date_gmt":"2025-06-19T19:31:32","guid":{"rendered":"https:\/\/nextsnkr.com\/product\/lv-trainer-white-blue\/"},"modified":"2026-02-01T19:12:22","modified_gmt":"2026-02-01T16:12:22","slug":"lv-trainer-white-blue","status":"publish","type":"product","link":"https:\/\/nextsnkr.com\/lt\/produktas\/lv-trainer-white-blue\/","title":{"rendered":"LV Trainer white \/ blue auk\u0161\u010diausios kokyb\u0117s oda"},"content":{"rendered":"<h2>LV Trainer white \/ blue auk\u0161\u010diausios kokyb\u0117s oda<\/h2>\n<p>Stilingi LV Trainer White \/ Blue sportba\u010diai pagaminti i\u0161 auk\u0161tos kokyb\u0117s odos, kuri u\u017etikrina ilgaam\u017ei\u0161kum\u0105 ir komfort\u0105 d\u0117vint. Modelis idealiai tinka kasdieniam naudojimui ir aktyviam gyvenimo b\u016bdui, derinant eleganti\u0161k\u0105 dizain\u0105 ir patogum\u0105. Pasirinkite LV Trainer u\u017e ry\u0161k\u0173 vaizd\u0105 ir kiekvieno \u017eingsnio patikimum\u0105.<\/p>\n","protected":false},"excerpt":{"rendered":"<p>Stilingi LV Trainer White \/ Blue sportba\u010diai pagaminti i\u0161 auk\u0161tos kokyb\u0117s odos, kuri u\u017etikrina ilgaam\u017ei\u0161kum\u0105 ir komfort\u0105 d\u0117vint. Modelis idealiai tinka kasdieniam naudojimui ir aktyviam gyvenimo b\u016bdui, derinant eleganti\u0161k\u0105 dizain\u0105 ir patogum\u0105. Pasirinkite LV Trainer u\u017e ry\u0161k\u0173 vaizd\u0105 ir kiekvieno \u017eingsnio patikimum\u0105.<\/p>\n","protected":false},"featured_media":593689,"comment_status":"open","ping_status":"open","template":"","meta":[],"product_brand":[],"product_cat":[3264,3323],"product_tag":[],"class_list":{"0":"post-593688","1":"product","2":"type-product","3":"status-publish","4":"has-post-thumbnail","6":"product_cat-all-product","7":"product_cat-kedy","8":"pa_rozmir-910","9":"pa_rozmir-912","10":"pa_rozmir-914","11":"pa_rozmir-915","12":"pa_rozmir-916","13":"pa_rozmir-917","14":"pa_rozmir-918","15":"pa_rozmir-919","16":"pa_rozmir-920","17":"pa_rozmir-921","18":"pa_rozmir-922","20":"first","21":"onbackorder","22":"purchasable","23":"product-type-variable"},"_links":{"self":[{"href":"https:\/\/nextsnkr.com\/lt\/wp-json\/wp\/v2\/product\/593688","targetHints":{"allow":["GET"]}}],"collection":[{"href":"https:\/\/nextsnkr.com\/lt\/wp-json\/wp\/v2\/product"}],"about":[{"href":"https:\/\/nextsnkr.com\/lt\/wp-json\/wp\/v2\/types\/product"}],"replies":[{"embeddable":true,"href":"https:\/\/nextsnkr.com\/lt\/wp-json\/wp\/v2\/comments?post=593688"}],"version-history":[{"count":0,"href":"https:\/\/nextsnkr.com\/lt\/wp-json\/wp\/v2\/product\/593688\/revisions"}],"wp:featuredmedia":[{"embeddable":true,"href":"https:\/\/nextsnkr.com\/lt\/wp-json\/wp\/v2\/media\/593689"}],"wp:attachment":[{"href":"https:\/\/nextsnkr.com\/lt\/wp-json\/wp\/v2\/media?parent=593688"}],"wp:term":[{"taxonomy":"product_brand","embeddable":true,"href":"https:\/\/nextsnkr.com\/lt\/wp-json\/wp\/v2\/product_brand?post=593688"},{"taxonomy":"product_cat","embeddable":true,"href":"https:\/\/nextsnkr.com\/lt\/wp-json\/wp\/v2\/product_cat?post=593688"},{"taxonomy":"product_tag","embeddable":true,"href":"https:\/\/nextsnkr.com\/lt\/wp-json\/wp\/v2\/product_tag?post=593688"}],"curies":[{"name":"wp","href":"https:\/\/api.w.org\/{rel}","templated":true}]}}