{"id":593335,"date":"2025-06-19T22:33:13","date_gmt":"2025-06-19T19:33:13","guid":{"rendered":"https:\/\/nextsnkr.com\/product\/lv-trainet-black-white\/"},"modified":"2026-02-01T19:12:12","modified_gmt":"2026-02-01T16:12:12","slug":"lv-trainet-black-white","status":"publish","type":"product","link":"https:\/\/nextsnkr.com\/lt\/produktas\/lv-trainet-black-white\/","title":{"rendered":"Sportiniai bateliai Louis Vuitton Trainet Black \/ White-oda, Stilius ir komfortas"},"content":{"rendered":"<h2>Sportiniai bateliai Louis Vuitton Trainet Black \/ White-oda, Stilius ir komfortas<\/h2>\n<p>LV Trainet Black \/ White &#8211; auk\u0161\u010diausios kokyb\u0117s sportba\u010diai i\u0161 Louis Vuitton, pagaminti i\u0161 auk\u0161tos kokyb\u0117s odos maksimaliam komfortui ir ilgaam\u017ei\u0161kumui. Eleganti\u0161kas juodas ir baltas dizainas pabr\u0117\u017eia stiling\u0105 \u012fvaizd\u012f ir tinka bet kokiai drabu\u017ei\u0173 spinta. Lengvas padas u\u017etikrina patogum\u0105 ilg\u0173 pasivaik\u0161\u010diojim\u0173 ir kasdieni\u0173 kojini\u0173 metu. Idealus pasirinkimas tiems, kurie vertina bat\u0173 kokyb\u0117s, mados ir prakti\u0161kumo derin\u012f.<\/p>\n","protected":false},"excerpt":{"rendered":"<p>LV Trainet Black \/ White &#8211; auk\u0161\u010diausios kokyb\u0117s sportba\u010diai i\u0161 Louis Vuitton, pagaminti i\u0161 auk\u0161tos kokyb\u0117s odos maksimaliam komfortui ir ilgaam\u017ei\u0161kumui. Eleganti\u0161kas juodas ir baltas dizainas pabr\u0117\u017eia stiling\u0105 \u012fvaizd\u012f ir tinka bet kokiai drabu\u017ei\u0173 spinta. Lengvas padas u\u017etikrina patogum\u0105 ilg\u0173 pasivaik\u0161\u010diojim\u0173 ir kasdieni\u0173 kojini\u0173 metu. Idealus pasirinkimas tiems, kurie vertina bat\u0173 kokyb\u0117s, mados ir prakti\u0161kumo derin\u012f.<\/p>\n","protected":false},"featured_media":593336,"comment_status":"open","ping_status":"open","template":"","meta":[],"product_brand":[],"product_cat":[3264,3265],"product_tag":[],"class_list":{"0":"post-593335","1":"product","2":"type-product","3":"status-publish","4":"has-post-thumbnail","6":"product_cat-all-product","7":"product_cat-krosivky","8":"pa_rozmir-910","9":"pa_rozmir-912","10":"pa_rozmir-914","11":"pa_rozmir-915","12":"pa_rozmir-916","13":"pa_rozmir-917","14":"pa_rozmir-918","15":"pa_rozmir-919","16":"pa_rozmir-920","17":"pa_rozmir-921","18":"pa_rozmir-922","20":"first","21":"onbackorder","22":"purchasable","23":"product-type-variable"},"_links":{"self":[{"href":"https:\/\/nextsnkr.com\/lt\/wp-json\/wp\/v2\/product\/593335","targetHints":{"allow":["GET"]}}],"collection":[{"href":"https:\/\/nextsnkr.com\/lt\/wp-json\/wp\/v2\/product"}],"about":[{"href":"https:\/\/nextsnkr.com\/lt\/wp-json\/wp\/v2\/types\/product"}],"replies":[{"embeddable":true,"href":"https:\/\/nextsnkr.com\/lt\/wp-json\/wp\/v2\/comments?post=593335"}],"version-history":[{"count":0,"href":"https:\/\/nextsnkr.com\/lt\/wp-json\/wp\/v2\/product\/593335\/revisions"}],"wp:featuredmedia":[{"embeddable":true,"href":"https:\/\/nextsnkr.com\/lt\/wp-json\/wp\/v2\/media\/593336"}],"wp:attachment":[{"href":"https:\/\/nextsnkr.com\/lt\/wp-json\/wp\/v2\/media?parent=593335"}],"wp:term":[{"taxonomy":"product_brand","embeddable":true,"href":"https:\/\/nextsnkr.com\/lt\/wp-json\/wp\/v2\/product_brand?post=593335"},{"taxonomy":"product_cat","embeddable":true,"href":"https:\/\/nextsnkr.com\/lt\/wp-json\/wp\/v2\/product_cat?post=593335"},{"taxonomy":"product_tag","embeddable":true,"href":"https:\/\/nextsnkr.com\/lt\/wp-json\/wp\/v2\/product_tag?post=593335"}],"curies":[{"name":"wp","href":"https:\/\/api.w.org\/{rel}","templated":true}]}}