{"id":592825,"date":"2025-06-19T22:35:45","date_gmt":"2025-06-19T19:35:45","guid":{"rendered":"https:\/\/nextsnkr.com\/product\/bv-black-beige-premium\/"},"modified":"2026-02-01T19:11:58","modified_gmt":"2026-02-01T16:11:58","slug":"bv-black-beige-premium","status":"publish","type":"product","link":"https:\/\/nextsnkr.com\/lt\/produktas\/bv-black-beige-premium\/","title":{"rendered":"BV Black \/ Beige Premium &#8211; stilingi odiniai batai komfortui ir kasdienybei"},"content":{"rendered":"<h2>BV Black \/ Beige Premium &#8211; stilingi odiniai batai komfortui ir kasdienybei<\/h2>\n<p>BV Black \/ Beige Premium Batai-eleganti\u0161kas juodos ir sm\u0117lio spalv\u0173 derinys auk\u0161tos kokyb\u0117s BV odiniuose batuose. Pagaminti i\u0161 nat\u016bralios odos, jie u\u017etikrina ilgaam\u017ei\u0161kum\u0105, komfort\u0105 ir patikimum\u0105 bet kokiu oru. Idealiai tinka kasdieniam d\u0117v\u0117jimui ir stilingiems miesto vaizdams. \u012esigydami \u0161iuos BV batus, gausite auk\u0161\u010diausios kokyb\u0117s, modernaus dizaino ir patogumo derin\u012f.<\/p>\n","protected":false},"excerpt":{"rendered":"<p>BV Black \/ Beige Premium Batai-eleganti\u0161kas juodos ir sm\u0117lio spalv\u0173 derinys auk\u0161tos kokyb\u0117s BV odiniuose batuose. Pagaminti i\u0161 nat\u016bralios odos, jie u\u017etikrina ilgaam\u017ei\u0161kum\u0105, komfort\u0105 ir patikimum\u0105 bet kokiu oru. Idealiai tinka kasdieniam d\u0117v\u0117jimui ir stilingiems miesto vaizdams. \u012esigydami \u0161iuos BV batus, gausite auk\u0161\u010diausios kokyb\u0117s, modernaus dizaino ir patogumo derin\u012f.<\/p>\n","protected":false},"featured_media":592826,"comment_status":"open","ping_status":"open","template":"","meta":[],"product_brand":[],"product_cat":[3264,3336],"product_tag":[],"class_list":{"0":"post-592825","1":"product","2":"type-product","3":"status-publish","4":"has-post-thumbnail","6":"product_cat-all-product","7":"product_cat-cherevyky","8":"pa_rozmir-910","9":"pa_rozmir-912","10":"pa_rozmir-914","11":"pa_rozmir-915","12":"pa_rozmir-916","13":"pa_rozmir-917","14":"pa_rozmir-918","15":"pa_rozmir-919","16":"pa_rozmir-920","17":"pa_rozmir-921","18":"pa_rozmir-922","20":"first","21":"instock","22":"purchasable","23":"product-type-variable"},"_links":{"self":[{"href":"https:\/\/nextsnkr.com\/lt\/wp-json\/wp\/v2\/product\/592825","targetHints":{"allow":["GET"]}}],"collection":[{"href":"https:\/\/nextsnkr.com\/lt\/wp-json\/wp\/v2\/product"}],"about":[{"href":"https:\/\/nextsnkr.com\/lt\/wp-json\/wp\/v2\/types\/product"}],"replies":[{"embeddable":true,"href":"https:\/\/nextsnkr.com\/lt\/wp-json\/wp\/v2\/comments?post=592825"}],"version-history":[{"count":0,"href":"https:\/\/nextsnkr.com\/lt\/wp-json\/wp\/v2\/product\/592825\/revisions"}],"wp:featuredmedia":[{"embeddable":true,"href":"https:\/\/nextsnkr.com\/lt\/wp-json\/wp\/v2\/media\/592826"}],"wp:attachment":[{"href":"https:\/\/nextsnkr.com\/lt\/wp-json\/wp\/v2\/media?parent=592825"}],"wp:term":[{"taxonomy":"product_brand","embeddable":true,"href":"https:\/\/nextsnkr.com\/lt\/wp-json\/wp\/v2\/product_brand?post=592825"},{"taxonomy":"product_cat","embeddable":true,"href":"https:\/\/nextsnkr.com\/lt\/wp-json\/wp\/v2\/product_cat?post=592825"},{"taxonomy":"product_tag","embeddable":true,"href":"https:\/\/nextsnkr.com\/lt\/wp-json\/wp\/v2\/product_tag?post=592825"}],"curies":[{"name":"wp","href":"https:\/\/api.w.org\/{rel}","templated":true}]}}