{"id":592655,"date":"2025-06-19T22:36:35","date_gmt":"2025-06-19T19:36:35","guid":{"rendered":"https:\/\/nextsnkr.com\/product\/bv-low-black-premium\/"},"modified":"2026-02-01T19:11:54","modified_gmt":"2026-02-01T16:11:54","slug":"bv-low-black-premium","status":"publish","type":"product","link":"https:\/\/nextsnkr.com\/lt\/produktas\/bv-low-black-premium\/","title":{"rendered":"BV LOW Black Premium batai i\u0161 nat\u016bralios odos-stilius ir patikimumas"},"content":{"rendered":"<h2>BV LOW Black Premium batai i\u0161 nat\u016bralios odos-stilius ir patikimumas<\/h2>\n<p>&#8222;BV LOW BLACK Premium&#8221; batai yra pagaminti i\u0161 auk\u0161tos kokyb\u0117s nat\u016bralios odos, kuri u\u017etikrina ilgaam\u017ei\u0161kum\u0105 ir komfort\u0105 d\u0117vint. BV prek\u0117s \u017eenklo modelis tinka kasdieniam naudojimui ir stilingo \u012fvaizd\u017eio k\u016brimui. \u041a\u0430\u0436\u0434\u043e\u043conomi\u0161kas padas ir apgalvotas dizainas u\u017etikrina patogum\u0105 kiekviename \u017eingsnyje, o klasikin\u0117 juoda spalva lengvai derinama su bet kokiais drabu\u017eiais. Pasirinkite \u0161iuos batus, kad viename gaminyje derintum\u0117te elegancij\u0105 ir prakti\u0161kum\u0105.<\/p>\n","protected":false},"excerpt":{"rendered":"<p>&#8222;BV LOW BLACK Premium&#8221; batai yra pagaminti i\u0161 auk\u0161tos kokyb\u0117s nat\u016bralios odos, kuri u\u017etikrina ilgaam\u017ei\u0161kum\u0105 ir komfort\u0105 d\u0117vint. BV prek\u0117s \u017eenklo modelis tinka kasdieniam naudojimui ir stilingo \u012fvaizd\u017eio k\u016brimui. \u041a\u0430\u0436\u0434\u043e\u043conomi\u0161kas padas ir apgalvotas dizainas u\u017etikrina patogum\u0105 kiekviename \u017eingsnyje, o klasikin\u0117 juoda spalva lengvai derinama su bet kokiais drabu\u017eiais. Pasirinkite \u0161iuos batus, kad viename gaminyje derintum\u0117te elegancij\u0105 ir prakti\u0161kum\u0105.<\/p>\n","protected":false},"featured_media":592656,"comment_status":"open","ping_status":"open","template":"","meta":[],"product_brand":[],"product_cat":[3264,3336],"product_tag":[],"class_list":{"0":"post-592655","1":"product","2":"type-product","3":"status-publish","4":"has-post-thumbnail","6":"product_cat-all-product","7":"product_cat-cherevyky","8":"pa_rozmir-910","9":"pa_rozmir-912","10":"pa_rozmir-914","11":"pa_rozmir-915","12":"pa_rozmir-916","13":"pa_rozmir-917","14":"pa_rozmir-918","15":"pa_rozmir-919","16":"pa_rozmir-920","17":"pa_rozmir-921","18":"pa_rozmir-922","20":"first","21":"onbackorder","22":"purchasable","23":"product-type-variable"},"_links":{"self":[{"href":"https:\/\/nextsnkr.com\/lt\/wp-json\/wp\/v2\/product\/592655","targetHints":{"allow":["GET"]}}],"collection":[{"href":"https:\/\/nextsnkr.com\/lt\/wp-json\/wp\/v2\/product"}],"about":[{"href":"https:\/\/nextsnkr.com\/lt\/wp-json\/wp\/v2\/types\/product"}],"replies":[{"embeddable":true,"href":"https:\/\/nextsnkr.com\/lt\/wp-json\/wp\/v2\/comments?post=592655"}],"version-history":[{"count":0,"href":"https:\/\/nextsnkr.com\/lt\/wp-json\/wp\/v2\/product\/592655\/revisions"}],"wp:featuredmedia":[{"embeddable":true,"href":"https:\/\/nextsnkr.com\/lt\/wp-json\/wp\/v2\/media\/592656"}],"wp:attachment":[{"href":"https:\/\/nextsnkr.com\/lt\/wp-json\/wp\/v2\/media?parent=592655"}],"wp:term":[{"taxonomy":"product_brand","embeddable":true,"href":"https:\/\/nextsnkr.com\/lt\/wp-json\/wp\/v2\/product_brand?post=592655"},{"taxonomy":"product_cat","embeddable":true,"href":"https:\/\/nextsnkr.com\/lt\/wp-json\/wp\/v2\/product_cat?post=592655"},{"taxonomy":"product_tag","embeddable":true,"href":"https:\/\/nextsnkr.com\/lt\/wp-json\/wp\/v2\/product_tag?post=592655"}],"curies":[{"name":"wp","href":"https:\/\/api.w.org\/{rel}","templated":true}]}}