{"id":592315,"date":"2025-06-19T22:38:18","date_gmt":"2025-06-19T19:38:18","guid":{"rendered":"https:\/\/nextsnkr.com\/product\/bv-black-green-premium\/"},"modified":"2026-02-01T19:11:44","modified_gmt":"2026-02-01T16:11:44","slug":"bv-black-green-premium","status":"publish","type":"product","link":"https:\/\/nextsnkr.com\/lt\/produktas\/bv-black-green-premium\/","title":{"rendered":"BV Black \/ Green Premium batai-odiniai batai komfortui ir stiliui"},"content":{"rendered":"<h2>BV Black \/ Green Premium batai-odiniai batai komfortui ir stiliui<\/h2>\n<p>&#8222;BV Black \/ Green Premium&#8221; stilingi batai yra pagaminti i\u0161 auk\u0161tos kokyb\u0117s odos, kuri u\u017etikrina ilgaam\u017ei\u0161kum\u0105 ir komfort\u0105 d\u0117vint. Idealiai tinka kasdieniam naudojimui ir \u0161altu oru, derinant modern\u0173 dizain\u0105 ir patikimum\u0105. \u0160ie BV odos batai pabr\u0117\u017eia j\u016bs\u0173 stili\u0173 ir garantuoja \u0161ilum\u0105 ir patogum\u0105 bet kokiomis s\u0105lygomis.<\/p>\n","protected":false},"excerpt":{"rendered":"<p>&#8222;BV Black \/ Green Premium&#8221; stilingi batai yra pagaminti i\u0161 auk\u0161tos kokyb\u0117s odos, kuri u\u017etikrina ilgaam\u017ei\u0161kum\u0105 ir komfort\u0105 d\u0117vint. Idealiai tinka kasdieniam naudojimui ir \u0161altu oru, derinant modern\u0173 dizain\u0105 ir patikimum\u0105. \u0160ie BV odos batai pabr\u0117\u017eia j\u016bs\u0173 stili\u0173 ir garantuoja \u0161ilum\u0105 ir patogum\u0105 bet kokiomis s\u0105lygomis.<\/p>\n","protected":false},"featured_media":592316,"comment_status":"open","ping_status":"open","template":"","meta":[],"product_brand":[],"product_cat":[3264,3336],"product_tag":[],"class_list":{"0":"post-592315","1":"product","2":"type-product","3":"status-publish","4":"has-post-thumbnail","6":"product_cat-all-product","7":"product_cat-cherevyky","8":"pa_rozmir-910","9":"pa_rozmir-912","10":"pa_rozmir-914","11":"pa_rozmir-915","12":"pa_rozmir-916","13":"pa_rozmir-917","14":"pa_rozmir-918","15":"pa_rozmir-919","16":"pa_rozmir-920","17":"pa_rozmir-921","18":"pa_rozmir-922","20":"first","21":"onbackorder","22":"purchasable","23":"product-type-variable"},"_links":{"self":[{"href":"https:\/\/nextsnkr.com\/lt\/wp-json\/wp\/v2\/product\/592315","targetHints":{"allow":["GET"]}}],"collection":[{"href":"https:\/\/nextsnkr.com\/lt\/wp-json\/wp\/v2\/product"}],"about":[{"href":"https:\/\/nextsnkr.com\/lt\/wp-json\/wp\/v2\/types\/product"}],"replies":[{"embeddable":true,"href":"https:\/\/nextsnkr.com\/lt\/wp-json\/wp\/v2\/comments?post=592315"}],"version-history":[{"count":0,"href":"https:\/\/nextsnkr.com\/lt\/wp-json\/wp\/v2\/product\/592315\/revisions"}],"wp:featuredmedia":[{"embeddable":true,"href":"https:\/\/nextsnkr.com\/lt\/wp-json\/wp\/v2\/media\/592316"}],"wp:attachment":[{"href":"https:\/\/nextsnkr.com\/lt\/wp-json\/wp\/v2\/media?parent=592315"}],"wp:term":[{"taxonomy":"product_brand","embeddable":true,"href":"https:\/\/nextsnkr.com\/lt\/wp-json\/wp\/v2\/product_brand?post=592315"},{"taxonomy":"product_cat","embeddable":true,"href":"https:\/\/nextsnkr.com\/lt\/wp-json\/wp\/v2\/product_cat?post=592315"},{"taxonomy":"product_tag","embeddable":true,"href":"https:\/\/nextsnkr.com\/lt\/wp-json\/wp\/v2\/product_tag?post=592315"}],"curies":[{"name":"wp","href":"https:\/\/api.w.org\/{rel}","templated":true}]}}