{"id":590955,"date":"2025-06-19T22:47:01","date_gmt":"2025-06-19T19:47:01","guid":{"rendered":"https:\/\/nextsnkr.com\/product\/air-jordan-4-white-gray\/"},"modified":"2026-02-01T19:11:09","modified_gmt":"2026-02-01T16:11:09","slug":"air-jordan-4-white-gray","status":"publish","type":"product","link":"https:\/\/nextsnkr.com\/lt\/produktas\/air-jordan-4-white-gray\/","title":{"rendered":"Sportiniai bateliai Air Jordan 4 White \/ Gray i\u0161 nat\u016bralios odos sportui ir stiliui"},"content":{"rendered":"<h2>Sportiniai bateliai Air Jordan 4 White \/ Gray i\u0161 nat\u016bralios odos sportui ir stiliui<\/h2>\n<p>Stilingi &#8222;Air Jordan 4 White\/Gray&#8221; sportba\u010diai yra pagaminti i\u0161 auk\u0161tos kokyb\u0117s odos, kuri u\u017etikrina komfort\u0105 ir ilgaam\u017ei\u0161kum\u0105. Idealiai tinka aktyviam gyvenimui ir kasdieniam d\u0117v\u0117jimui, jie sujungia sportin\u012f dizain\u0105 ir modern\u0173 stili\u0173. Lengvi ir patog\u016bs, \u0161ie &#8222;Air Jordan&#8221; sportba\u010diai suteikia stabilumo kiekviename \u017eingsnyje. Pasirinkite savo \u012fvaizd\u017eio patikimum\u0105 ir elegancij\u0105 kiekvien\u0105 dien\u0105.<\/p>\n","protected":false},"excerpt":{"rendered":"<p>Stilingi &#8222;Air Jordan 4 White\/Gray&#8221; sportba\u010diai yra pagaminti i\u0161 auk\u0161tos kokyb\u0117s odos, kuri u\u017etikrina komfort\u0105 ir ilgaam\u017ei\u0161kum\u0105. Idealiai tinka aktyviam gyvenimui ir kasdieniam d\u0117v\u0117jimui, jie sujungia sportin\u012f dizain\u0105 ir modern\u0173 stili\u0173. Lengvi ir patog\u016bs, \u0161ie &#8222;Air Jordan&#8221; sportba\u010diai suteikia stabilumo kiekviename \u017eingsnyje. Pasirinkite savo \u012fvaizd\u017eio patikimum\u0105 ir elegancij\u0105 kiekvien\u0105 dien\u0105.<\/p>\n","protected":false},"featured_media":590956,"comment_status":"open","ping_status":"open","template":"","meta":[],"product_brand":[],"product_cat":[3388,3264,3265],"product_tag":[],"class_list":{"0":"post-590955","1":"product","2":"type-product","3":"status-publish","4":"has-post-thumbnail","6":"product_cat-nike-jordan","7":"product_cat-all-product","8":"product_cat-krosivky","9":"pa_rozmir-910","10":"pa_rozmir-912","11":"pa_rozmir-914","12":"pa_rozmir-915","13":"pa_rozmir-916","14":"pa_rozmir-917","15":"pa_rozmir-918","16":"pa_rozmir-919","17":"pa_rozmir-920","18":"pa_rozmir-921","19":"pa_rozmir-922","21":"first","22":"instock","23":"purchasable","24":"product-type-variable"},"_links":{"self":[{"href":"https:\/\/nextsnkr.com\/lt\/wp-json\/wp\/v2\/product\/590955","targetHints":{"allow":["GET"]}}],"collection":[{"href":"https:\/\/nextsnkr.com\/lt\/wp-json\/wp\/v2\/product"}],"about":[{"href":"https:\/\/nextsnkr.com\/lt\/wp-json\/wp\/v2\/types\/product"}],"replies":[{"embeddable":true,"href":"https:\/\/nextsnkr.com\/lt\/wp-json\/wp\/v2\/comments?post=590955"}],"version-history":[{"count":0,"href":"https:\/\/nextsnkr.com\/lt\/wp-json\/wp\/v2\/product\/590955\/revisions"}],"wp:featuredmedia":[{"embeddable":true,"href":"https:\/\/nextsnkr.com\/lt\/wp-json\/wp\/v2\/media\/590956"}],"wp:attachment":[{"href":"https:\/\/nextsnkr.com\/lt\/wp-json\/wp\/v2\/media?parent=590955"}],"wp:term":[{"taxonomy":"product_brand","embeddable":true,"href":"https:\/\/nextsnkr.com\/lt\/wp-json\/wp\/v2\/product_brand?post=590955"},{"taxonomy":"product_cat","embeddable":true,"href":"https:\/\/nextsnkr.com\/lt\/wp-json\/wp\/v2\/product_cat?post=590955"},{"taxonomy":"product_tag","embeddable":true,"href":"https:\/\/nextsnkr.com\/lt\/wp-json\/wp\/v2\/product_tag?post=590955"}],"curies":[{"name":"wp","href":"https:\/\/api.w.org\/{rel}","templated":true}]}}