{"id":590275,"date":"2025-06-19T22:50:40","date_gmt":"2025-06-19T19:50:40","guid":{"rendered":"https:\/\/nextsnkr.com\/product\/air-force-shadow\/"},"modified":"2026-02-01T19:10:37","modified_gmt":"2026-02-01T16:10:37","slug":"air-force-shadow","status":"publish","type":"product","link":"https:\/\/nextsnkr.com\/lt\/produktas\/air-force-shadow\/","title":{"rendered":"Nike Air Force Shadow odiniai Kedai stilingam kasdieniam \u012fvaizd\u017eiui"},"content":{"rendered":"<h2>Nike Air Force Shadow odiniai Kedai stilingam kasdieniam \u012fvaizd\u017eiui<\/h2>\n<p>Nike Air Force Shadow stilingi Kedai pagaminti i\u0161 auk\u0161tos kokyb\u0117s odos, kuri u\u017etikrina ilgaam\u017ei\u0161kum\u0105 ir komfort\u0105 kasdien d\u0117vint. \u0160ie Nike odos batai derina \u0161iuolaiki\u0161k\u0105 dizain\u0105, stiprum\u0105 ir lengvum\u0105, Idealiai tinka aktyviam poilsiui ir madingo \u012fvaizd\u017eio k\u016brimui. Pasirinkite Nike Air Force Shadow patogumui ir elegancijai kiekviename \u017eingsnyje.<\/p>\n","protected":false},"excerpt":{"rendered":"<p>Nike Air Force Shadow stilingi Kedai pagaminti i\u0161 auk\u0161tos kokyb\u0117s odos, kuri u\u017etikrina ilgaam\u017ei\u0161kum\u0105 ir komfort\u0105 kasdien d\u0117vint. \u0160ie Nike odos batai derina \u0161iuolaiki\u0161k\u0105 dizain\u0105, stiprum\u0105 ir lengvum\u0105, Idealiai tinka aktyviam poilsiui ir madingo \u012fvaizd\u017eio k\u016brimui. Pasirinkite Nike Air Force Shadow patogumui ir elegancijai kiekviename \u017eingsnyje.<\/p>\n","protected":false},"featured_media":590276,"comment_status":"open","ping_status":"open","template":"","meta":[],"product_brand":[],"product_cat":[3264,3323],"product_tag":[],"class_list":{"0":"post-590275","1":"product","2":"type-product","3":"status-publish","4":"has-post-thumbnail","6":"product_cat-all-product","7":"product_cat-kedy","8":"pa_rozmir-910","9":"pa_rozmir-912","10":"pa_rozmir-914","11":"pa_rozmir-915","12":"pa_rozmir-916","13":"pa_rozmir-917","14":"pa_rozmir-918","15":"pa_rozmir-919","16":"pa_rozmir-920","17":"pa_rozmir-921","18":"pa_rozmir-922","20":"first","21":"instock","22":"purchasable","23":"product-type-variable"},"_links":{"self":[{"href":"https:\/\/nextsnkr.com\/lt\/wp-json\/wp\/v2\/product\/590275","targetHints":{"allow":["GET"]}}],"collection":[{"href":"https:\/\/nextsnkr.com\/lt\/wp-json\/wp\/v2\/product"}],"about":[{"href":"https:\/\/nextsnkr.com\/lt\/wp-json\/wp\/v2\/types\/product"}],"replies":[{"embeddable":true,"href":"https:\/\/nextsnkr.com\/lt\/wp-json\/wp\/v2\/comments?post=590275"}],"version-history":[{"count":0,"href":"https:\/\/nextsnkr.com\/lt\/wp-json\/wp\/v2\/product\/590275\/revisions"}],"wp:featuredmedia":[{"embeddable":true,"href":"https:\/\/nextsnkr.com\/lt\/wp-json\/wp\/v2\/media\/590276"}],"wp:attachment":[{"href":"https:\/\/nextsnkr.com\/lt\/wp-json\/wp\/v2\/media?parent=590275"}],"wp:term":[{"taxonomy":"product_brand","embeddable":true,"href":"https:\/\/nextsnkr.com\/lt\/wp-json\/wp\/v2\/product_brand?post=590275"},{"taxonomy":"product_cat","embeddable":true,"href":"https:\/\/nextsnkr.com\/lt\/wp-json\/wp\/v2\/product_cat?post=590275"},{"taxonomy":"product_tag","embeddable":true,"href":"https:\/\/nextsnkr.com\/lt\/wp-json\/wp\/v2\/product_tag?post=590275"}],"curies":[{"name":"wp","href":"https:\/\/api.w.org\/{rel}","templated":true}]}}