{"id":589255,"date":"2025-06-19T22:56:36","date_gmt":"2025-06-19T19:56:36","guid":{"rendered":"https:\/\/nextsnkr.com\/product\/1906a-grey-burgundy\/"},"modified":"2026-02-01T19:10:09","modified_gmt":"2026-02-01T16:10:09","slug":"1906a-grey-burgundy","status":"publish","type":"product","link":"https:\/\/nextsnkr.com\/lt\/produktas\/1906a-grey-burgundy\/","title":{"rendered":"Sportba\u010diai 1906a Grey Burgundy i\u0161 odos ir tekstil\u0117s &#8211; komfortas ir stilius"},"content":{"rendered":"<h2>Sportba\u010diai 1906a Grey Burgundy i\u0161 odos ir tekstil\u0117s &#8211; komfortas ir stilius<\/h2>\n<p>1906a Grey Burgundy sportba\u010diai pagaminti i\u0161 nat\u016bralios odos ir tekstil\u0117s derinio, kuris u\u017etikrina patogum\u0105 ir ilgaam\u017ei\u0161kum\u0105. Vietnamo gamintojo modelis tinka aktyviam kasdieniam naudojimui ir stilingiems vaizdams. \u0418\u0447onomi\u0161kas padas u\u017etikrina p\u0117dos nusid\u0117v\u0117jim\u0105 ir palaikym\u0105, o universalus pilkos ir bordo spalv\u0173 derinys leid\u017eia sportba\u010dius lengvai suderinti su \u012fvairiais drabu\u017eiais. Idealus pasirinkimas prakti\u0161kumo ir mados dizaino deriniui.<\/p>\n","protected":false},"excerpt":{"rendered":"<p>1906a Grey Burgundy sportba\u010diai pagaminti i\u0161 nat\u016bralios odos ir tekstil\u0117s derinio, kuris u\u017etikrina patogum\u0105 ir ilgaam\u017ei\u0161kum\u0105. Vietnamo gamintojo modelis tinka aktyviam kasdieniam naudojimui ir stilingiems vaizdams. \u0418\u0447onomi\u0161kas padas u\u017etikrina p\u0117dos nusid\u0117v\u0117jim\u0105 ir palaikym\u0105, o universalus pilkos ir bordo spalv\u0173 derinys leid\u017eia sportba\u010dius lengvai suderinti su \u012fvairiais drabu\u017eiais. Idealus pasirinkimas prakti\u0161kumo ir mados dizaino deriniui.<\/p>\n","protected":false},"featured_media":589256,"comment_status":"open","ping_status":"open","template":"","meta":[],"product_brand":[],"product_cat":[3264,3265],"product_tag":[],"class_list":{"0":"post-589255","1":"product","2":"type-product","3":"status-publish","4":"has-post-thumbnail","6":"product_cat-all-product","7":"product_cat-krosivky","8":"pa_rozmir-910","9":"pa_rozmir-912","10":"pa_rozmir-914","11":"pa_rozmir-915","12":"pa_rozmir-916","13":"pa_rozmir-917","14":"pa_rozmir-918","15":"pa_rozmir-919","16":"pa_rozmir-920","17":"pa_rozmir-921","18":"pa_rozmir-922","20":"first","21":"instock","22":"purchasable","23":"product-type-variable"},"_links":{"self":[{"href":"https:\/\/nextsnkr.com\/lt\/wp-json\/wp\/v2\/product\/589255","targetHints":{"allow":["GET"]}}],"collection":[{"href":"https:\/\/nextsnkr.com\/lt\/wp-json\/wp\/v2\/product"}],"about":[{"href":"https:\/\/nextsnkr.com\/lt\/wp-json\/wp\/v2\/types\/product"}],"replies":[{"embeddable":true,"href":"https:\/\/nextsnkr.com\/lt\/wp-json\/wp\/v2\/comments?post=589255"}],"version-history":[{"count":0,"href":"https:\/\/nextsnkr.com\/lt\/wp-json\/wp\/v2\/product\/589255\/revisions"}],"wp:featuredmedia":[{"embeddable":true,"href":"https:\/\/nextsnkr.com\/lt\/wp-json\/wp\/v2\/media\/589256"}],"wp:attachment":[{"href":"https:\/\/nextsnkr.com\/lt\/wp-json\/wp\/v2\/media?parent=589255"}],"wp:term":[{"taxonomy":"product_brand","embeddable":true,"href":"https:\/\/nextsnkr.com\/lt\/wp-json\/wp\/v2\/product_brand?post=589255"},{"taxonomy":"product_cat","embeddable":true,"href":"https:\/\/nextsnkr.com\/lt\/wp-json\/wp\/v2\/product_cat?post=589255"},{"taxonomy":"product_tag","embeddable":true,"href":"https:\/\/nextsnkr.com\/lt\/wp-json\/wp\/v2\/product_tag?post=589255"}],"curies":[{"name":"wp","href":"https:\/\/api.w.org\/{rel}","templated":true}]}}