{"id":587379,"date":"2025-06-18T21:50:35","date_gmt":"2025-06-18T18:50:35","guid":{"rendered":"https:\/\/nextsnkr.com\/product\/dg-custom-2-zero-balck\/"},"modified":"2026-02-01T19:09:04","modified_gmt":"2026-02-01T16:09:04","slug":"dg-custom-2-zero-balck","status":"publish","type":"product","link":"https:\/\/nextsnkr.com\/lt\/produktas\/dg-custom-2-zero-balck\/","title":{"rendered":"DG custom 2. Zero Black i\u0161 odos ir zom\u0161os"},"content":{"rendered":"<h2>DG custom 2. Zero Black i\u0161 odos ir zom\u0161os<\/h2>\n<p>Stilingi batai DG Custom 2.&#8221;Zero Black&#8221; yra pagaminti i\u0161 auk\u0161tos kokyb\u0117s odos ir zom\u0161os, kuri u\u017etikrina komfort\u0105 ir ilgaam\u017ei\u0161kum\u0105. Idealiai tinka kasdieniniam d\u0117v\u0117jimui, pasivaik\u0161\u010diojimams ir aktyviam poilsiui. Unikalus dizainas pabr\u0117\u017eia individual\u0173 stili\u0173 ir prideda mados akcent\u0105 j\u016bs\u0173 \u012fvaizd\u017eiui. \u0160ie DG krep\u0161iai sujungia kokyb\u0119, stili\u0173 ir prakti\u0161kum\u0105 viename gaminyje.<\/p>\n","protected":false},"excerpt":{"rendered":"<p>Stilingi batai DG Custom 2.&#8221;Zero Black&#8221; yra pagaminti i\u0161 auk\u0161tos kokyb\u0117s odos ir zom\u0161os, kuri u\u017etikrina komfort\u0105 ir ilgaam\u017ei\u0161kum\u0105. Idealiai tinka kasdieniniam d\u0117v\u0117jimui, pasivaik\u0161\u010diojimams ir aktyviam poilsiui. Unikalus dizainas pabr\u0117\u017eia individual\u0173 stili\u0173 ir prideda mados akcent\u0105 j\u016bs\u0173 \u012fvaizd\u017eiui. \u0160ie DG krep\u0161iai sujungia kokyb\u0119, stili\u0173 ir prakti\u0161kum\u0105 viename gaminyje.<\/p>\n","protected":false},"featured_media":587380,"comment_status":"open","ping_status":"open","template":"","meta":[],"product_brand":[],"product_cat":[3264,3323],"product_tag":[],"class_list":{"0":"post-587379","1":"product","2":"type-product","3":"status-publish","4":"has-post-thumbnail","6":"product_cat-all-product","7":"product_cat-kedy","8":"pa_rozmir-910","9":"pa_rozmir-912","10":"pa_rozmir-914","11":"pa_rozmir-915","12":"pa_rozmir-916","13":"pa_rozmir-917","14":"pa_rozmir-918","15":"pa_rozmir-919","16":"pa_rozmir-920","17":"pa_rozmir-921","18":"pa_rozmir-922","20":"first","21":"instock","22":"purchasable","23":"product-type-variable"},"_links":{"self":[{"href":"https:\/\/nextsnkr.com\/lt\/wp-json\/wp\/v2\/product\/587379","targetHints":{"allow":["GET"]}}],"collection":[{"href":"https:\/\/nextsnkr.com\/lt\/wp-json\/wp\/v2\/product"}],"about":[{"href":"https:\/\/nextsnkr.com\/lt\/wp-json\/wp\/v2\/types\/product"}],"replies":[{"embeddable":true,"href":"https:\/\/nextsnkr.com\/lt\/wp-json\/wp\/v2\/comments?post=587379"}],"version-history":[{"count":0,"href":"https:\/\/nextsnkr.com\/lt\/wp-json\/wp\/v2\/product\/587379\/revisions"}],"wp:featuredmedia":[{"embeddable":true,"href":"https:\/\/nextsnkr.com\/lt\/wp-json\/wp\/v2\/media\/587380"}],"wp:attachment":[{"href":"https:\/\/nextsnkr.com\/lt\/wp-json\/wp\/v2\/media?parent=587379"}],"wp:term":[{"taxonomy":"product_brand","embeddable":true,"href":"https:\/\/nextsnkr.com\/lt\/wp-json\/wp\/v2\/product_brand?post=587379"},{"taxonomy":"product_cat","embeddable":true,"href":"https:\/\/nextsnkr.com\/lt\/wp-json\/wp\/v2\/product_cat?post=587379"},{"taxonomy":"product_tag","embeddable":true,"href":"https:\/\/nextsnkr.com\/lt\/wp-json\/wp\/v2\/product_tag?post=587379"}],"curies":[{"name":"wp","href":"https:\/\/api.w.org\/{rel}","templated":true}]}}