{"id":587209,"date":"2025-06-18T22:23:53","date_gmt":"2025-06-18T19:23:53","guid":{"rendered":"https:\/\/nextsnkr.com\/product\/air-jordan-retro-4-neon-pink-premium\/"},"modified":"2026-02-01T19:08:59","modified_gmt":"2026-02-01T16:08:59","slug":"air-jordan-retro-4-neon-pink-premium","status":"publish","type":"product","link":"https:\/\/nextsnkr.com\/lt\/produktas\/air-jordan-retro-4-neon-pink-premium\/","title":{"rendered":"Batai AIR JORDAN RETRO 4 &#8222;NEON PINK&#8221; Premium Nubuk"},"content":{"rendered":"<h2>Batai AIR JORDAN RETRO 4 &#8222;NEON PINK&#8221; Premium Nubuk<\/h2>\n<p>&#8222;AIR jordan RETRO 4 &#8222;&#8221;NEON PINK&#8221; sportba\u010diai yra pagaminti i\u0161 auk\u0161tos kokyb\u0117s nubuko, kuris suteikia tvirtumo ir komforto kasdieniniam naudojimui. Ry\u0161kus neoninis atspalvis pabr\u0117\u017eia individual\u0173 stili\u0173 ir pritraukia d\u0117mes\u012f. Idealiai tinka kasdieniam d\u0117v\u0117jimui ir aktyviam gyvenimo b\u016bdui, sujungia legendin\u012f &#8222;Jordan&#8221; prek\u0117s \u017eenkl\u0105 su \u0161iuolaikiniu dizainu, garantuoja kokyb\u0119, ilgaam\u017ei\u0161kum\u0105 ir pasitik\u0117jim\u0105 kiekvienu \u017eingsniu.<\/p>\n","protected":false},"excerpt":{"rendered":"<p>&#8222;AIR jordan RETRO 4 &#8222;&#8221;NEON PINK&#8221; sportba\u010diai yra pagaminti i\u0161 auk\u0161tos kokyb\u0117s nubuko, kuris suteikia tvirtumo ir komforto kasdieniniam naudojimui. Ry\u0161kus neoninis atspalvis pabr\u0117\u017eia individual\u0173 stili\u0173 ir pritraukia d\u0117mes\u012f. Idealiai tinka kasdieniam d\u0117v\u0117jimui ir aktyviam gyvenimo b\u016bdui, sujungia legendin\u012f &#8222;Jordan&#8221; prek\u0117s \u017eenkl\u0105 su \u0161iuolaikiniu dizainu, garantuoja kokyb\u0119, ilgaam\u017ei\u0161kum\u0105 ir pasitik\u0117jim\u0105 kiekvienu \u017eingsniu.<\/p>\n","protected":false},"featured_media":587210,"comment_status":"open","ping_status":"open","template":"","meta":[],"product_brand":[],"product_cat":[3388,3264,3265],"product_tag":[],"class_list":{"0":"post-587209","1":"product","2":"type-product","3":"status-publish","4":"has-post-thumbnail","6":"product_cat-nike-jordan","7":"product_cat-all-product","8":"product_cat-krosivky","9":"pa_rozmir-910","10":"pa_rozmir-912","11":"pa_rozmir-914","12":"pa_rozmir-915","13":"pa_rozmir-916","14":"pa_rozmir-917","15":"pa_rozmir-918","16":"pa_rozmir-919","17":"pa_rozmir-920","18":"pa_rozmir-921","19":"pa_rozmir-922","21":"first","22":"instock","23":"purchasable","24":"product-type-variable"},"_links":{"self":[{"href":"https:\/\/nextsnkr.com\/lt\/wp-json\/wp\/v2\/product\/587209","targetHints":{"allow":["GET"]}}],"collection":[{"href":"https:\/\/nextsnkr.com\/lt\/wp-json\/wp\/v2\/product"}],"about":[{"href":"https:\/\/nextsnkr.com\/lt\/wp-json\/wp\/v2\/types\/product"}],"replies":[{"embeddable":true,"href":"https:\/\/nextsnkr.com\/lt\/wp-json\/wp\/v2\/comments?post=587209"}],"version-history":[{"count":0,"href":"https:\/\/nextsnkr.com\/lt\/wp-json\/wp\/v2\/product\/587209\/revisions"}],"wp:featuredmedia":[{"embeddable":true,"href":"https:\/\/nextsnkr.com\/lt\/wp-json\/wp\/v2\/media\/587210"}],"wp:attachment":[{"href":"https:\/\/nextsnkr.com\/lt\/wp-json\/wp\/v2\/media?parent=587209"}],"wp:term":[{"taxonomy":"product_brand","embeddable":true,"href":"https:\/\/nextsnkr.com\/lt\/wp-json\/wp\/v2\/product_brand?post=587209"},{"taxonomy":"product_cat","embeddable":true,"href":"https:\/\/nextsnkr.com\/lt\/wp-json\/wp\/v2\/product_cat?post=587209"},{"taxonomy":"product_tag","embeddable":true,"href":"https:\/\/nextsnkr.com\/lt\/wp-json\/wp\/v2\/product_tag?post=587209"}],"curies":[{"name":"wp","href":"https:\/\/api.w.org\/{rel}","templated":true}]}}