{"id":587039,"date":"2025-06-18T22:25:09","date_gmt":"2025-06-18T19:25:09","guid":{"rendered":"https:\/\/nextsnkr.com\/product\/air-jordan-retro-4-x-a-ma-maniere-fossil-stone-premium\/"},"modified":"2026-02-01T19:08:54","modified_gmt":"2026-02-01T16:08:54","slug":"air-jordan-retro-4-x-a-ma-maniere-fossil-stone-premium","status":"publish","type":"product","link":"https:\/\/nextsnkr.com\/lt\/produktas\/air-jordan-retro-4-x-a-ma-maniere-fossil-stone-premium\/","title":{"rendered":"&#8222;Air jordan retro 4&#8221;"},"content":{"rendered":"<h2>&#8222;Air jordan retro 4&#8221;<\/h2>\n<p>Stilingi sportba\u010diai AIR jordan RETRO 4 x A MA MANI\u00c8RE &#8222;FOSSIL STONE&#8221; pagaminti i\u0161 auk\u0161tos kokyb\u0117s nat\u016bralaus zom\u0161os ir odos, kas u\u017etikrina komfort\u0105 ir ilgaam\u017ei\u0161kum\u0105. Auk\u0161\u010diausios kokyb\u0117s dizainas pabr\u0117\u017eia individualum\u0105 ir \u0161iuolaikin\u012f stili\u0173, tod\u0117l jie idealiai tinka kasdieniam d\u0117v\u0117jimui ir sporto veiklai. &#8222;Air Jordan&#8221; prek\u0117s \u017eenklas garantuoja patikimum\u0105 ir auk\u0161t\u0105 kokyb\u0119, sukuriant stiling\u0105 ir prakti\u0161k\u0105 j\u016bs\u0173 drabu\u017ei\u0173 spintos pasirinkim\u0105.<\/p>\n","protected":false},"excerpt":{"rendered":"<p>Stilingi sportba\u010diai AIR jordan RETRO 4 x A MA MANI\u00c8RE &#8222;FOSSIL STONE&#8221; pagaminti i\u0161 auk\u0161tos kokyb\u0117s nat\u016bralaus zom\u0161os ir odos, kas u\u017etikrina komfort\u0105 ir ilgaam\u017ei\u0161kum\u0105. Auk\u0161\u010diausios kokyb\u0117s dizainas pabr\u0117\u017eia individualum\u0105 ir \u0161iuolaikin\u012f stili\u0173, tod\u0117l jie idealiai tinka kasdieniam d\u0117v\u0117jimui ir sporto veiklai. &#8222;Air Jordan&#8221; prek\u0117s \u017eenklas garantuoja patikimum\u0105 ir auk\u0161t\u0105 kokyb\u0119, sukuriant stiling\u0105 ir prakti\u0161k\u0105 j\u016bs\u0173 drabu\u017ei\u0173 spintos pasirinkim\u0105.<\/p>\n","protected":false},"featured_media":587040,"comment_status":"open","ping_status":"open","template":"","meta":[],"product_brand":[],"product_cat":[3388,3264,3265],"product_tag":[],"class_list":{"0":"post-587039","1":"product","2":"type-product","3":"status-publish","4":"has-post-thumbnail","6":"product_cat-nike-jordan","7":"product_cat-all-product","8":"product_cat-krosivky","9":"pa_rozmir-910","10":"pa_rozmir-912","11":"pa_rozmir-914","12":"pa_rozmir-915","13":"pa_rozmir-916","14":"pa_rozmir-917","15":"pa_rozmir-918","16":"pa_rozmir-919","17":"pa_rozmir-920","18":"pa_rozmir-921","19":"pa_rozmir-922","21":"first","22":"instock","23":"purchasable","24":"product-type-variable"},"_links":{"self":[{"href":"https:\/\/nextsnkr.com\/lt\/wp-json\/wp\/v2\/product\/587039","targetHints":{"allow":["GET"]}}],"collection":[{"href":"https:\/\/nextsnkr.com\/lt\/wp-json\/wp\/v2\/product"}],"about":[{"href":"https:\/\/nextsnkr.com\/lt\/wp-json\/wp\/v2\/types\/product"}],"replies":[{"embeddable":true,"href":"https:\/\/nextsnkr.com\/lt\/wp-json\/wp\/v2\/comments?post=587039"}],"version-history":[{"count":0,"href":"https:\/\/nextsnkr.com\/lt\/wp-json\/wp\/v2\/product\/587039\/revisions"}],"wp:featuredmedia":[{"embeddable":true,"href":"https:\/\/nextsnkr.com\/lt\/wp-json\/wp\/v2\/media\/587040"}],"wp:attachment":[{"href":"https:\/\/nextsnkr.com\/lt\/wp-json\/wp\/v2\/media?parent=587039"}],"wp:term":[{"taxonomy":"product_brand","embeddable":true,"href":"https:\/\/nextsnkr.com\/lt\/wp-json\/wp\/v2\/product_brand?post=587039"},{"taxonomy":"product_cat","embeddable":true,"href":"https:\/\/nextsnkr.com\/lt\/wp-json\/wp\/v2\/product_cat?post=587039"},{"taxonomy":"product_tag","embeddable":true,"href":"https:\/\/nextsnkr.com\/lt\/wp-json\/wp\/v2\/product_tag?post=587039"}],"curies":[{"name":"wp","href":"https:\/\/api.w.org\/{rel}","templated":true}]}}