{"id":585176,"date":"2025-06-19T21:33:38","date_gmt":"2025-06-19T18:33:38","guid":{"rendered":"https:\/\/nextsnkr.com\/product\/dunk-brown-pink\/"},"modified":"2026-02-01T19:08:01","modified_gmt":"2026-02-01T16:08:01","slug":"dunk-brown-pink","status":"publish","type":"product","link":"https:\/\/nextsnkr.com\/lt\/produktas\/dunk-brown-pink\/","title":{"rendered":"Batai Dunk Brown \/ Pink oda &#8211; stilingas ir patogus d\u0117v\u0117ti kasdien"},"content":{"rendered":"<h2>Batai Dunk Brown \/ Pink oda &#8211; stilingas ir patogus d\u0117v\u0117ti kasdien<\/h2>\n<p>Dunk Brown \/ Pink kedai yra pagaminti i\u0161 auk\u0161tos kokyb\u0117s odos, kuri u\u017etikrina ilgaam\u017ei\u0161kum\u0105 ir komfort\u0105 vis\u0105 dien\u0105. Ry\u0161kus rudos ir ro\u017ein\u0117s spalvos derinys suteikia unikal\u0173 stili\u0173 ir pabr\u0117\u017eia individualum\u0105. Modelis idealiai tinka kasdieniam naudojimui ir aktyviam poilsiui. Pasirinkite Dunk Brown \/ Pink patogumui, madingam \u012fvaizd\u017eiui ir ilgam d\u0117v\u0117jimui kiekvien\u0105 dien\u0105.<\/p>\n","protected":false},"excerpt":{"rendered":"<p>Dunk Brown \/ Pink kedai yra pagaminti i\u0161 auk\u0161tos kokyb\u0117s odos, kuri u\u017etikrina ilgaam\u017ei\u0161kum\u0105 ir komfort\u0105 vis\u0105 dien\u0105. Ry\u0161kus rudos ir ro\u017ein\u0117s spalvos derinys suteikia unikal\u0173 stili\u0173 ir pabr\u0117\u017eia individualum\u0105. Modelis idealiai tinka kasdieniam naudojimui ir aktyviam poilsiui. Pasirinkite Dunk Brown \/ Pink patogumui, madingam \u012fvaizd\u017eiui ir ilgam d\u0117v\u0117jimui kiekvien\u0105 dien\u0105.<\/p>\n","protected":false},"featured_media":585177,"comment_status":"open","ping_status":"open","template":"","meta":[],"product_brand":[],"product_cat":[3264,3323],"product_tag":[],"class_list":{"0":"post-585176","1":"product","2":"type-product","3":"status-publish","4":"has-post-thumbnail","6":"product_cat-all-product","7":"product_cat-kedy","8":"pa_rozmir-910","9":"pa_rozmir-912","10":"pa_rozmir-914","11":"pa_rozmir-915","12":"pa_rozmir-916","13":"pa_rozmir-917","14":"pa_rozmir-918","15":"pa_rozmir-919","16":"pa_rozmir-920","17":"pa_rozmir-921","18":"pa_rozmir-922","20":"first","21":"instock","22":"purchasable","23":"product-type-variable"},"_links":{"self":[{"href":"https:\/\/nextsnkr.com\/lt\/wp-json\/wp\/v2\/product\/585176","targetHints":{"allow":["GET"]}}],"collection":[{"href":"https:\/\/nextsnkr.com\/lt\/wp-json\/wp\/v2\/product"}],"about":[{"href":"https:\/\/nextsnkr.com\/lt\/wp-json\/wp\/v2\/types\/product"}],"replies":[{"embeddable":true,"href":"https:\/\/nextsnkr.com\/lt\/wp-json\/wp\/v2\/comments?post=585176"}],"version-history":[{"count":0,"href":"https:\/\/nextsnkr.com\/lt\/wp-json\/wp\/v2\/product\/585176\/revisions"}],"wp:featuredmedia":[{"embeddable":true,"href":"https:\/\/nextsnkr.com\/lt\/wp-json\/wp\/v2\/media\/585177"}],"wp:attachment":[{"href":"https:\/\/nextsnkr.com\/lt\/wp-json\/wp\/v2\/media?parent=585176"}],"wp:term":[{"taxonomy":"product_brand","embeddable":true,"href":"https:\/\/nextsnkr.com\/lt\/wp-json\/wp\/v2\/product_brand?post=585176"},{"taxonomy":"product_cat","embeddable":true,"href":"https:\/\/nextsnkr.com\/lt\/wp-json\/wp\/v2\/product_cat?post=585176"},{"taxonomy":"product_tag","embeddable":true,"href":"https:\/\/nextsnkr.com\/lt\/wp-json\/wp\/v2\/product_tag?post=585176"}],"curies":[{"name":"wp","href":"https:\/\/api.w.org\/{rel}","templated":true}]}}