{"id":584329,"date":"2025-06-19T21:39:14","date_gmt":"2025-06-19T18:39:14","guid":{"rendered":"https:\/\/nextsnkr.com\/product\/v2k-runtekk-green\/"},"modified":"2026-02-01T19:07:39","modified_gmt":"2026-02-01T16:07:39","slug":"v2k-runtekk-green","status":"publish","type":"product","link":"https:\/\/nextsnkr.com\/lt\/produktas\/v2k-runtekk-green\/","title":{"rendered":"Sportba\u010diai V2k Runtekk Green odiniai ir tekstiliniai"},"content":{"rendered":"<h2>Sportba\u010diai V2k Runtekk Green odiniai ir tekstiliniai<\/h2>\n<p>Sportba\u010diai V2K Runtekk Green sujungia od\u0105 ir tekstil\u0119, u\u017etikrina komfort\u0105 ir ilgaam\u017ei\u0161kum\u0105. Idealiai tinka kasdieniam d\u0117v\u0117jimui ir aktyviam poilsiui, \u0160ie stilingi v2k sportba\u010diai garantuoja patikimum\u0105 ir \u0161iuolaiki\u0161k\u0105 dizain\u0105. Pasirinkimas tiems, kurie vertina kokyb\u0119 ir komfort\u0105 kiekviename \u017eingsnyje.<\/p>\n","protected":false},"excerpt":{"rendered":"<p>Sportba\u010diai V2K Runtekk Green sujungia od\u0105 ir tekstil\u0119, u\u017etikrina komfort\u0105 ir ilgaam\u017ei\u0161kum\u0105. Idealiai tinka kasdieniam d\u0117v\u0117jimui ir aktyviam poilsiui, \u0160ie stilingi v2k sportba\u010diai garantuoja patikimum\u0105 ir \u0161iuolaiki\u0161k\u0105 dizain\u0105. Pasirinkimas tiems, kurie vertina kokyb\u0119 ir komfort\u0105 kiekviename \u017eingsnyje.<\/p>\n","protected":false},"featured_media":584330,"comment_status":"open","ping_status":"open","template":"","meta":[],"product_brand":[],"product_cat":[3264,3265],"product_tag":[],"class_list":{"0":"post-584329","1":"product","2":"type-product","3":"status-publish","4":"has-post-thumbnail","6":"product_cat-all-product","7":"product_cat-krosivky","8":"pa_rozmir-910","9":"pa_rozmir-912","10":"pa_rozmir-914","11":"pa_rozmir-915","12":"pa_rozmir-916","13":"pa_rozmir-917","14":"pa_rozmir-918","15":"pa_rozmir-919","16":"pa_rozmir-920","17":"pa_rozmir-921","18":"pa_rozmir-922","20":"first","21":"instock","22":"purchasable","23":"product-type-variable"},"_links":{"self":[{"href":"https:\/\/nextsnkr.com\/lt\/wp-json\/wp\/v2\/product\/584329","targetHints":{"allow":["GET"]}}],"collection":[{"href":"https:\/\/nextsnkr.com\/lt\/wp-json\/wp\/v2\/product"}],"about":[{"href":"https:\/\/nextsnkr.com\/lt\/wp-json\/wp\/v2\/types\/product"}],"replies":[{"embeddable":true,"href":"https:\/\/nextsnkr.com\/lt\/wp-json\/wp\/v2\/comments?post=584329"}],"version-history":[{"count":0,"href":"https:\/\/nextsnkr.com\/lt\/wp-json\/wp\/v2\/product\/584329\/revisions"}],"wp:featuredmedia":[{"embeddable":true,"href":"https:\/\/nextsnkr.com\/lt\/wp-json\/wp\/v2\/media\/584330"}],"wp:attachment":[{"href":"https:\/\/nextsnkr.com\/lt\/wp-json\/wp\/v2\/media?parent=584329"}],"wp:term":[{"taxonomy":"product_brand","embeddable":true,"href":"https:\/\/nextsnkr.com\/lt\/wp-json\/wp\/v2\/product_brand?post=584329"},{"taxonomy":"product_cat","embeddable":true,"href":"https:\/\/nextsnkr.com\/lt\/wp-json\/wp\/v2\/product_cat?post=584329"},{"taxonomy":"product_tag","embeddable":true,"href":"https:\/\/nextsnkr.com\/lt\/wp-json\/wp\/v2\/product_tag?post=584329"}],"curies":[{"name":"wp","href":"https:\/\/api.w.org\/{rel}","templated":true}]}}