{"id":582466,"date":"2025-06-19T22:04:24","date_gmt":"2025-06-19T19:04:24","guid":{"rendered":"https:\/\/nextsnkr.com\/product\/m2k-2\/"},"modified":"2026-02-01T19:06:35","modified_gmt":"2026-02-01T16:06:35","slug":"m2k-2","status":"publish","type":"product","link":"https:\/\/nextsnkr.com\/lt\/produktas\/m2k-2\/","title":{"rendered":"Sportba\u010diai m2K oda Patog\u016bs ir stilingi"},"content":{"rendered":"<h2>Sportba\u010diai m2K oda Patog\u016bs ir stilingi<\/h2>\n<p>&#8222;M2K&#8221; sportba\u010diai yra modern\u016bs auk\u0161tos kokyb\u0117s odos batai, pagaminti Vietname. Modelis u\u017etikrina komfort\u0105 kasdieninio d\u0117v\u0117jimo ir aktyvaus poilsio metu, derinant stiling\u0105 dizain\u0105 su med\u017eiag\u0173 patikimumu. Idealiai tinka tiems, kurie vertina ilgaam\u017ei\u0161kum\u0105, patogum\u0105 ir eleganti\u0161k\u0105 i\u0161vaizd\u0105 bet kokiomis s\u0105lygomis.<\/p>\n","protected":false},"excerpt":{"rendered":"<p>&#8222;M2K&#8221; sportba\u010diai yra modern\u016bs auk\u0161tos kokyb\u0117s odos batai, pagaminti Vietname. Modelis u\u017etikrina komfort\u0105 kasdieninio d\u0117v\u0117jimo ir aktyvaus poilsio metu, derinant stiling\u0105 dizain\u0105 su med\u017eiag\u0173 patikimumu. Idealiai tinka tiems, kurie vertina ilgaam\u017ei\u0161kum\u0105, patogum\u0105 ir eleganti\u0161k\u0105 i\u0161vaizd\u0105 bet kokiomis s\u0105lygomis.<\/p>\n","protected":false},"featured_media":582467,"comment_status":"open","ping_status":"open","template":"","meta":[],"product_brand":[],"product_cat":[3264,3265],"product_tag":[],"class_list":{"0":"post-582466","1":"product","2":"type-product","3":"status-publish","4":"has-post-thumbnail","6":"product_cat-all-product","7":"product_cat-krosivky","8":"pa_rozmir-910","9":"pa_rozmir-912","10":"pa_rozmir-914","11":"pa_rozmir-915","12":"pa_rozmir-916","13":"pa_rozmir-917","14":"pa_rozmir-918","15":"pa_rozmir-919","16":"pa_rozmir-920","17":"pa_rozmir-921","18":"pa_rozmir-922","20":"first","21":"onbackorder","22":"purchasable","23":"product-type-variable"},"_links":{"self":[{"href":"https:\/\/nextsnkr.com\/lt\/wp-json\/wp\/v2\/product\/582466","targetHints":{"allow":["GET"]}}],"collection":[{"href":"https:\/\/nextsnkr.com\/lt\/wp-json\/wp\/v2\/product"}],"about":[{"href":"https:\/\/nextsnkr.com\/lt\/wp-json\/wp\/v2\/types\/product"}],"replies":[{"embeddable":true,"href":"https:\/\/nextsnkr.com\/lt\/wp-json\/wp\/v2\/comments?post=582466"}],"version-history":[{"count":0,"href":"https:\/\/nextsnkr.com\/lt\/wp-json\/wp\/v2\/product\/582466\/revisions"}],"wp:featuredmedia":[{"embeddable":true,"href":"https:\/\/nextsnkr.com\/lt\/wp-json\/wp\/v2\/media\/582467"}],"wp:attachment":[{"href":"https:\/\/nextsnkr.com\/lt\/wp-json\/wp\/v2\/media?parent=582466"}],"wp:term":[{"taxonomy":"product_brand","embeddable":true,"href":"https:\/\/nextsnkr.com\/lt\/wp-json\/wp\/v2\/product_brand?post=582466"},{"taxonomy":"product_cat","embeddable":true,"href":"https:\/\/nextsnkr.com\/lt\/wp-json\/wp\/v2\/product_cat?post=582466"},{"taxonomy":"product_tag","embeddable":true,"href":"https:\/\/nextsnkr.com\/lt\/wp-json\/wp\/v2\/product_tag?post=582466"}],"curies":[{"name":"wp","href":"https:\/\/api.w.org\/{rel}","templated":true}]}}