{"id":581617,"date":"2025-06-19T22:11:42","date_gmt":"2025-06-19T19:11:42","guid":{"rendered":"https:\/\/nextsnkr.com\/product\/adidas-xlg-runner-white-acid\/"},"modified":"2026-02-01T19:06:14","modified_gmt":"2026-02-01T16:06:14","slug":"adidas-xlg-runner-white-acid","status":"publish","type":"product","link":"https:\/\/nextsnkr.com\/lt\/produktas\/adidas-xlg-runner-white-acid\/","title":{"rendered":"Sportba\u010diai Adidas XLG RUNNER White \/ Acid oda ir tekstil\u0117"},"content":{"rendered":"<h2>Sportba\u010diai Adidas XLG RUNNER White \/ Acid oda ir tekstil\u0117<\/h2>\n<p>Sportiniai bateliai Adidas XLG RUNNER White \/ Acid derina stiling\u0105 dizain\u0105 ir komfort\u0105. Auk\u0161tos kokyb\u0117s odos ir tekstil\u0117s vir\u0161us u\u017etikrina stiprum\u0105 ir v\u0117dinim\u0105, o lengvas padas u\u017etikrina nusid\u0117v\u0117jim\u0105 ir patogum\u0105 kasdien d\u0117vint. Idealiai tinka sportui, pasivaik\u0161\u010diojimams ir aktyviam gyvenimo b\u016bdui. Pasirinkite &#8222;ADIDAS XLG RUNNER&#8221; stilingiems ir patikimiems batams, kurie pabr\u0117\u017es j\u016bs\u0173 \u012fvaizd\u012f ir u\u017etikrins komfort\u0105 vis\u0105 dien\u0105.<\/p>\n","protected":false},"excerpt":{"rendered":"<p>Sportiniai bateliai Adidas XLG RUNNER White \/ Acid derina stiling\u0105 dizain\u0105 ir komfort\u0105. Auk\u0161tos kokyb\u0117s odos ir tekstil\u0117s vir\u0161us u\u017etikrina stiprum\u0105 ir v\u0117dinim\u0105, o lengvas padas u\u017etikrina nusid\u0117v\u0117jim\u0105 ir patogum\u0105 kasdien d\u0117vint. Idealiai tinka sportui, pasivaik\u0161\u010diojimams ir aktyviam gyvenimo b\u016bdui. Pasirinkite &#8222;ADIDAS XLG RUNNER&#8221; stilingiems ir patikimiems batams, kurie pabr\u0117\u017es j\u016bs\u0173 \u012fvaizd\u012f ir u\u017etikrins komfort\u0105 vis\u0105 dien\u0105.<\/p>\n","protected":false},"featured_media":581618,"comment_status":"open","ping_status":"open","template":"","meta":[],"product_brand":[],"product_cat":[3264,3265],"product_tag":[],"class_list":{"0":"post-581617","1":"product","2":"type-product","3":"status-publish","4":"has-post-thumbnail","6":"product_cat-all-product","7":"product_cat-krosivky","8":"pa_rozmir-910","9":"pa_rozmir-912","10":"pa_rozmir-914","11":"pa_rozmir-915","12":"pa_rozmir-916","13":"pa_rozmir-917","14":"pa_rozmir-918","15":"pa_rozmir-919","16":"pa_rozmir-920","17":"pa_rozmir-921","18":"pa_rozmir-922","20":"first","21":"instock","22":"purchasable","23":"product-type-variable"},"_links":{"self":[{"href":"https:\/\/nextsnkr.com\/lt\/wp-json\/wp\/v2\/product\/581617","targetHints":{"allow":["GET"]}}],"collection":[{"href":"https:\/\/nextsnkr.com\/lt\/wp-json\/wp\/v2\/product"}],"about":[{"href":"https:\/\/nextsnkr.com\/lt\/wp-json\/wp\/v2\/types\/product"}],"replies":[{"embeddable":true,"href":"https:\/\/nextsnkr.com\/lt\/wp-json\/wp\/v2\/comments?post=581617"}],"version-history":[{"count":0,"href":"https:\/\/nextsnkr.com\/lt\/wp-json\/wp\/v2\/product\/581617\/revisions"}],"wp:featuredmedia":[{"embeddable":true,"href":"https:\/\/nextsnkr.com\/lt\/wp-json\/wp\/v2\/media\/581618"}],"wp:attachment":[{"href":"https:\/\/nextsnkr.com\/lt\/wp-json\/wp\/v2\/media?parent=581617"}],"wp:term":[{"taxonomy":"product_brand","embeddable":true,"href":"https:\/\/nextsnkr.com\/lt\/wp-json\/wp\/v2\/product_brand?post=581617"},{"taxonomy":"product_cat","embeddable":true,"href":"https:\/\/nextsnkr.com\/lt\/wp-json\/wp\/v2\/product_cat?post=581617"},{"taxonomy":"product_tag","embeddable":true,"href":"https:\/\/nextsnkr.com\/lt\/wp-json\/wp\/v2\/product_tag?post=581617"}],"curies":[{"name":"wp","href":"https:\/\/api.w.org\/{rel}","templated":true}]}}