{"id":580937,"date":"2025-06-19T22:16:09","date_gmt":"2025-06-19T19:16:09","guid":{"rendered":"https:\/\/nextsnkr.com\/product\/adidas-xlg-runner-white-pink-mint\/"},"modified":"2026-02-01T19:05:56","modified_gmt":"2026-02-01T16:05:56","slug":"adidas-xlg-runner-white-pink-mint","status":"publish","type":"product","link":"https:\/\/nextsnkr.com\/lt\/produktas\/adidas-xlg-runner-white-pink-mint\/","title":{"rendered":"Sportiniai bateliai Adidas XLG Runner White \/ Pink \/ Mint i\u0161 odos ir tekstil\u0117s"},"content":{"rendered":"<h2>Sportiniai bateliai Adidas XLG Runner White \/ Pink \/ Mint i\u0161 odos ir tekstil\u0117s<\/h2>\n<p>Stilingi sportba\u010diai Adidas XLG Runner apjungia od\u0105 ir tekstil\u0119, u\u017etikrina komfort\u0105 ir patvarum\u0105 kasdieniam d\u0117v\u0117jimui. Plau\u010diai ir kv\u0117pavimas, jie idealiai tinka pasivaik\u0161\u010diojimams, sportui ir aktyviam poilsiui. Ry\u0161kus baltos, ro\u017ein\u0117s ir m\u0117t\u0173 derinys daro vaizd\u0105 mading\u0105 ir \u0161iuolaiki\u0161k\u0105. Pasirinkite ADIDAS XLG Runner patogumui ir stilingam vaizdui kiekvien\u0105 dien\u0105.<\/p>\n","protected":false},"excerpt":{"rendered":"<p>Stilingi sportba\u010diai Adidas XLG Runner apjungia od\u0105 ir tekstil\u0119, u\u017etikrina komfort\u0105 ir patvarum\u0105 kasdieniam d\u0117v\u0117jimui. Plau\u010diai ir kv\u0117pavimas, jie idealiai tinka pasivaik\u0161\u010diojimams, sportui ir aktyviam poilsiui. Ry\u0161kus baltos, ro\u017ein\u0117s ir m\u0117t\u0173 derinys daro vaizd\u0105 mading\u0105 ir \u0161iuolaiki\u0161k\u0105. Pasirinkite ADIDAS XLG Runner patogumui ir stilingam vaizdui kiekvien\u0105 dien\u0105.<\/p>\n","protected":false},"featured_media":580938,"comment_status":"open","ping_status":"open","template":"","meta":[],"product_brand":[],"product_cat":[3264,3265],"product_tag":[],"class_list":{"0":"post-580937","1":"product","2":"type-product","3":"status-publish","4":"has-post-thumbnail","6":"product_cat-all-product","7":"product_cat-krosivky","8":"pa_rozmir-910","9":"pa_rozmir-912","10":"pa_rozmir-914","11":"pa_rozmir-915","12":"pa_rozmir-916","13":"pa_rozmir-917","14":"pa_rozmir-918","15":"pa_rozmir-919","16":"pa_rozmir-920","17":"pa_rozmir-921","18":"pa_rozmir-922","20":"first","21":"instock","22":"purchasable","23":"product-type-variable"},"_links":{"self":[{"href":"https:\/\/nextsnkr.com\/lt\/wp-json\/wp\/v2\/product\/580937","targetHints":{"allow":["GET"]}}],"collection":[{"href":"https:\/\/nextsnkr.com\/lt\/wp-json\/wp\/v2\/product"}],"about":[{"href":"https:\/\/nextsnkr.com\/lt\/wp-json\/wp\/v2\/types\/product"}],"replies":[{"embeddable":true,"href":"https:\/\/nextsnkr.com\/lt\/wp-json\/wp\/v2\/comments?post=580937"}],"version-history":[{"count":0,"href":"https:\/\/nextsnkr.com\/lt\/wp-json\/wp\/v2\/product\/580937\/revisions"}],"wp:featuredmedia":[{"embeddable":true,"href":"https:\/\/nextsnkr.com\/lt\/wp-json\/wp\/v2\/media\/580938"}],"wp:attachment":[{"href":"https:\/\/nextsnkr.com\/lt\/wp-json\/wp\/v2\/media?parent=580937"}],"wp:term":[{"taxonomy":"product_brand","embeddable":true,"href":"https:\/\/nextsnkr.com\/lt\/wp-json\/wp\/v2\/product_brand?post=580937"},{"taxonomy":"product_cat","embeddable":true,"href":"https:\/\/nextsnkr.com\/lt\/wp-json\/wp\/v2\/product_cat?post=580937"},{"taxonomy":"product_tag","embeddable":true,"href":"https:\/\/nextsnkr.com\/lt\/wp-json\/wp\/v2\/product_tag?post=580937"}],"curies":[{"name":"wp","href":"https:\/\/api.w.org\/{rel}","templated":true}]}}