{"id":580767,"date":"2025-06-19T22:17:19","date_gmt":"2025-06-19T19:17:19","guid":{"rendered":"https:\/\/nextsnkr.com\/product\/adidas-xlg-runner-black-orange-lilac\/"},"modified":"2026-02-01T19:05:52","modified_gmt":"2026-02-01T16:05:52","slug":"adidas-xlg-runner-black-orange-lilac","status":"publish","type":"product","link":"https:\/\/nextsnkr.com\/lt\/produktas\/adidas-xlg-runner-black-orange-lilac\/","title":{"rendered":"ADIDAS XLG RUNNER Black \/ Orange \/ Lilac-stilingi sportba\u010diai i\u0161 odos ir tekstil\u0117s"},"content":{"rendered":"<h2>ADIDAS XLG RUNNER Black \/ Orange \/ Lilac-stilingi sportba\u010diai i\u0161 odos ir tekstil\u0117s<\/h2>\n<p>Adidas XLG RUNNER Black \/ Orange \/ Lilac-\u0161iuolaikiniai Adidas sportba\u010diai kasdieniam d\u0117v\u0117jimui ir aktyviam poilsiui. Pagaminti i\u0161 odos ir tekstil\u0117s, jie sujungia komfort\u0105, lengvum\u0105 ir ilgaam\u017ei\u0161kum\u0105. Ry\u0161kus juodos, oran\u017ein\u0117s ir violetin\u0117s spalv\u0173 derinys prideda j\u016bs\u0173 \u012fvaizd\u017eio stili\u0173. Idealiai tinka pasivaik\u0161\u010diojimams, sportui ir miesto stiliui. \u012esigykite &#8222;ADIDAS XLG Runner&#8221; ir pajuskite komfort\u0105 bei unikal\u0173 prek\u0117s \u017eenklo dizain\u0105.<\/p>\n","protected":false},"excerpt":{"rendered":"<p>Adidas XLG RUNNER Black \/ Orange \/ Lilac-\u0161iuolaikiniai Adidas sportba\u010diai kasdieniam d\u0117v\u0117jimui ir aktyviam poilsiui. Pagaminti i\u0161 odos ir tekstil\u0117s, jie sujungia komfort\u0105, lengvum\u0105 ir ilgaam\u017ei\u0161kum\u0105. Ry\u0161kus juodos, oran\u017ein\u0117s ir violetin\u0117s spalv\u0173 derinys prideda j\u016bs\u0173 \u012fvaizd\u017eio stili\u0173. Idealiai tinka pasivaik\u0161\u010diojimams, sportui ir miesto stiliui. \u012esigykite &#8222;ADIDAS XLG Runner&#8221; ir pajuskite komfort\u0105 bei unikal\u0173 prek\u0117s \u017eenklo dizain\u0105.<\/p>\n","protected":false},"featured_media":580768,"comment_status":"open","ping_status":"open","template":"","meta":[],"product_brand":[],"product_cat":[3264,3265],"product_tag":[],"class_list":{"0":"post-580767","1":"product","2":"type-product","3":"status-publish","4":"has-post-thumbnail","6":"product_cat-all-product","7":"product_cat-krosivky","8":"pa_rozmir-910","9":"pa_rozmir-912","10":"pa_rozmir-914","11":"pa_rozmir-915","12":"pa_rozmir-916","13":"pa_rozmir-917","14":"pa_rozmir-918","15":"pa_rozmir-919","16":"pa_rozmir-920","17":"pa_rozmir-921","18":"pa_rozmir-922","20":"first","21":"instock","22":"purchasable","23":"product-type-variable"},"_links":{"self":[{"href":"https:\/\/nextsnkr.com\/lt\/wp-json\/wp\/v2\/product\/580767","targetHints":{"allow":["GET"]}}],"collection":[{"href":"https:\/\/nextsnkr.com\/lt\/wp-json\/wp\/v2\/product"}],"about":[{"href":"https:\/\/nextsnkr.com\/lt\/wp-json\/wp\/v2\/types\/product"}],"replies":[{"embeddable":true,"href":"https:\/\/nextsnkr.com\/lt\/wp-json\/wp\/v2\/comments?post=580767"}],"version-history":[{"count":0,"href":"https:\/\/nextsnkr.com\/lt\/wp-json\/wp\/v2\/product\/580767\/revisions"}],"wp:featuredmedia":[{"embeddable":true,"href":"https:\/\/nextsnkr.com\/lt\/wp-json\/wp\/v2\/media\/580768"}],"wp:attachment":[{"href":"https:\/\/nextsnkr.com\/lt\/wp-json\/wp\/v2\/media?parent=580767"}],"wp:term":[{"taxonomy":"product_brand","embeddable":true,"href":"https:\/\/nextsnkr.com\/lt\/wp-json\/wp\/v2\/product_brand?post=580767"},{"taxonomy":"product_cat","embeddable":true,"href":"https:\/\/nextsnkr.com\/lt\/wp-json\/wp\/v2\/product_cat?post=580767"},{"taxonomy":"product_tag","embeddable":true,"href":"https:\/\/nextsnkr.com\/lt\/wp-json\/wp\/v2\/product_tag?post=580767"}],"curies":[{"name":"wp","href":"https:\/\/api.w.org\/{rel}","templated":true}]}}