{"id":580257,"date":"2025-06-19T22:20:07","date_gmt":"2025-06-19T19:20:07","guid":{"rendered":"https:\/\/nextsnkr.com\/product\/adidas-niteball-2-0-black-gum-premium\/"},"modified":"2026-02-01T19:05:27","modified_gmt":"2026-02-01T16:05:27","slug":"adidas-niteball-2-0-black-gum-premium","status":"publish","type":"product","link":"https:\/\/nextsnkr.com\/lt\/produktas\/adidas-niteball-2-0-black-gum-premium\/","title":{"rendered":"ADIDAS NITEBALL 2.0 Black \/ Gum sportba\u010diai i\u0161 zom\u0161os ir odos"},"content":{"rendered":"<h2>ADIDAS NITEBALL 2.0 Black \/ Gum sportba\u010diai i\u0161 zom\u0161os ir odos<\/h2>\n<p>Stilingi sportba\u010diai Adidas NITEBALL 2.0 juodos spalvos su guminiu padu pagaminti i\u0161 nat\u016bralaus zom\u0161os ir odos su refleksiniais elementais. Idealiai tinka kasdieniniam d\u0117v\u0117jimui ir aktyviam poilsiui. \u0160ie &#8222;adidas&#8221; Premium sportba\u010diai derina komfort\u0105, patvarum\u0105 ir \u0161iuolaiki\u0161k\u0105 dizain\u0105, pabr\u0117\u017eiant j\u016bs\u0173 stili\u0173 ir individualum\u0105 bet kokiomis s\u0105lygomis.<\/p>\n","protected":false},"excerpt":{"rendered":"<p>Stilingi sportba\u010diai Adidas NITEBALL 2.0 juodos spalvos su guminiu padu pagaminti i\u0161 nat\u016bralaus zom\u0161os ir odos su refleksiniais elementais. Idealiai tinka kasdieniniam d\u0117v\u0117jimui ir aktyviam poilsiui. \u0160ie &#8222;adidas&#8221; Premium sportba\u010diai derina komfort\u0105, patvarum\u0105 ir \u0161iuolaiki\u0161k\u0105 dizain\u0105, pabr\u0117\u017eiant j\u016bs\u0173 stili\u0173 ir individualum\u0105 bet kokiomis s\u0105lygomis.<\/p>\n","protected":false},"featured_media":580258,"comment_status":"open","ping_status":"open","template":"","meta":[],"product_brand":[],"product_cat":[3264,3265],"product_tag":[],"class_list":{"0":"post-580257","1":"product","2":"type-product","3":"status-publish","4":"has-post-thumbnail","6":"product_cat-all-product","7":"product_cat-krosivky","8":"pa_rozmir-910","9":"pa_rozmir-912","10":"pa_rozmir-914","11":"pa_rozmir-915","12":"pa_rozmir-916","13":"pa_rozmir-917","14":"pa_rozmir-918","15":"pa_rozmir-919","16":"pa_rozmir-920","17":"pa_rozmir-921","18":"pa_rozmir-922","20":"first","21":"instock","22":"purchasable","23":"product-type-variable"},"_links":{"self":[{"href":"https:\/\/nextsnkr.com\/lt\/wp-json\/wp\/v2\/product\/580257","targetHints":{"allow":["GET"]}}],"collection":[{"href":"https:\/\/nextsnkr.com\/lt\/wp-json\/wp\/v2\/product"}],"about":[{"href":"https:\/\/nextsnkr.com\/lt\/wp-json\/wp\/v2\/types\/product"}],"replies":[{"embeddable":true,"href":"https:\/\/nextsnkr.com\/lt\/wp-json\/wp\/v2\/comments?post=580257"}],"version-history":[{"count":0,"href":"https:\/\/nextsnkr.com\/lt\/wp-json\/wp\/v2\/product\/580257\/revisions"}],"wp:featuredmedia":[{"embeddable":true,"href":"https:\/\/nextsnkr.com\/lt\/wp-json\/wp\/v2\/media\/580258"}],"wp:attachment":[{"href":"https:\/\/nextsnkr.com\/lt\/wp-json\/wp\/v2\/media?parent=580257"}],"wp:term":[{"taxonomy":"product_brand","embeddable":true,"href":"https:\/\/nextsnkr.com\/lt\/wp-json\/wp\/v2\/product_brand?post=580257"},{"taxonomy":"product_cat","embeddable":true,"href":"https:\/\/nextsnkr.com\/lt\/wp-json\/wp\/v2\/product_cat?post=580257"},{"taxonomy":"product_tag","embeddable":true,"href":"https:\/\/nextsnkr.com\/lt\/wp-json\/wp\/v2\/product_tag?post=580257"}],"curies":[{"name":"wp","href":"https:\/\/api.w.org\/{rel}","templated":true}]}}