{"id":579972,"date":"2025-06-19T22:22:41","date_gmt":"2025-06-19T19:22:41","guid":{"rendered":"https:\/\/nextsnkr.com\/product\/panama-prada\/"},"modified":"2026-02-01T19:05:13","modified_gmt":"2026-02-01T16:05:13","slug":"panama-prada","status":"publish","type":"product","link":"https:\/\/nextsnkr.com\/lt\/produktas\/panama-prada\/","title":{"rendered":"Panama Prada i\u0161 tekstil\u0117s stilingai apsaugai nuo saul\u0117s"},"content":{"rendered":"<h2>Panama Prada i\u0161 tekstil\u0117s stilingai apsaugai nuo saul\u0117s<\/h2>\n<p>Panama Prada Pagaminta i\u0161 auk\u0161tos kokyb\u0117s tekstil\u0117s, u\u017etikrinan\u010dios komfort\u0105 ir patikim\u0105 apsaug\u0105 nuo saul\u0117s. Eleganti\u0161kas prek\u0117s \u017eenklo dizainas sujungia stili\u0173 ir prakti\u0161kum\u0105, tinka kasdieniam d\u0117v\u0117jimui ir aktyviam poilsiui. Lengva med\u017eiaga garantuoja patogum\u0105 kar\u0161tyje, o eleganti\u0161kas dizainas pabr\u0117\u017eia j\u016bs\u0173 individualum\u0105. Idealus pasirinkimas tiems, kurie vertina prek\u0117s \u017eenkl\u0105, kokyb\u0119 ir komfort\u0105 vasaros spintoje.<\/p>\n","protected":false},"excerpt":{"rendered":"<p>Panama Prada Pagaminta i\u0161 auk\u0161tos kokyb\u0117s tekstil\u0117s, u\u017etikrinan\u010dios komfort\u0105 ir patikim\u0105 apsaug\u0105 nuo saul\u0117s. Eleganti\u0161kas prek\u0117s \u017eenklo dizainas sujungia stili\u0173 ir prakti\u0161kum\u0105, tinka kasdieniam d\u0117v\u0117jimui ir aktyviam poilsiui. Lengva med\u017eiaga garantuoja patogum\u0105 kar\u0161tyje, o eleganti\u0161kas dizainas pabr\u0117\u017eia j\u016bs\u0173 individualum\u0105. Idealus pasirinkimas tiems, kurie vertina prek\u0117s \u017eenkl\u0105, kokyb\u0119 ir komfort\u0105 vasaros spintoje.<\/p>\n","protected":false},"featured_media":579973,"comment_status":"open","ping_status":"open","template":"","meta":[],"product_brand":[],"product_cat":[3264],"product_tag":[],"class_list":{"0":"post-579972","1":"product","2":"type-product","3":"status-publish","4":"has-post-thumbnail","6":"product_cat-all-product","7":"pa_rozmir-one-size","9":"first","10":"instock","11":"purchasable","12":"product-type-simple"},"_links":{"self":[{"href":"https:\/\/nextsnkr.com\/lt\/wp-json\/wp\/v2\/product\/579972","targetHints":{"allow":["GET"]}}],"collection":[{"href":"https:\/\/nextsnkr.com\/lt\/wp-json\/wp\/v2\/product"}],"about":[{"href":"https:\/\/nextsnkr.com\/lt\/wp-json\/wp\/v2\/types\/product"}],"replies":[{"embeddable":true,"href":"https:\/\/nextsnkr.com\/lt\/wp-json\/wp\/v2\/comments?post=579972"}],"version-history":[{"count":0,"href":"https:\/\/nextsnkr.com\/lt\/wp-json\/wp\/v2\/product\/579972\/revisions"}],"wp:featuredmedia":[{"embeddable":true,"href":"https:\/\/nextsnkr.com\/lt\/wp-json\/wp\/v2\/media\/579973"}],"wp:attachment":[{"href":"https:\/\/nextsnkr.com\/lt\/wp-json\/wp\/v2\/media?parent=579972"}],"wp:term":[{"taxonomy":"product_brand","embeddable":true,"href":"https:\/\/nextsnkr.com\/lt\/wp-json\/wp\/v2\/product_brand?post=579972"},{"taxonomy":"product_cat","embeddable":true,"href":"https:\/\/nextsnkr.com\/lt\/wp-json\/wp\/v2\/product_cat?post=579972"},{"taxonomy":"product_tag","embeddable":true,"href":"https:\/\/nextsnkr.com\/lt\/wp-json\/wp\/v2\/product_tag?post=579972"}],"curies":[{"name":"wp","href":"https:\/\/api.w.org\/{rel}","templated":true}]}}