{"id":579354,"date":"2025-06-19T23:09:06","date_gmt":"2025-06-19T20:09:06","guid":{"rendered":"https:\/\/nextsnkr.com\/product\/1906r-red-white\/"},"modified":"2026-02-01T19:04:55","modified_gmt":"2026-02-01T16:04:55","slug":"1906r-red-white","status":"publish","type":"product","link":"https:\/\/nextsnkr.com\/lt\/produktas\/1906r-red-white\/","title":{"rendered":"Batai 1906r Red \/ White odos tekstil\u0117s stilingas"},"content":{"rendered":"<h2>Batai 1906r Red \/ White odos tekstil\u0117s stilingas<\/h2>\n<p>Sportba\u010diai 1906r Red \/ White pagaminti i\u0161 auk\u0161tos kokyb\u0117s odos ir tekstil\u0117s, kuri u\u017etikrina komfort\u0105 ir ilgaam\u017ei\u0161kum\u0105. Modelis tinka kasdieniam d\u0117v\u0117jimui ir aktyviam poilsiui, derinant ry\u0161k\u0173 dizain\u0105 ir patikim\u0105 P\u0117dos fiksacij\u0105. Idealus pasirinkimas tiems, kurie vertina kasdieni\u0173 bat\u0173 stili\u0173, kokyb\u0119 ir prakti\u0161kum\u0105.<\/p>\n","protected":false},"excerpt":{"rendered":"<p>Sportba\u010diai 1906r Red \/ White pagaminti i\u0161 auk\u0161tos kokyb\u0117s odos ir tekstil\u0117s, kuri u\u017etikrina komfort\u0105 ir ilgaam\u017ei\u0161kum\u0105. Modelis tinka kasdieniam d\u0117v\u0117jimui ir aktyviam poilsiui, derinant ry\u0161k\u0173 dizain\u0105 ir patikim\u0105 P\u0117dos fiksacij\u0105. Idealus pasirinkimas tiems, kurie vertina kasdieni\u0173 bat\u0173 stili\u0173, kokyb\u0119 ir prakti\u0161kum\u0105.<\/p>\n","protected":false},"featured_media":579355,"comment_status":"open","ping_status":"open","template":"","meta":[],"product_brand":[],"product_cat":[3264,3265],"product_tag":[],"class_list":{"0":"post-579354","1":"product","2":"type-product","3":"status-publish","4":"has-post-thumbnail","6":"product_cat-all-product","7":"product_cat-krosivky","8":"pa_rozmir-910","9":"pa_rozmir-912","10":"pa_rozmir-914","11":"pa_rozmir-915","12":"pa_rozmir-916","13":"pa_rozmir-917","14":"pa_rozmir-918","15":"pa_rozmir-919","16":"pa_rozmir-920","17":"pa_rozmir-921","18":"pa_rozmir-922","20":"first","21":"instock","22":"purchasable","23":"product-type-variable"},"_links":{"self":[{"href":"https:\/\/nextsnkr.com\/lt\/wp-json\/wp\/v2\/product\/579354","targetHints":{"allow":["GET"]}}],"collection":[{"href":"https:\/\/nextsnkr.com\/lt\/wp-json\/wp\/v2\/product"}],"about":[{"href":"https:\/\/nextsnkr.com\/lt\/wp-json\/wp\/v2\/types\/product"}],"replies":[{"embeddable":true,"href":"https:\/\/nextsnkr.com\/lt\/wp-json\/wp\/v2\/comments?post=579354"}],"version-history":[{"count":0,"href":"https:\/\/nextsnkr.com\/lt\/wp-json\/wp\/v2\/product\/579354\/revisions"}],"wp:featuredmedia":[{"embeddable":true,"href":"https:\/\/nextsnkr.com\/lt\/wp-json\/wp\/v2\/media\/579355"}],"wp:attachment":[{"href":"https:\/\/nextsnkr.com\/lt\/wp-json\/wp\/v2\/media?parent=579354"}],"wp:term":[{"taxonomy":"product_brand","embeddable":true,"href":"https:\/\/nextsnkr.com\/lt\/wp-json\/wp\/v2\/product_brand?post=579354"},{"taxonomy":"product_cat","embeddable":true,"href":"https:\/\/nextsnkr.com\/lt\/wp-json\/wp\/v2\/product_cat?post=579354"},{"taxonomy":"product_tag","embeddable":true,"href":"https:\/\/nextsnkr.com\/lt\/wp-json\/wp\/v2\/product_tag?post=579354"}],"curies":[{"name":"wp","href":"https:\/\/api.w.org\/{rel}","templated":true}]}}