{"id":578674,"date":"2025-06-23T08:58:08","date_gmt":"2025-06-23T05:58:08","guid":{"rendered":"https:\/\/nextsnkr.com\/product\/3xl-dirty-beige\/"},"modified":"2026-02-01T19:04:38","modified_gmt":"2026-02-01T16:04:38","slug":"3xl-dirty-beige","status":"publish","type":"product","link":"https:\/\/nextsnkr.com\/lt\/produktas\/3xl-dirty-beige\/","title":{"rendered":"3XL Dirty Beige odiniai sportba\u010diai su tekstile kasdieniam stiliui"},"content":{"rendered":"<h2>3XL Dirty Beige odiniai sportba\u010diai su tekstile kasdieniam stiliui<\/h2>\n<p>3XL Dirty Beige sportba\u010diai derina kokybi\u0161k\u0105 od\u0105 ir tekstil\u0119, u\u017etikrina komfort\u0105 ir ilgaam\u017ei\u0161kum\u0105. Pagaminta Vietname, jie idealiai tinka kasdieniam d\u0117v\u0117jimui ir stilingo \u012fvaizd\u017eio k\u016brimui. Mink\u0161tas padas suteikia patogum\u0105 vis\u0105 dien\u0105, o modernus Sm\u0117lio spalvos dizainas prideda elegancijos ir universalumo. Pasirinkimas tiems, kurie vertina komfort\u0105, kokyb\u0119 ir mading\u0105 stili\u0173.<\/p>\n","protected":false},"excerpt":{"rendered":"<p>3XL Dirty Beige sportba\u010diai derina kokybi\u0161k\u0105 od\u0105 ir tekstil\u0119, u\u017etikrina komfort\u0105 ir ilgaam\u017ei\u0161kum\u0105. Pagaminta Vietname, jie idealiai tinka kasdieniam d\u0117v\u0117jimui ir stilingo \u012fvaizd\u017eio k\u016brimui. Mink\u0161tas padas suteikia patogum\u0105 vis\u0105 dien\u0105, o modernus Sm\u0117lio spalvos dizainas prideda elegancijos ir universalumo. Pasirinkimas tiems, kurie vertina komfort\u0105, kokyb\u0119 ir mading\u0105 stili\u0173.<\/p>\n","protected":false},"featured_media":578675,"comment_status":"open","ping_status":"open","template":"","meta":[],"product_brand":[],"product_cat":[3264,3265],"product_tag":[],"class_list":{"0":"post-578674","1":"product","2":"type-product","3":"status-publish","4":"has-post-thumbnail","6":"product_cat-all-product","7":"product_cat-krosivky","8":"pa_rozmir-910","9":"pa_rozmir-912","10":"pa_rozmir-914","11":"pa_rozmir-915","12":"pa_rozmir-916","13":"pa_rozmir-917","14":"pa_rozmir-918","15":"pa_rozmir-919","16":"pa_rozmir-920","17":"pa_rozmir-921","18":"pa_rozmir-922","20":"first","21":"onbackorder","22":"purchasable","23":"product-type-variable"},"_links":{"self":[{"href":"https:\/\/nextsnkr.com\/lt\/wp-json\/wp\/v2\/product\/578674","targetHints":{"allow":["GET"]}}],"collection":[{"href":"https:\/\/nextsnkr.com\/lt\/wp-json\/wp\/v2\/product"}],"about":[{"href":"https:\/\/nextsnkr.com\/lt\/wp-json\/wp\/v2\/types\/product"}],"replies":[{"embeddable":true,"href":"https:\/\/nextsnkr.com\/lt\/wp-json\/wp\/v2\/comments?post=578674"}],"version-history":[{"count":0,"href":"https:\/\/nextsnkr.com\/lt\/wp-json\/wp\/v2\/product\/578674\/revisions"}],"wp:featuredmedia":[{"embeddable":true,"href":"https:\/\/nextsnkr.com\/lt\/wp-json\/wp\/v2\/media\/578675"}],"wp:attachment":[{"href":"https:\/\/nextsnkr.com\/lt\/wp-json\/wp\/v2\/media?parent=578674"}],"wp:term":[{"taxonomy":"product_brand","embeddable":true,"href":"https:\/\/nextsnkr.com\/lt\/wp-json\/wp\/v2\/product_brand?post=578674"},{"taxonomy":"product_cat","embeddable":true,"href":"https:\/\/nextsnkr.com\/lt\/wp-json\/wp\/v2\/product_cat?post=578674"},{"taxonomy":"product_tag","embeddable":true,"href":"https:\/\/nextsnkr.com\/lt\/wp-json\/wp\/v2\/product_tag?post=578674"}],"curies":[{"name":"wp","href":"https:\/\/api.w.org\/{rel}","templated":true}]}}