{"id":857637,"date":"2025-06-11T23:21:27","date_gmt":"2025-06-11T20:21:27","guid":{"rendered":"https:\/\/nextsnkr.com\/product\/cali-dark-yellow\/"},"modified":"2026-01-31T23:44:00","modified_gmt":"2026-01-31T20:44:00","slug":"cali-dark-yellow","status":"publish","type":"product","link":"https:\/\/nextsnkr.com\/it\/prodotto\/cali-dark-yellow\/","title":{"rendered":"Scarpe Da Ginnastica Cali Dark Yellow-pelle elegante per l&#8217;uso quotidiano"},"content":{"rendered":"<h2>Scarpe Da Ginnastica Cali Dark Yellow-pelle elegante per l&#8217;uso quotidiano<\/h2>\n<p>Le sneakers Cali Dark Yellow sono realizzate in pelle di alta qualit\u00e0, che offre comfort e durata. Il modello del marchio Cali combina design moderno e praticit\u00e0, adatto per l&#8217;uso quotidiano attivo. Il brillante colore giallo scuro esalta la personalit\u00e0 e aggiunge un accento elegante a qualsiasi look, rendendo le sneaker indispensabili nel tuo guardaroba.<\/p>\n","protected":false},"excerpt":{"rendered":"<p>Le sneakers Cali Dark Yellow sono realizzate in pelle di alta qualit\u00e0, che offre comfort e durata. Il modello del marchio Cali combina design moderno e praticit\u00e0, adatto per l&#8217;uso quotidiano attivo. Il brillante colore giallo scuro esalta la personalit\u00e0 e aggiunge un accento elegante a qualsiasi look, rendendo le sneaker indispensabili nel tuo guardaroba.<\/p>\n","protected":false},"featured_media":857638,"comment_status":"open","ping_status":"open","template":"","meta":[],"product_brand":[],"product_cat":[3238,3321],"product_tag":[],"class_list":{"0":"post-857637","1":"product","2":"type-product","3":"status-publish","4":"has-post-thumbnail","6":"product_cat-all-product","7":"product_cat-kedy","8":"pa_rozmir-910","9":"pa_rozmir-912","10":"pa_rozmir-914","11":"pa_rozmir-915","12":"pa_rozmir-916","13":"pa_rozmir-917","14":"pa_rozmir-918","15":"pa_rozmir-919","16":"pa_rozmir-920","17":"pa_rozmir-921","18":"pa_rozmir-922","20":"first","21":"instock","22":"purchasable","23":"product-type-variable"},"_links":{"self":[{"href":"https:\/\/nextsnkr.com\/it\/wp-json\/wp\/v2\/product\/857637","targetHints":{"allow":["GET"]}}],"collection":[{"href":"https:\/\/nextsnkr.com\/it\/wp-json\/wp\/v2\/product"}],"about":[{"href":"https:\/\/nextsnkr.com\/it\/wp-json\/wp\/v2\/types\/product"}],"replies":[{"embeddable":true,"href":"https:\/\/nextsnkr.com\/it\/wp-json\/wp\/v2\/comments?post=857637"}],"version-history":[{"count":0,"href":"https:\/\/nextsnkr.com\/it\/wp-json\/wp\/v2\/product\/857637\/revisions"}],"wp:featuredmedia":[{"embeddable":true,"href":"https:\/\/nextsnkr.com\/it\/wp-json\/wp\/v2\/media\/857638"}],"wp:attachment":[{"href":"https:\/\/nextsnkr.com\/it\/wp-json\/wp\/v2\/media?parent=857637"}],"wp:term":[{"taxonomy":"product_brand","embeddable":true,"href":"https:\/\/nextsnkr.com\/it\/wp-json\/wp\/v2\/product_brand?post=857637"},{"taxonomy":"product_cat","embeddable":true,"href":"https:\/\/nextsnkr.com\/it\/wp-json\/wp\/v2\/product_cat?post=857637"},{"taxonomy":"product_tag","embeddable":true,"href":"https:\/\/nextsnkr.com\/it\/wp-json\/wp\/v2\/product_tag?post=857637"}],"curies":[{"name":"wp","href":"https:\/\/api.w.org\/{rel}","templated":true}]}}