{"id":853676,"date":"2025-06-11T23:02:05","date_gmt":"2025-06-11T20:02:05","guid":{"rendered":"https:\/\/nextsnkr.com\/product\/nike-v2k-run-white-platinum-tint-green\/"},"modified":"2026-01-31T23:41:49","modified_gmt":"2026-01-31T20:41:49","slug":"nike-v2k-run-white-platinum-tint-green","status":"publish","type":"product","link":"https:\/\/nextsnkr.com\/it\/prodotto\/nike-v2k-run-white-platinum-tint-green\/","title":{"rendered":"Nike V2K Run White Platinum Tint Green-sneakers in pelle e tessuto"},"content":{"rendered":"<h2>Nike V2K Run White Platinum Tint Green-sneakers in pelle e tessuto<\/h2>\n<p>Le sneakers Nike V2K Run White Platinum Tint Green combinano design elegante e comfort per l&#8217;uso quotidiano. La tomaia in pelle e tessuto offre durata e ventilazione, mentre la suola ammortizzante garantisce morbidezza e supporto durante la camminata o la corsa. Le versatili tonalit\u00e0 chiare con accenti verdi aggiungono luminosit\u00e0 al look e si abbinano facilmente a qualsiasi stile di abbigliamento. Nike V2K Run White Platinum Tint Green \u00e8 la scelta perfetta per una vita urbana attiva ed elegante.<\/p>\n","protected":false},"excerpt":{"rendered":"<p>Le sneakers Nike V2K Run White Platinum Tint Green combinano design elegante e comfort per l&#8217;uso quotidiano. La tomaia in pelle e tessuto offre durata e ventilazione, mentre la suola ammortizzante garantisce morbidezza e supporto durante la camminata o la corsa. Le versatili tonalit\u00e0 chiare con accenti verdi aggiungono luminosit\u00e0 al look e si abbinano facilmente a qualsiasi stile di abbigliamento. Nike V2K Run White Platinum Tint Green \u00e8 la scelta perfetta per una vita urbana attiva ed elegante.<\/p>\n","protected":false},"featured_media":853677,"comment_status":"open","ping_status":"open","template":"","meta":[],"product_brand":[],"product_cat":[3238,3239],"product_tag":[],"class_list":{"0":"post-853676","1":"product","2":"type-product","3":"status-publish","4":"has-post-thumbnail","6":"product_cat-all-product","7":"product_cat-krosivky","8":"pa_rozmir-910","9":"pa_rozmir-912","10":"pa_rozmir-914","11":"pa_rozmir-915","12":"pa_rozmir-916","13":"pa_rozmir-917","14":"pa_rozmir-918","15":"pa_rozmir-919","16":"pa_rozmir-920","17":"pa_rozmir-921","18":"pa_rozmir-922","20":"first","21":"onbackorder","22":"purchasable","23":"product-type-variable"},"_links":{"self":[{"href":"https:\/\/nextsnkr.com\/it\/wp-json\/wp\/v2\/product\/853676","targetHints":{"allow":["GET"]}}],"collection":[{"href":"https:\/\/nextsnkr.com\/it\/wp-json\/wp\/v2\/product"}],"about":[{"href":"https:\/\/nextsnkr.com\/it\/wp-json\/wp\/v2\/types\/product"}],"replies":[{"embeddable":true,"href":"https:\/\/nextsnkr.com\/it\/wp-json\/wp\/v2\/comments?post=853676"}],"version-history":[{"count":0,"href":"https:\/\/nextsnkr.com\/it\/wp-json\/wp\/v2\/product\/853676\/revisions"}],"wp:featuredmedia":[{"embeddable":true,"href":"https:\/\/nextsnkr.com\/it\/wp-json\/wp\/v2\/media\/853677"}],"wp:attachment":[{"href":"https:\/\/nextsnkr.com\/it\/wp-json\/wp\/v2\/media?parent=853676"}],"wp:term":[{"taxonomy":"product_brand","embeddable":true,"href":"https:\/\/nextsnkr.com\/it\/wp-json\/wp\/v2\/product_brand?post=853676"},{"taxonomy":"product_cat","embeddable":true,"href":"https:\/\/nextsnkr.com\/it\/wp-json\/wp\/v2\/product_cat?post=853676"},{"taxonomy":"product_tag","embeddable":true,"href":"https:\/\/nextsnkr.com\/it\/wp-json\/wp\/v2\/product_tag?post=853676"}],"curies":[{"name":"wp","href":"https:\/\/api.w.org\/{rel}","templated":true}]}}