{"id":848746,"date":"2025-06-11T23:23:23","date_gmt":"2025-06-11T20:23:23","guid":{"rendered":"https:\/\/nextsnkr.com\/product\/no-brand-black-fur\/"},"modified":"2026-01-31T23:38:57","modified_gmt":"2026-01-31T20:38:57","slug":"no-brand-black-fur","status":"publish","type":"product","link":"https:\/\/nextsnkr.com\/it\/prodotto\/no-brand-black-fur\/","title":{"rendered":"Stivali No Brand black Fur-pelle calda per l&#8217;inverno e l&#8217;uso quotidiano"},"content":{"rendered":"<h2>Stivali No Brand black Fur-pelle calda per l&#8217;inverno e l&#8217;uso quotidiano<\/h2>\n<p>Gli stivali No Brand black Fur sono realizzati in pelle di alta qualit\u00e0 e sono isolati con morbida pelliccia, che offre comfort e calore durante la stagione fredda. L&#8217;elegante design nero enfatizza l&#8217;eleganza e la versatilit\u00e0, permettendoti di abbinarli a una variet\u00e0 di look. Ideali per l&#8217;uso quotidiano e per lunghe passeggiate, questi stivali garantiscono durata, praticit\u00e0 e un aspetto premium in tutte le condizioni.<\/p>\n","protected":false},"excerpt":{"rendered":"<p>Gli stivali No Brand black Fur sono realizzati in pelle di alta qualit\u00e0 e sono isolati con morbida pelliccia, che offre comfort e calore durante la stagione fredda. L&#8217;elegante design nero enfatizza l&#8217;eleganza e la versatilit\u00e0, permettendoti di abbinarli a una variet\u00e0 di look. Ideali per l&#8217;uso quotidiano e per lunghe passeggiate, questi stivali garantiscono durata, praticit\u00e0 e un aspetto premium in tutte le condizioni.<\/p>\n","protected":false},"featured_media":848747,"comment_status":"open","ping_status":"open","template":"","meta":[],"product_brand":[],"product_cat":[3238,3334],"product_tag":[],"class_list":{"0":"post-848746","1":"product","2":"type-product","3":"status-publish","4":"has-post-thumbnail","6":"product_cat-all-product","7":"product_cat-cherevyky","8":"pa_rozmir-910","9":"pa_rozmir-912","10":"pa_rozmir-914","11":"pa_rozmir-915","12":"pa_rozmir-916","13":"pa_rozmir-917","14":"pa_rozmir-918","15":"pa_rozmir-919","16":"pa_rozmir-920","17":"pa_rozmir-921","18":"pa_rozmir-922","20":"first","21":"instock","22":"purchasable","23":"product-type-variable"},"_links":{"self":[{"href":"https:\/\/nextsnkr.com\/it\/wp-json\/wp\/v2\/product\/848746","targetHints":{"allow":["GET"]}}],"collection":[{"href":"https:\/\/nextsnkr.com\/it\/wp-json\/wp\/v2\/product"}],"about":[{"href":"https:\/\/nextsnkr.com\/it\/wp-json\/wp\/v2\/types\/product"}],"replies":[{"embeddable":true,"href":"https:\/\/nextsnkr.com\/it\/wp-json\/wp\/v2\/comments?post=848746"}],"version-history":[{"count":0,"href":"https:\/\/nextsnkr.com\/it\/wp-json\/wp\/v2\/product\/848746\/revisions"}],"wp:featuredmedia":[{"embeddable":true,"href":"https:\/\/nextsnkr.com\/it\/wp-json\/wp\/v2\/media\/848747"}],"wp:attachment":[{"href":"https:\/\/nextsnkr.com\/it\/wp-json\/wp\/v2\/media?parent=848746"}],"wp:term":[{"taxonomy":"product_brand","embeddable":true,"href":"https:\/\/nextsnkr.com\/it\/wp-json\/wp\/v2\/product_brand?post=848746"},{"taxonomy":"product_cat","embeddable":true,"href":"https:\/\/nextsnkr.com\/it\/wp-json\/wp\/v2\/product_cat?post=848746"},{"taxonomy":"product_tag","embeddable":true,"href":"https:\/\/nextsnkr.com\/it\/wp-json\/wp\/v2\/product_tag?post=848746"}],"curies":[{"name":"wp","href":"https:\/\/api.w.org\/{rel}","templated":true}]}}