{"id":845860,"date":"2025-06-11T23:30:10","date_gmt":"2025-06-11T20:30:10","guid":{"rendered":"https:\/\/nextsnkr.com\/product\/yeezy-700-static\/"},"modified":"2026-01-31T23:37:24","modified_gmt":"2026-01-31T20:37:24","slug":"yeezy-700-static","status":"publish","type":"product","link":"https:\/\/nextsnkr.com\/it\/prodotto\/yeezy-700-static\/","title":{"rendered":"Sneakers Yeezy 700 Static-eleganti scarpe da ginnastica in tessuto per la citt\u00e0"},"content":{"rendered":"<h2>Sneakers Yeezy 700 Static-eleganti scarpe da ginnastica in tessuto per la citt\u00e0<\/h2>\n<p>Le sneakers Yeezy 700 Static sono realizzate con tessuti di alta qualit\u00e0, che offrono comfort, leggerezza e un&#8217;eccellente ventilazione del piede. Il modello \u00e8 caratterizzato da un design moderno, suola robusta e durata. Prodotte in Cina, queste sneaker sono perfette per l&#8217;uso quotidiano, le passeggiate in citt\u00e0 e le attivit\u00e0 all&#8217;aria aperta. Scegli Yeezy 700 Static per combinare stile, comfort e affidabilit\u00e0 in ogni fase.<\/p>\n","protected":false},"excerpt":{"rendered":"<p>Le sneakers Yeezy 700 Static sono realizzate con tessuti di alta qualit\u00e0, che offrono comfort, leggerezza e un&#8217;eccellente ventilazione del piede. Il modello \u00e8 caratterizzato da un design moderno, suola robusta e durata. Prodotte in Cina, queste sneaker sono perfette per l&#8217;uso quotidiano, le passeggiate in citt\u00e0 e le attivit\u00e0 all&#8217;aria aperta. Scegli Yeezy 700 Static per combinare stile, comfort e affidabilit\u00e0 in ogni fase.<\/p>\n","protected":false},"featured_media":845861,"comment_status":"open","ping_status":"open","template":"","meta":[],"product_brand":[],"product_cat":[3399,3238,3239],"product_tag":[],"class_list":{"0":"post-845860","1":"product","2":"type-product","3":"status-publish","4":"has-post-thumbnail","6":"product_cat-adidas-yeezy","7":"product_cat-all-product","8":"product_cat-krosivky","9":"pa_rozmir-910","10":"pa_rozmir-912","11":"pa_rozmir-914","12":"pa_rozmir-915","13":"pa_rozmir-916","14":"pa_rozmir-917","15":"pa_rozmir-918","16":"pa_rozmir-919","17":"pa_rozmir-920","18":"pa_rozmir-921","19":"pa_rozmir-922","21":"first","22":"instock","23":"purchasable","24":"product-type-variable"},"_links":{"self":[{"href":"https:\/\/nextsnkr.com\/it\/wp-json\/wp\/v2\/product\/845860","targetHints":{"allow":["GET"]}}],"collection":[{"href":"https:\/\/nextsnkr.com\/it\/wp-json\/wp\/v2\/product"}],"about":[{"href":"https:\/\/nextsnkr.com\/it\/wp-json\/wp\/v2\/types\/product"}],"replies":[{"embeddable":true,"href":"https:\/\/nextsnkr.com\/it\/wp-json\/wp\/v2\/comments?post=845860"}],"version-history":[{"count":0,"href":"https:\/\/nextsnkr.com\/it\/wp-json\/wp\/v2\/product\/845860\/revisions"}],"wp:featuredmedia":[{"embeddable":true,"href":"https:\/\/nextsnkr.com\/it\/wp-json\/wp\/v2\/media\/845861"}],"wp:attachment":[{"href":"https:\/\/nextsnkr.com\/it\/wp-json\/wp\/v2\/media?parent=845860"}],"wp:term":[{"taxonomy":"product_brand","embeddable":true,"href":"https:\/\/nextsnkr.com\/it\/wp-json\/wp\/v2\/product_brand?post=845860"},{"taxonomy":"product_cat","embeddable":true,"href":"https:\/\/nextsnkr.com\/it\/wp-json\/wp\/v2\/product_cat?post=845860"},{"taxonomy":"product_tag","embeddable":true,"href":"https:\/\/nextsnkr.com\/it\/wp-json\/wp\/v2\/product_tag?post=845860"}],"curies":[{"name":"wp","href":"https:\/\/api.w.org\/{rel}","templated":true}]}}