{"id":844504,"date":"2025-06-12T08:39:42","date_gmt":"2025-06-12T05:39:42","guid":{"rendered":"https:\/\/nextsnkr.com\/product\/jadon-yellow-fur\/"},"modified":"2026-01-31T23:36:48","modified_gmt":"2026-01-31T20:36:48","slug":"jadon-yellow-fur","status":"publish","type":"product","link":"https:\/\/nextsnkr.com\/it\/prodotto\/jadon-yellow-fur\/","title":{"rendered":"Stivali in pelle Jadon Yellow Fur con pelliccia brillante per lo stile"},"content":{"rendered":"<h2>Stivali in pelle Jadon Yellow Fur con pelliccia brillante per lo stile<\/h2>\n<p>Gli stivali Jadon Yellow Fur sono realizzati in Vera Pelle In Vietnam e hanno una pelliccia elegante e luminosa. Resistenti e confortevoli, sono perfetti per il freddo e l&#8217;uso quotidiano attivo. Il design unico enfatizza la personalit\u00e0 e aggiunge luminosit\u00e0 a qualsiasi look. Scegli Jadon Yellow Fur per un mix di stile, qualit\u00e0 e praticit\u00e0.<\/p>\n","protected":false},"excerpt":{"rendered":"<p>Gli stivali Jadon Yellow Fur sono realizzati in Vera Pelle In Vietnam e hanno una pelliccia elegante e luminosa. Resistenti e confortevoli, sono perfetti per il freddo e l&#8217;uso quotidiano attivo. Il design unico enfatizza la personalit\u00e0 e aggiunge luminosit\u00e0 a qualsiasi look. Scegli Jadon Yellow Fur per un mix di stile, qualit\u00e0 e praticit\u00e0.<\/p>\n","protected":false},"featured_media":844505,"comment_status":"open","ping_status":"open","template":"","meta":[],"product_brand":[],"product_cat":[3238,3334],"product_tag":[],"class_list":{"0":"post-844504","1":"product","2":"type-product","3":"status-publish","4":"has-post-thumbnail","6":"product_cat-all-product","7":"product_cat-cherevyky","8":"pa_rozmir-910","9":"pa_rozmir-912","10":"pa_rozmir-914","11":"pa_rozmir-915","12":"pa_rozmir-916","13":"pa_rozmir-917","14":"pa_rozmir-918","15":"pa_rozmir-919","16":"pa_rozmir-920","17":"pa_rozmir-921","18":"pa_rozmir-922","20":"first","21":"instock","22":"purchasable","23":"product-type-variable"},"_links":{"self":[{"href":"https:\/\/nextsnkr.com\/it\/wp-json\/wp\/v2\/product\/844504","targetHints":{"allow":["GET"]}}],"collection":[{"href":"https:\/\/nextsnkr.com\/it\/wp-json\/wp\/v2\/product"}],"about":[{"href":"https:\/\/nextsnkr.com\/it\/wp-json\/wp\/v2\/types\/product"}],"replies":[{"embeddable":true,"href":"https:\/\/nextsnkr.com\/it\/wp-json\/wp\/v2\/comments?post=844504"}],"version-history":[{"count":0,"href":"https:\/\/nextsnkr.com\/it\/wp-json\/wp\/v2\/product\/844504\/revisions"}],"wp:featuredmedia":[{"embeddable":true,"href":"https:\/\/nextsnkr.com\/it\/wp-json\/wp\/v2\/media\/844505"}],"wp:attachment":[{"href":"https:\/\/nextsnkr.com\/it\/wp-json\/wp\/v2\/media?parent=844504"}],"wp:term":[{"taxonomy":"product_brand","embeddable":true,"href":"https:\/\/nextsnkr.com\/it\/wp-json\/wp\/v2\/product_brand?post=844504"},{"taxonomy":"product_cat","embeddable":true,"href":"https:\/\/nextsnkr.com\/it\/wp-json\/wp\/v2\/product_cat?post=844504"},{"taxonomy":"product_tag","embeddable":true,"href":"https:\/\/nextsnkr.com\/it\/wp-json\/wp\/v2\/product_tag?post=844504"}],"curies":[{"name":"wp","href":"https:\/\/api.w.org\/{rel}","templated":true}]}}