{"id":842298,"date":"2025-06-12T08:46:41","date_gmt":"2025-06-12T05:46:41","guid":{"rendered":"https:\/\/nextsnkr.com\/product\/adidas-samba-wales-bonner-silver-metallic\/"},"modified":"2026-01-31T23:35:38","modified_gmt":"2026-01-31T20:35:38","slug":"adidas-samba-wales-bonner-silver-metallic","status":"publish","type":"product","link":"https:\/\/nextsnkr.com\/it\/prodotto\/adidas-samba-wales-bonner-silver-metallic\/","title":{"rendered":"Scarpe Da Ginnastica Adidas Samba Wales Bonner Silver Metallic in pelle elegante"},"content":{"rendered":"<h2>Scarpe Da Ginnastica Adidas Samba Wales Bonner Silver Metallic in pelle elegante<\/h2>\n<p>Le sneakers Adidas Samba Wales Bonner &#8220;Silver Metallic&#8221; sono realizzate in pelle di alta qualit\u00e0 in Vietnam. Leggeri e comodi, sono perfetti per l&#8217;uso quotidiano e le attivit\u00e0 all&#8217;aperto. L&#8217;elegante tonalit\u00e0 metallica argentata sottolinea la personalit\u00e0 e il design moderno. Scegli le sneakers Adidas Samba Wales Bonner Silver Metallic per un mix di moda, comfort e alta qualit\u00e0 nel tuo guardaroba.<\/p>\n","protected":false},"excerpt":{"rendered":"<p>Le sneakers Adidas Samba Wales Bonner &#8220;Silver Metallic&#8221; sono realizzate in pelle di alta qualit\u00e0 in Vietnam. Leggeri e comodi, sono perfetti per l&#8217;uso quotidiano e le attivit\u00e0 all&#8217;aperto. L&#8217;elegante tonalit\u00e0 metallica argentata sottolinea la personalit\u00e0 e il design moderno. Scegli le sneakers Adidas Samba Wales Bonner Silver Metallic per un mix di moda, comfort e alta qualit\u00e0 nel tuo guardaroba.<\/p>\n","protected":false},"featured_media":842299,"comment_status":"open","ping_status":"open","template":"","meta":[],"product_brand":[],"product_cat":[3238,3321],"product_tag":[],"class_list":{"0":"post-842298","1":"product","2":"type-product","3":"status-publish","4":"has-post-thumbnail","6":"product_cat-all-product","7":"product_cat-kedy","8":"pa_rozmir-910","9":"pa_rozmir-912","10":"pa_rozmir-914","11":"pa_rozmir-915","12":"pa_rozmir-916","13":"pa_rozmir-917","14":"pa_rozmir-918","15":"pa_rozmir-919","16":"pa_rozmir-920","17":"pa_rozmir-921","18":"pa_rozmir-922","20":"first","21":"instock","22":"purchasable","23":"product-type-variable"},"_links":{"self":[{"href":"https:\/\/nextsnkr.com\/it\/wp-json\/wp\/v2\/product\/842298","targetHints":{"allow":["GET"]}}],"collection":[{"href":"https:\/\/nextsnkr.com\/it\/wp-json\/wp\/v2\/product"}],"about":[{"href":"https:\/\/nextsnkr.com\/it\/wp-json\/wp\/v2\/types\/product"}],"replies":[{"embeddable":true,"href":"https:\/\/nextsnkr.com\/it\/wp-json\/wp\/v2\/comments?post=842298"}],"version-history":[{"count":0,"href":"https:\/\/nextsnkr.com\/it\/wp-json\/wp\/v2\/product\/842298\/revisions"}],"wp:featuredmedia":[{"embeddable":true,"href":"https:\/\/nextsnkr.com\/it\/wp-json\/wp\/v2\/media\/842299"}],"wp:attachment":[{"href":"https:\/\/nextsnkr.com\/it\/wp-json\/wp\/v2\/media?parent=842298"}],"wp:term":[{"taxonomy":"product_brand","embeddable":true,"href":"https:\/\/nextsnkr.com\/it\/wp-json\/wp\/v2\/product_brand?post=842298"},{"taxonomy":"product_cat","embeddable":true,"href":"https:\/\/nextsnkr.com\/it\/wp-json\/wp\/v2\/product_cat?post=842298"},{"taxonomy":"product_tag","embeddable":true,"href":"https:\/\/nextsnkr.com\/it\/wp-json\/wp\/v2\/product_tag?post=842298"}],"curies":[{"name":"wp","href":"https:\/\/api.w.org\/{rel}","templated":true}]}}