{"id":832235,"date":"2025-06-12T15:56:18","date_gmt":"2025-06-12T12:56:18","guid":{"rendered":"https:\/\/nextsnkr.com\/product\/walk-n-dior-platform-midnight-bloom-premium\/"},"modified":"2026-01-31T23:30:24","modified_gmt":"2026-01-31T20:30:24","slug":"walk-n-dior-platform-midnight-bloom-premium","status":"publish","type":"product","link":"https:\/\/nextsnkr.com\/it\/prodotto\/walk-n-dior-platform-midnight-bloom-premium\/","title":{"rendered":"Scarpe Da Ginnastica Walk-N Dior Platform Midnight Bloom Premium eleganti \u2b50\ufe0f"},"content":{"rendered":"<h2>Scarpe Da Ginnastica Walk-N Dior Platform Midnight Bloom Premium eleganti \u2b50\ufe0f<\/h2>\n<p>Le sneaker Walk-N Dior Platform Midnight Bloom Premium \u2b50\ufe0f combinano design moderno e comfort per l&#8217;uso quotidiano. Realizzati in materiale di qualit\u00e0, offrono durata e praticit\u00e0 ad ogni passo. La ricca tonalit\u00e0 Midnight Bloom aggiunge eleganza e rende le sneaker versatili per qualsiasi look. Ideali per passeggiate, citt\u00e0 e attivit\u00e0 all&#8217;aria aperta, queste sneakers metteranno in risalto il tuo stile e il tuo status. Scegli Walk-N Dior per qualit\u00e0 premium e comfort ogni giorno.<\/p>\n","protected":false},"excerpt":{"rendered":"<p>Le sneaker Walk-N Dior Platform Midnight Bloom Premium \u2b50\ufe0f combinano design moderno e comfort per l&#8217;uso quotidiano. Realizzati in materiale di qualit\u00e0, offrono durata e praticit\u00e0 ad ogni passo. La ricca tonalit\u00e0 Midnight Bloom aggiunge eleganza e rende le sneaker versatili per qualsiasi look. Ideali per passeggiate, citt\u00e0 e attivit\u00e0 all&#8217;aria aperta, queste sneakers metteranno in risalto il tuo stile e il tuo status. Scegli Walk-N Dior per qualit\u00e0 premium e comfort ogni giorno.<\/p>\n","protected":false},"featured_media":832236,"comment_status":"open","ping_status":"open","template":"","meta":[],"product_brand":[],"product_cat":[3238,3321],"product_tag":[],"class_list":{"0":"post-832235","1":"product","2":"type-product","3":"status-publish","4":"has-post-thumbnail","6":"product_cat-all-product","7":"product_cat-kedy","8":"pa_rozmir-910","9":"pa_rozmir-912","10":"pa_rozmir-914","11":"pa_rozmir-915","12":"pa_rozmir-916","13":"pa_rozmir-917","14":"pa_rozmir-918","15":"pa_rozmir-919","16":"pa_rozmir-920","17":"pa_rozmir-921","18":"pa_rozmir-922","20":"first","21":"instock","22":"purchasable","23":"product-type-variable"},"_links":{"self":[{"href":"https:\/\/nextsnkr.com\/it\/wp-json\/wp\/v2\/product\/832235","targetHints":{"allow":["GET"]}}],"collection":[{"href":"https:\/\/nextsnkr.com\/it\/wp-json\/wp\/v2\/product"}],"about":[{"href":"https:\/\/nextsnkr.com\/it\/wp-json\/wp\/v2\/types\/product"}],"replies":[{"embeddable":true,"href":"https:\/\/nextsnkr.com\/it\/wp-json\/wp\/v2\/comments?post=832235"}],"version-history":[{"count":0,"href":"https:\/\/nextsnkr.com\/it\/wp-json\/wp\/v2\/product\/832235\/revisions"}],"wp:featuredmedia":[{"embeddable":true,"href":"https:\/\/nextsnkr.com\/it\/wp-json\/wp\/v2\/media\/832236"}],"wp:attachment":[{"href":"https:\/\/nextsnkr.com\/it\/wp-json\/wp\/v2\/media?parent=832235"}],"wp:term":[{"taxonomy":"product_brand","embeddable":true,"href":"https:\/\/nextsnkr.com\/it\/wp-json\/wp\/v2\/product_brand?post=832235"},{"taxonomy":"product_cat","embeddable":true,"href":"https:\/\/nextsnkr.com\/it\/wp-json\/wp\/v2\/product_cat?post=832235"},{"taxonomy":"product_tag","embeddable":true,"href":"https:\/\/nextsnkr.com\/it\/wp-json\/wp\/v2\/product_tag?post=832235"}],"curies":[{"name":"wp","href":"https:\/\/api.w.org\/{rel}","templated":true}]}}