{"id":830879,"date":"2025-06-12T16:00:16","date_gmt":"2025-06-12T13:00:16","guid":{"rendered":"https:\/\/nextsnkr.com\/product\/golden-goose-white-pink\/"},"modified":"2026-01-31T23:29:46","modified_gmt":"2026-01-31T20:29:46","slug":"golden-goose-white-pink","status":"publish","type":"product","link":"https:\/\/nextsnkr.com\/it\/prodotto\/golden-goose-white-pink\/","title":{"rendered":"Le sneakers Golden Goose White Pink sono eleganti e comode da indossare ogni giorno"},"content":{"rendered":"<h2>Le sneakers Golden Goose White Pink sono eleganti e comode da indossare ogni giorno<\/h2>\n<p>Le sneakers Golden Goose White Pink sono realizzate in materiale di qualit\u00e0, combinando design moderno e praticit\u00e0 per l&#8217;uso quotidiano attivo. La combinazione di colori bianco e rosa aggiunge tenerezza e luminosit\u00e0 al look, mentre il design leggero offre comfort quando si cammina. Ideali per passeggiate, citt\u00e0 e attivit\u00e0 all&#8217;aria aperta, queste sneaker metteranno in risalto il tuo stile e la tua personalit\u00e0. Scegli Golden Goose e goditi la combinazione di moda, comfort e durata ogni giorno.<\/p>\n","protected":false},"excerpt":{"rendered":"<p>Le sneakers Golden Goose White Pink sono realizzate in materiale di qualit\u00e0, combinando design moderno e praticit\u00e0 per l&#8217;uso quotidiano attivo. La combinazione di colori bianco e rosa aggiunge tenerezza e luminosit\u00e0 al look, mentre il design leggero offre comfort quando si cammina. Ideali per passeggiate, citt\u00e0 e attivit\u00e0 all&#8217;aria aperta, queste sneaker metteranno in risalto il tuo stile e la tua personalit\u00e0. Scegli Golden Goose e goditi la combinazione di moda, comfort e durata ogni giorno.<\/p>\n","protected":false},"featured_media":830880,"comment_status":"open","ping_status":"open","template":"","meta":[],"product_brand":[],"product_cat":[3238,3321],"product_tag":[],"class_list":{"0":"post-830879","1":"product","2":"type-product","3":"status-publish","4":"has-post-thumbnail","6":"product_cat-all-product","7":"product_cat-kedy","8":"pa_rozmir-910","9":"pa_rozmir-912","10":"pa_rozmir-914","11":"pa_rozmir-915","12":"pa_rozmir-916","13":"pa_rozmir-917","14":"pa_rozmir-918","15":"pa_rozmir-919","16":"pa_rozmir-920","17":"pa_rozmir-921","18":"pa_rozmir-922","20":"first","21":"instock","22":"purchasable","23":"product-type-variable"},"_links":{"self":[{"href":"https:\/\/nextsnkr.com\/it\/wp-json\/wp\/v2\/product\/830879","targetHints":{"allow":["GET"]}}],"collection":[{"href":"https:\/\/nextsnkr.com\/it\/wp-json\/wp\/v2\/product"}],"about":[{"href":"https:\/\/nextsnkr.com\/it\/wp-json\/wp\/v2\/types\/product"}],"replies":[{"embeddable":true,"href":"https:\/\/nextsnkr.com\/it\/wp-json\/wp\/v2\/comments?post=830879"}],"version-history":[{"count":0,"href":"https:\/\/nextsnkr.com\/it\/wp-json\/wp\/v2\/product\/830879\/revisions"}],"wp:featuredmedia":[{"embeddable":true,"href":"https:\/\/nextsnkr.com\/it\/wp-json\/wp\/v2\/media\/830880"}],"wp:attachment":[{"href":"https:\/\/nextsnkr.com\/it\/wp-json\/wp\/v2\/media?parent=830879"}],"wp:term":[{"taxonomy":"product_brand","embeddable":true,"href":"https:\/\/nextsnkr.com\/it\/wp-json\/wp\/v2\/product_brand?post=830879"},{"taxonomy":"product_cat","embeddable":true,"href":"https:\/\/nextsnkr.com\/it\/wp-json\/wp\/v2\/product_cat?post=830879"},{"taxonomy":"product_tag","embeddable":true,"href":"https:\/\/nextsnkr.com\/it\/wp-json\/wp\/v2\/product_tag?post=830879"}],"curies":[{"name":"wp","href":"https:\/\/api.w.org\/{rel}","templated":true}]}}