{"id":818907,"date":"2025-06-13T09:35:58","date_gmt":"2025-06-13T06:35:58","guid":{"rendered":"https:\/\/nextsnkr.com\/product\/new-balance-990-black-green\/"},"modified":"2026-01-31T23:23:33","modified_gmt":"2026-01-31T20:23:33","slug":"new-balance-990-black-green","status":"publish","type":"product","link":"https:\/\/nextsnkr.com\/it\/prodotto\/new-balance-990-black-green\/","title":{"rendered":"Sneakers New Balance 990 Nero \/ Verde Pelle scamosciata \/ mesh-comfort e stile"},"content":{"rendered":"<h2>Sneakers New Balance 990 Nero \/ Verde Pelle scamosciata \/ mesh-comfort e stile<\/h2>\n<p>Le eleganti sneakers New Balance 990 Black \/ Green combinano pelle scamosciata e rete per offrire comfort, propriet\u00e0 traspiranti e durata. La combinazione di colori nero e verde aggiunge versatilit\u00e0 e fa risaltare il modello in qualsiasi look. Prodotte in Vietnam, queste sneakers garantiscono una qualit\u00e0 affidabile, una vestibilit\u00e0 comoda e un design moderno. Scelta perfetta per l&#8217;uso quotidiano e lo stile di vita attivo. Codice: NB049-430089.<\/p>\n","protected":false},"excerpt":{"rendered":"<p>Le eleganti sneakers New Balance 990 Black \/ Green combinano pelle scamosciata e rete per offrire comfort, propriet\u00e0 traspiranti e durata. La combinazione di colori nero e verde aggiunge versatilit\u00e0 e fa risaltare il modello in qualsiasi look. Prodotte in Vietnam, queste sneakers garantiscono una qualit\u00e0 affidabile, una vestibilit\u00e0 comoda e un design moderno. Scelta perfetta per l&#8217;uso quotidiano e lo stile di vita attivo. Codice: NB049-430089.<\/p>\n","protected":false},"featured_media":818909,"comment_status":"open","ping_status":"open","template":"","meta":[],"product_brand":[],"product_cat":[3238,3239],"product_tag":[],"class_list":{"0":"post-818907","1":"product","2":"type-product","3":"status-publish","4":"has-post-thumbnail","6":"product_cat-all-product","7":"product_cat-krosivky","8":"pa_rozmir-910","9":"pa_rozmir-912","10":"pa_rozmir-914","11":"pa_rozmir-915","12":"pa_rozmir-916","13":"pa_rozmir-917","14":"pa_rozmir-918","15":"pa_rozmir-919","16":"pa_rozmir-920","17":"pa_rozmir-921","18":"pa_rozmir-922","20":"first","21":"instock","22":"purchasable","23":"product-type-variable"},"_links":{"self":[{"href":"https:\/\/nextsnkr.com\/it\/wp-json\/wp\/v2\/product\/818907","targetHints":{"allow":["GET"]}}],"collection":[{"href":"https:\/\/nextsnkr.com\/it\/wp-json\/wp\/v2\/product"}],"about":[{"href":"https:\/\/nextsnkr.com\/it\/wp-json\/wp\/v2\/types\/product"}],"replies":[{"embeddable":true,"href":"https:\/\/nextsnkr.com\/it\/wp-json\/wp\/v2\/comments?post=818907"}],"version-history":[{"count":0,"href":"https:\/\/nextsnkr.com\/it\/wp-json\/wp\/v2\/product\/818907\/revisions"}],"wp:featuredmedia":[{"embeddable":true,"href":"https:\/\/nextsnkr.com\/it\/wp-json\/wp\/v2\/media\/818909"}],"wp:attachment":[{"href":"https:\/\/nextsnkr.com\/it\/wp-json\/wp\/v2\/media?parent=818907"}],"wp:term":[{"taxonomy":"product_brand","embeddable":true,"href":"https:\/\/nextsnkr.com\/it\/wp-json\/wp\/v2\/product_brand?post=818907"},{"taxonomy":"product_cat","embeddable":true,"href":"https:\/\/nextsnkr.com\/it\/wp-json\/wp\/v2\/product_cat?post=818907"},{"taxonomy":"product_tag","embeddable":true,"href":"https:\/\/nextsnkr.com\/it\/wp-json\/wp\/v2\/product_tag?post=818907"}],"curies":[{"name":"wp","href":"https:\/\/api.w.org\/{rel}","templated":true}]}}