{"id":813813,"date":"2025-06-13T09:42:53","date_gmt":"2025-06-13T06:42:53","guid":{"rendered":"https:\/\/nextsnkr.com\/product\/500-blush-uteplennye\/"},"modified":"2026-01-31T23:21:03","modified_gmt":"2026-01-31T20:21:03","slug":"500-blush-uteplennye","status":"publish","type":"product","link":"https:\/\/nextsnkr.com\/it\/prodotto\/500-blush-uteplennye\/","title":{"rendered":"Sneakers 500 Blush in pelle scamosciata \/ pelliccia-comfort e calore"},"content":{"rendered":"<h2>Sneakers 500 Blush in pelle scamosciata \/ pelliccia-comfort e calore<\/h2>\n<p>Le sneaker isolate 500 Blush sono realizzate in pelle scamosciata di alta qualit\u00e0 e morbida pelliccia, che offre una protezione affidabile dal freddo e comfort durante l&#8217;uso quotidiano. Il modello combina un design elegante con praticit\u00e0, ideale per passeggiate e attivit\u00e0 all&#8217;aperto nella stagione fredda. La produzione in Vietnam garantisce la durata e la qualit\u00e0 dei materiali. Codice: YE018-168739.<\/p>\n","protected":false},"excerpt":{"rendered":"<p>Le sneaker isolate 500 Blush sono realizzate in pelle scamosciata di alta qualit\u00e0 e morbida pelliccia, che offre una protezione affidabile dal freddo e comfort durante l&#8217;uso quotidiano. Il modello combina un design elegante con praticit\u00e0, ideale per passeggiate e attivit\u00e0 all&#8217;aperto nella stagione fredda. La produzione in Vietnam garantisce la durata e la qualit\u00e0 dei materiali. Codice: YE018-168739.<\/p>\n","protected":false},"featured_media":813815,"comment_status":"open","ping_status":"open","template":"","meta":[],"product_brand":[],"product_cat":[3238,3239],"product_tag":[],"class_list":{"0":"post-813813","1":"product","2":"type-product","3":"status-publish","4":"has-post-thumbnail","6":"product_cat-all-product","7":"product_cat-krosivky","8":"pa_rozmir-910","9":"pa_rozmir-912","10":"pa_rozmir-914","11":"pa_rozmir-915","12":"pa_rozmir-916","13":"pa_rozmir-917","14":"pa_rozmir-918","15":"pa_rozmir-919","16":"pa_rozmir-920","17":"pa_rozmir-921","18":"pa_rozmir-922","20":"first","21":"instock","22":"purchasable","23":"product-type-variable"},"_links":{"self":[{"href":"https:\/\/nextsnkr.com\/it\/wp-json\/wp\/v2\/product\/813813","targetHints":{"allow":["GET"]}}],"collection":[{"href":"https:\/\/nextsnkr.com\/it\/wp-json\/wp\/v2\/product"}],"about":[{"href":"https:\/\/nextsnkr.com\/it\/wp-json\/wp\/v2\/types\/product"}],"replies":[{"embeddable":true,"href":"https:\/\/nextsnkr.com\/it\/wp-json\/wp\/v2\/comments?post=813813"}],"version-history":[{"count":0,"href":"https:\/\/nextsnkr.com\/it\/wp-json\/wp\/v2\/product\/813813\/revisions"}],"wp:featuredmedia":[{"embeddable":true,"href":"https:\/\/nextsnkr.com\/it\/wp-json\/wp\/v2\/media\/813815"}],"wp:attachment":[{"href":"https:\/\/nextsnkr.com\/it\/wp-json\/wp\/v2\/media?parent=813813"}],"wp:term":[{"taxonomy":"product_brand","embeddable":true,"href":"https:\/\/nextsnkr.com\/it\/wp-json\/wp\/v2\/product_brand?post=813813"},{"taxonomy":"product_cat","embeddable":true,"href":"https:\/\/nextsnkr.com\/it\/wp-json\/wp\/v2\/product_cat?post=813813"},{"taxonomy":"product_tag","embeddable":true,"href":"https:\/\/nextsnkr.com\/it\/wp-json\/wp\/v2\/product_tag?post=813813"}],"curies":[{"name":"wp","href":"https:\/\/api.w.org\/{rel}","templated":true}]}}