{"id":803168,"date":"2025-06-13T09:56:44","date_gmt":"2025-06-13T06:56:44","guid":{"rendered":"https:\/\/nextsnkr.com\/product\/air-force-1-mini-swoosh\/"},"modified":"2026-01-31T23:15:30","modified_gmt":"2026-01-31T20:15:30","slug":"air-force-1-mini-swoosh","status":"publish","type":"product","link":"https:\/\/nextsnkr.com\/it\/prodotto\/air-force-1-mini-swoosh\/","title":{"rendered":"Sneakers Air Force 1 mini Swoosh in pelle bianca"},"content":{"rendered":"<h2>Sneakers Air Force 1 mini Swoosh in pelle bianca<\/h2>\n<p>Le sneakers Air Force 1 mini Swoosh sono realizzate in vera pelle di alta qualit\u00e0, che offre resistenza, comfort e un aspetto premium. Il design bianco laconico \u00e8 completato da un elegante mini logo Swoosh, che aggiunge unicit\u00e0 e tendenza al modello. La suola ammortizzante offre comfort durante l&#8217;uso quotidiano e la forma classica \u00e8 facile da abbinare a qualsiasi modo. La scelta ideale per i devoti di scarpe da ginnastica eleganti e affidabili. Produttore: Vietnam. SKU: 1200-141824<\/p>\n","protected":false},"excerpt":{"rendered":"<p>Le sneakers Air Force 1 mini Swoosh sono realizzate in vera pelle di alta qualit\u00e0, che offre resistenza, comfort e un aspetto premium. Il design bianco laconico \u00e8 completato da un elegante mini logo Swoosh, che aggiunge unicit\u00e0 e tendenza al modello. La suola ammortizzante offre comfort durante l&#8217;uso quotidiano e la forma classica \u00e8 facile da abbinare a qualsiasi modo. La scelta ideale per i devoti di scarpe da ginnastica eleganti e affidabili. Produttore: Vietnam. SKU: 1200-141824<\/p>\n","protected":false},"featured_media":803169,"comment_status":"open","ping_status":"open","template":"","meta":[],"product_brand":[],"product_cat":[3238,3321],"product_tag":[],"class_list":{"0":"post-803168","1":"product","2":"type-product","3":"status-publish","4":"has-post-thumbnail","6":"product_cat-all-product","7":"product_cat-kedy","8":"pa_rozmir-910","9":"pa_rozmir-912","10":"pa_rozmir-914","11":"pa_rozmir-915","12":"pa_rozmir-916","13":"pa_rozmir-917","14":"pa_rozmir-918","15":"pa_rozmir-919","16":"pa_rozmir-920","17":"pa_rozmir-921","18":"pa_rozmir-922","20":"first","21":"instock","22":"purchasable","23":"product-type-variable"},"_links":{"self":[{"href":"https:\/\/nextsnkr.com\/it\/wp-json\/wp\/v2\/product\/803168","targetHints":{"allow":["GET"]}}],"collection":[{"href":"https:\/\/nextsnkr.com\/it\/wp-json\/wp\/v2\/product"}],"about":[{"href":"https:\/\/nextsnkr.com\/it\/wp-json\/wp\/v2\/types\/product"}],"replies":[{"embeddable":true,"href":"https:\/\/nextsnkr.com\/it\/wp-json\/wp\/v2\/comments?post=803168"}],"version-history":[{"count":0,"href":"https:\/\/nextsnkr.com\/it\/wp-json\/wp\/v2\/product\/803168\/revisions"}],"wp:featuredmedia":[{"embeddable":true,"href":"https:\/\/nextsnkr.com\/it\/wp-json\/wp\/v2\/media\/803169"}],"wp:attachment":[{"href":"https:\/\/nextsnkr.com\/it\/wp-json\/wp\/v2\/media?parent=803168"}],"wp:term":[{"taxonomy":"product_brand","embeddable":true,"href":"https:\/\/nextsnkr.com\/it\/wp-json\/wp\/v2\/product_brand?post=803168"},{"taxonomy":"product_cat","embeddable":true,"href":"https:\/\/nextsnkr.com\/it\/wp-json\/wp\/v2\/product_cat?post=803168"},{"taxonomy":"product_tag","embeddable":true,"href":"https:\/\/nextsnkr.com\/it\/wp-json\/wp\/v2\/product_tag?post=803168"}],"curies":[{"name":"wp","href":"https:\/\/api.w.org\/{rel}","templated":true}]}}