{"id":802828,"date":"2025-06-13T09:57:04","date_gmt":"2025-06-13T06:57:04","guid":{"rendered":"https:\/\/nextsnkr.com\/product\/sacai-ldwaffle\/"},"modified":"2026-01-31T23:15:22","modified_gmt":"2026-01-31T20:15:22","slug":"sacai-ldwaffle","status":"publish","type":"product","link":"https:\/\/nextsnkr.com\/it\/prodotto\/sacai-ldwaffle\/","title":{"rendered":"Sacai LDWaffle-sneaker in tessuto e pelle scamosciata alla moda"},"content":{"rendered":"<h2>Sacai LDWaffle-sneaker in tessuto e pelle scamosciata alla moda<\/h2>\n<p>La sneaker Sacai LDWaffle \u00e8 una combinazione di design unico, alta qualit\u00e0 e comfort. Il modello \u00e8 realizzato in tessuto e pelle scamosciata, che offre leggerezza, resistenza e una vestibilit\u00e0 piacevole. Prodotte in Vietnam, queste sneaker presentano una silhouette elegante e sono adatte sia per l&#8217;uso quotidiano che per uno stile di vita attivo. Sacai LDWaffle sar\u00e0 l&#8217;accento luminoso del tuo look e una coppia affidabile per tutti i giorni.<\/p>\n","protected":false},"excerpt":{"rendered":"<p>La sneaker Sacai LDWaffle \u00e8 una combinazione di design unico, alta qualit\u00e0 e comfort. Il modello \u00e8 realizzato in tessuto e pelle scamosciata, che offre leggerezza, resistenza e una vestibilit\u00e0 piacevole. Prodotte in Vietnam, queste sneaker presentano una silhouette elegante e sono adatte sia per l&#8217;uso quotidiano che per uno stile di vita attivo. Sacai LDWaffle sar\u00e0 l&#8217;accento luminoso del tuo look e una coppia affidabile per tutti i giorni.<\/p>\n","protected":false},"featured_media":802829,"comment_status":"open","ping_status":"open","template":"","meta":[],"product_brand":[],"product_cat":[3238,3239],"product_tag":[],"class_list":{"0":"post-802828","1":"product","2":"type-product","3":"status-publish","4":"has-post-thumbnail","6":"product_cat-all-product","7":"product_cat-krosivky","8":"pa_rozmir-910","9":"pa_rozmir-912","10":"pa_rozmir-914","11":"pa_rozmir-915","12":"pa_rozmir-916","13":"pa_rozmir-917","14":"pa_rozmir-918","15":"pa_rozmir-919","16":"pa_rozmir-920","17":"pa_rozmir-921","18":"pa_rozmir-922","20":"first","21":"instock","22":"purchasable","23":"product-type-variable"},"_links":{"self":[{"href":"https:\/\/nextsnkr.com\/it\/wp-json\/wp\/v2\/product\/802828","targetHints":{"allow":["GET"]}}],"collection":[{"href":"https:\/\/nextsnkr.com\/it\/wp-json\/wp\/v2\/product"}],"about":[{"href":"https:\/\/nextsnkr.com\/it\/wp-json\/wp\/v2\/types\/product"}],"replies":[{"embeddable":true,"href":"https:\/\/nextsnkr.com\/it\/wp-json\/wp\/v2\/comments?post=802828"}],"version-history":[{"count":0,"href":"https:\/\/nextsnkr.com\/it\/wp-json\/wp\/v2\/product\/802828\/revisions"}],"wp:featuredmedia":[{"embeddable":true,"href":"https:\/\/nextsnkr.com\/it\/wp-json\/wp\/v2\/media\/802829"}],"wp:attachment":[{"href":"https:\/\/nextsnkr.com\/it\/wp-json\/wp\/v2\/media?parent=802828"}],"wp:term":[{"taxonomy":"product_brand","embeddable":true,"href":"https:\/\/nextsnkr.com\/it\/wp-json\/wp\/v2\/product_brand?post=802828"},{"taxonomy":"product_cat","embeddable":true,"href":"https:\/\/nextsnkr.com\/it\/wp-json\/wp\/v2\/product_cat?post=802828"},{"taxonomy":"product_tag","embeddable":true,"href":"https:\/\/nextsnkr.com\/it\/wp-json\/wp\/v2\/product_tag?post=802828"}],"curies":[{"name":"wp","href":"https:\/\/api.w.org\/{rel}","templated":true}]}}