{"id":802148,"date":"2025-06-13T09:58:10","date_gmt":"2025-06-13T06:58:10","guid":{"rendered":"https:\/\/nextsnkr.com\/product\/air-force-1\/"},"modified":"2026-01-31T23:14:49","modified_gmt":"2026-01-31T20:14:49","slug":"air-force-1","status":"publish","type":"product","link":"https:\/\/nextsnkr.com\/it\/prodotto\/air-force-1\/","title":{"rendered":"Sneakers Air Force 1 in pelle-stile e comfort ogni giorno"},"content":{"rendered":"<h2>Sneakers Air Force 1 in pelle-stile e comfort ogni giorno<\/h2>\n<p>Le eleganti sneakers Air Force 1 In Vera Pelle offrono comfort e durata nell&#8217;usura quotidiana. Il modello di un famoso marchio \u00e8 realizzato in Vietnam con materiali di alta qualit\u00e0, che garantisce affidabilit\u00e0 e un aspetto pulito. Il design versatile si adatta allo stile urbano e allo stile di vita attivo. Scegli un classico collaudato che combini stile, qualit\u00e0 e praticit\u00e0. Codice: 1139-47380.<\/p>\n","protected":false},"excerpt":{"rendered":"<p>Le eleganti sneakers Air Force 1 In Vera Pelle offrono comfort e durata nell&#8217;usura quotidiana. Il modello di un famoso marchio \u00e8 realizzato in Vietnam con materiali di alta qualit\u00e0, che garantisce affidabilit\u00e0 e un aspetto pulito. Il design versatile si adatta allo stile urbano e allo stile di vita attivo. Scegli un classico collaudato che combini stile, qualit\u00e0 e praticit\u00e0. Codice: 1139-47380.<\/p>\n","protected":false},"featured_media":802149,"comment_status":"open","ping_status":"open","template":"","meta":[],"product_brand":[],"product_cat":[3238,3321],"product_tag":[],"class_list":{"0":"post-802148","1":"product","2":"type-product","3":"status-publish","4":"has-post-thumbnail","6":"product_cat-all-product","7":"product_cat-kedy","8":"pa_rozmir-910","9":"pa_rozmir-912","10":"pa_rozmir-914","11":"pa_rozmir-915","12":"pa_rozmir-916","13":"pa_rozmir-917","14":"pa_rozmir-918","15":"pa_rozmir-919","16":"pa_rozmir-920","17":"pa_rozmir-921","18":"pa_rozmir-922","20":"first","21":"onbackorder","22":"purchasable","23":"product-type-variable"},"_links":{"self":[{"href":"https:\/\/nextsnkr.com\/it\/wp-json\/wp\/v2\/product\/802148","targetHints":{"allow":["GET"]}}],"collection":[{"href":"https:\/\/nextsnkr.com\/it\/wp-json\/wp\/v2\/product"}],"about":[{"href":"https:\/\/nextsnkr.com\/it\/wp-json\/wp\/v2\/types\/product"}],"replies":[{"embeddable":true,"href":"https:\/\/nextsnkr.com\/it\/wp-json\/wp\/v2\/comments?post=802148"}],"version-history":[{"count":0,"href":"https:\/\/nextsnkr.com\/it\/wp-json\/wp\/v2\/product\/802148\/revisions"}],"wp:featuredmedia":[{"embeddable":true,"href":"https:\/\/nextsnkr.com\/it\/wp-json\/wp\/v2\/media\/802149"}],"wp:attachment":[{"href":"https:\/\/nextsnkr.com\/it\/wp-json\/wp\/v2\/media?parent=802148"}],"wp:term":[{"taxonomy":"product_brand","embeddable":true,"href":"https:\/\/nextsnkr.com\/it\/wp-json\/wp\/v2\/product_brand?post=802148"},{"taxonomy":"product_cat","embeddable":true,"href":"https:\/\/nextsnkr.com\/it\/wp-json\/wp\/v2\/product_cat?post=802148"},{"taxonomy":"product_tag","embeddable":true,"href":"https:\/\/nextsnkr.com\/it\/wp-json\/wp\/v2\/product_tag?post=802148"}],"curies":[{"name":"wp","href":"https:\/\/api.w.org\/{rel}","templated":true}]}}