{"id":797548,"date":"2025-06-17T22:45:15","date_gmt":"2025-06-17T19:45:15","guid":{"rendered":"https:\/\/nextsnkr.com\/product\/nike-air-max-tn-black-red\/"},"modified":"2026-01-31T23:12:33","modified_gmt":"2026-01-31T20:12:33","slug":"nike-air-max-tn-black-red","status":"publish","type":"product","link":"https:\/\/nextsnkr.com\/it\/prodotto\/nike-air-max-tn-black-red\/","title":{"rendered":"Sneakers Nike Air Max TN + Nero \/ Rosso-Sneakers da uomo in tessuto"},"content":{"rendered":"<h2>Sneakers Nike Air Max TN + Nero \/ Rosso-Sneakers da uomo in tessuto<\/h2>\n<p>Le sneakers Nike Air Max TN + Black \/ Red sono realizzate in mesh tessile traspirante, che offre leggerezza e ventilazione durante l&#8217;uso attivo. La combinazione contrastante di nero e rosso rende il modello elegante e accattivante. La suola ammortizzante offre comfort quando si cammina e si corre, mentre l&#8217;alta qualit\u00e0 della produzione in Vietnam garantisce la durata e l&#8217;affidabilit\u00e0 del marchio Nike. Ideale per lo stile urbano, lo sport e le attivit\u00e0 all&#8217;aperto.<\/p>\n","protected":false},"excerpt":{"rendered":"<p>Le sneakers Nike Air Max TN + Black \/ Red sono realizzate in mesh tessile traspirante, che offre leggerezza e ventilazione durante l&#8217;uso attivo. La combinazione contrastante di nero e rosso rende il modello elegante e accattivante. La suola ammortizzante offre comfort quando si cammina e si corre, mentre l&#8217;alta qualit\u00e0 della produzione in Vietnam garantisce la durata e l&#8217;affidabilit\u00e0 del marchio Nike. Ideale per lo stile urbano, lo sport e le attivit\u00e0 all&#8217;aperto.<\/p>\n","protected":false},"featured_media":797549,"comment_status":"open","ping_status":"open","template":"","meta":[],"product_brand":[],"product_cat":[3238,3239],"product_tag":[],"class_list":{"0":"post-797548","1":"product","2":"type-product","3":"status-publish","4":"has-post-thumbnail","6":"product_cat-all-product","7":"product_cat-krosivky","8":"pa_rozmir-910","9":"pa_rozmir-912","10":"pa_rozmir-914","11":"pa_rozmir-915","12":"pa_rozmir-916","13":"pa_rozmir-917","14":"pa_rozmir-918","15":"pa_rozmir-919","16":"pa_rozmir-920","17":"pa_rozmir-921","18":"pa_rozmir-922","20":"first","21":"onbackorder","22":"purchasable","23":"product-type-variable"},"_links":{"self":[{"href":"https:\/\/nextsnkr.com\/it\/wp-json\/wp\/v2\/product\/797548","targetHints":{"allow":["GET"]}}],"collection":[{"href":"https:\/\/nextsnkr.com\/it\/wp-json\/wp\/v2\/product"}],"about":[{"href":"https:\/\/nextsnkr.com\/it\/wp-json\/wp\/v2\/types\/product"}],"replies":[{"embeddable":true,"href":"https:\/\/nextsnkr.com\/it\/wp-json\/wp\/v2\/comments?post=797548"}],"version-history":[{"count":0,"href":"https:\/\/nextsnkr.com\/it\/wp-json\/wp\/v2\/product\/797548\/revisions"}],"wp:featuredmedia":[{"embeddable":true,"href":"https:\/\/nextsnkr.com\/it\/wp-json\/wp\/v2\/media\/797549"}],"wp:attachment":[{"href":"https:\/\/nextsnkr.com\/it\/wp-json\/wp\/v2\/media?parent=797548"}],"wp:term":[{"taxonomy":"product_brand","embeddable":true,"href":"https:\/\/nextsnkr.com\/it\/wp-json\/wp\/v2\/product_brand?post=797548"},{"taxonomy":"product_cat","embeddable":true,"href":"https:\/\/nextsnkr.com\/it\/wp-json\/wp\/v2\/product_cat?post=797548"},{"taxonomy":"product_tag","embeddable":true,"href":"https:\/\/nextsnkr.com\/it\/wp-json\/wp\/v2\/product_tag?post=797548"}],"curies":[{"name":"wp","href":"https:\/\/api.w.org\/{rel}","templated":true}]}}