{"id":795022,"date":"2025-06-17T22:48:56","date_gmt":"2025-06-17T19:48:56","guid":{"rendered":"https:\/\/nextsnkr.com\/product\/champion-grey\/"},"modified":"2026-01-31T23:10:45","modified_gmt":"2026-01-31T20:10:45","slug":"champion-grey","status":"publish","type":"product","link":"https:\/\/nextsnkr.com\/it\/prodotto\/champion-grey\/","title":{"rendered":"Cappello CHAMPION Grey-acrilico versatile con ricami voluminosi"},"content":{"rendered":"<h2>Cappello CHAMPION Grey-acrilico versatile con ricami voluminosi<\/h2>\n<p>CHAMPION Grey \u00e8 un elegante cappello versatile Realizzato in morbido acrilico che offre calore e comfort durante la stagione fredda. Il ricamo voluminoso aggiunge un accento alla moda e sottolinea il marchio, rendendo il cappello un elemento originale dell&#8217;immagine. Adatto per l&#8217;uso quotidiano e attivit\u00e0 all&#8217;aria aperta. Facile da pulire: pu\u00f2 essere lavato a 30 gradi, garantendo durata e forma. Scegli CHAMPION Grey per comfort, stile e praticit\u00e0.<\/p>\n","protected":false},"excerpt":{"rendered":"<p>CHAMPION Grey \u00e8 un elegante cappello versatile Realizzato in morbido acrilico che offre calore e comfort durante la stagione fredda. Il ricamo voluminoso aggiunge un accento alla moda e sottolinea il marchio, rendendo il cappello un elemento originale dell&#8217;immagine. Adatto per l&#8217;uso quotidiano e attivit\u00e0 all&#8217;aria aperta. Facile da pulire: pu\u00f2 essere lavato a 30 gradi, garantendo durata e forma. Scegli CHAMPION Grey per comfort, stile e praticit\u00e0.<\/p>\n","protected":false},"featured_media":795027,"comment_status":"open","ping_status":"open","template":"","meta":[],"product_brand":[],"product_cat":[3238,4451],"product_tag":[],"class_list":{"0":"post-795022","1":"product","2":"type-product","3":"status-publish","4":"has-post-thumbnail","6":"product_cat-all-product","7":"product_cat-shapky","8":"pa_rozmir-one-size","10":"first","11":"instock","12":"purchasable","13":"product-type-simple"},"_links":{"self":[{"href":"https:\/\/nextsnkr.com\/it\/wp-json\/wp\/v2\/product\/795022","targetHints":{"allow":["GET"]}}],"collection":[{"href":"https:\/\/nextsnkr.com\/it\/wp-json\/wp\/v2\/product"}],"about":[{"href":"https:\/\/nextsnkr.com\/it\/wp-json\/wp\/v2\/types\/product"}],"replies":[{"embeddable":true,"href":"https:\/\/nextsnkr.com\/it\/wp-json\/wp\/v2\/comments?post=795022"}],"version-history":[{"count":0,"href":"https:\/\/nextsnkr.com\/it\/wp-json\/wp\/v2\/product\/795022\/revisions"}],"wp:featuredmedia":[{"embeddable":true,"href":"https:\/\/nextsnkr.com\/it\/wp-json\/wp\/v2\/media\/795027"}],"wp:attachment":[{"href":"https:\/\/nextsnkr.com\/it\/wp-json\/wp\/v2\/media?parent=795022"}],"wp:term":[{"taxonomy":"product_brand","embeddable":true,"href":"https:\/\/nextsnkr.com\/it\/wp-json\/wp\/v2\/product_brand?post=795022"},{"taxonomy":"product_cat","embeddable":true,"href":"https:\/\/nextsnkr.com\/it\/wp-json\/wp\/v2\/product_cat?post=795022"},{"taxonomy":"product_tag","embeddable":true,"href":"https:\/\/nextsnkr.com\/it\/wp-json\/wp\/v2\/product_tag?post=795022"}],"curies":[{"name":"wp","href":"https:\/\/api.w.org\/{rel}","templated":true}]}}