{"id":792481,"date":"2025-06-13T10:13:44","date_gmt":"2025-06-13T07:13:44","guid":{"rendered":"https:\/\/nextsnkr.com\/product\/dior-sneakers-low-black-premium\/"},"modified":"2026-01-31T23:09:20","modified_gmt":"2026-01-31T20:09:20","slug":"dior-sneakers-low-black-premium","status":"publish","type":"product","link":"https:\/\/nextsnkr.com\/it\/prodotto\/dior-sneakers-low-black-premium\/","title":{"rendered":"Dior Sneakers Low Black Premium-Scarpe Da Uomo In Pelle"},"content":{"rendered":"<h2>Dior Sneakers Low Black Premium-Scarpe Da Uomo In Pelle<\/h2>\n<p>Dior Sneakers Low Black Premium \u00e8 un elegante modello premium realizzato con una combinazione di vera pelle e tessuti resistenti. Sono caratterizzati da un elegante design nero, una vestibilit\u00e0 comoda e una lavorazione di alta qualit\u00e0. Con un design intelligente, le scarpe offrono stabilit\u00e0 e comfort durante l&#8217;uso quotidiano. La scelta perfetta per i fan del marchio Dior che apprezzano la combinazione di moda, comfort e durata. Produttore Cina (made in Italy).<\/p>\n","protected":false},"excerpt":{"rendered":"<p>Dior Sneakers Low Black Premium \u00e8 un elegante modello premium realizzato con una combinazione di vera pelle e tessuti resistenti. Sono caratterizzati da un elegante design nero, una vestibilit\u00e0 comoda e una lavorazione di alta qualit\u00e0. Con un design intelligente, le scarpe offrono stabilit\u00e0 e comfort durante l&#8217;uso quotidiano. La scelta perfetta per i fan del marchio Dior che apprezzano la combinazione di moda, comfort e durata. Produttore Cina (made in Italy).<\/p>\n","protected":false},"featured_media":792482,"comment_status":"open","ping_status":"open","template":"","meta":[],"product_brand":[],"product_cat":[3238,3321],"product_tag":[],"class_list":{"0":"post-792481","1":"product","2":"type-product","3":"status-publish","4":"has-post-thumbnail","6":"product_cat-all-product","7":"product_cat-kedy","8":"pa_rozmir-910","9":"pa_rozmir-912","10":"pa_rozmir-914","11":"pa_rozmir-915","12":"pa_rozmir-916","13":"pa_rozmir-917","14":"pa_rozmir-918","15":"pa_rozmir-919","16":"pa_rozmir-920","17":"pa_rozmir-921","18":"pa_rozmir-922","20":"first","21":"instock","22":"purchasable","23":"product-type-variable"},"_links":{"self":[{"href":"https:\/\/nextsnkr.com\/it\/wp-json\/wp\/v2\/product\/792481","targetHints":{"allow":["GET"]}}],"collection":[{"href":"https:\/\/nextsnkr.com\/it\/wp-json\/wp\/v2\/product"}],"about":[{"href":"https:\/\/nextsnkr.com\/it\/wp-json\/wp\/v2\/types\/product"}],"replies":[{"embeddable":true,"href":"https:\/\/nextsnkr.com\/it\/wp-json\/wp\/v2\/comments?post=792481"}],"version-history":[{"count":0,"href":"https:\/\/nextsnkr.com\/it\/wp-json\/wp\/v2\/product\/792481\/revisions"}],"wp:featuredmedia":[{"embeddable":true,"href":"https:\/\/nextsnkr.com\/it\/wp-json\/wp\/v2\/media\/792482"}],"wp:attachment":[{"href":"https:\/\/nextsnkr.com\/it\/wp-json\/wp\/v2\/media?parent=792481"}],"wp:term":[{"taxonomy":"product_brand","embeddable":true,"href":"https:\/\/nextsnkr.com\/it\/wp-json\/wp\/v2\/product_brand?post=792481"},{"taxonomy":"product_cat","embeddable":true,"href":"https:\/\/nextsnkr.com\/it\/wp-json\/wp\/v2\/product_cat?post=792481"},{"taxonomy":"product_tag","embeddable":true,"href":"https:\/\/nextsnkr.com\/it\/wp-json\/wp\/v2\/product_tag?post=792481"}],"curies":[{"name":"wp","href":"https:\/\/api.w.org\/{rel}","templated":true}]}}