{"id":791122,"date":"2025-06-13T10:16:31","date_gmt":"2025-06-13T07:16:31","guid":{"rendered":"https:\/\/nextsnkr.com\/product\/new-balance-x-miu-miu-530\/"},"modified":"2026-01-31T23:08:44","modified_gmt":"2026-01-31T20:08:44","slug":"new-balance-x-miu-miu-530","status":"publish","type":"product","link":"https:\/\/nextsnkr.com\/it\/prodotto\/new-balance-x-miu-miu-530\/","title":{"rendered":"Sneakers New Balance x Miu Miu 530-sneakers da donna alla moda in pelle scamosciata"},"content":{"rendered":"<h2>Sneakers New Balance x Miu Miu 530-sneakers da donna alla moda in pelle scamosciata<\/h2>\n<p>Le sneaker New Balance x Miu Miu 530 combinano stile e comfort premium creati in collaborazione con due marchi famosi. Il modello \u00e8 realizzato in pelle scamosciata di qualit\u00e0, che lo rende morbido, resistente all&#8217;usura e piacevole da indossare. Prodotte in Cina, queste sneaker presentano una silhouette alla moda e un design versatile che completer\u00e0 facilmente un guardaroba moderno. New Balance x Miu Miu 530 sar\u00e0 un accento elegante e offrir\u00e0 comfort ogni giorno.<\/p>\n","protected":false},"excerpt":{"rendered":"<p>Le sneaker New Balance x Miu Miu 530 combinano stile e comfort premium creati in collaborazione con due marchi famosi. Il modello \u00e8 realizzato in pelle scamosciata di qualit\u00e0, che lo rende morbido, resistente all&#8217;usura e piacevole da indossare. Prodotte in Cina, queste sneaker presentano una silhouette alla moda e un design versatile che completer\u00e0 facilmente un guardaroba moderno. New Balance x Miu Miu 530 sar\u00e0 un accento elegante e offrir\u00e0 comfort ogni giorno.<\/p>\n","protected":false},"featured_media":791123,"comment_status":"open","ping_status":"open","template":"","meta":[],"product_brand":[],"product_cat":[3238,3239],"product_tag":[],"class_list":{"0":"post-791122","1":"product","2":"type-product","3":"status-publish","4":"has-post-thumbnail","6":"product_cat-all-product","7":"product_cat-krosivky","8":"pa_rozmir-910","9":"pa_rozmir-912","10":"pa_rozmir-914","11":"pa_rozmir-915","12":"pa_rozmir-916","13":"pa_rozmir-917","14":"pa_rozmir-918","15":"pa_rozmir-919","16":"pa_rozmir-920","17":"pa_rozmir-921","18":"pa_rozmir-922","20":"first","21":"instock","22":"purchasable","23":"product-type-variable"},"_links":{"self":[{"href":"https:\/\/nextsnkr.com\/it\/wp-json\/wp\/v2\/product\/791122","targetHints":{"allow":["GET"]}}],"collection":[{"href":"https:\/\/nextsnkr.com\/it\/wp-json\/wp\/v2\/product"}],"about":[{"href":"https:\/\/nextsnkr.com\/it\/wp-json\/wp\/v2\/types\/product"}],"replies":[{"embeddable":true,"href":"https:\/\/nextsnkr.com\/it\/wp-json\/wp\/v2\/comments?post=791122"}],"version-history":[{"count":0,"href":"https:\/\/nextsnkr.com\/it\/wp-json\/wp\/v2\/product\/791122\/revisions"}],"wp:featuredmedia":[{"embeddable":true,"href":"https:\/\/nextsnkr.com\/it\/wp-json\/wp\/v2\/media\/791123"}],"wp:attachment":[{"href":"https:\/\/nextsnkr.com\/it\/wp-json\/wp\/v2\/media?parent=791122"}],"wp:term":[{"taxonomy":"product_brand","embeddable":true,"href":"https:\/\/nextsnkr.com\/it\/wp-json\/wp\/v2\/product_brand?post=791122"},{"taxonomy":"product_cat","embeddable":true,"href":"https:\/\/nextsnkr.com\/it\/wp-json\/wp\/v2\/product_cat?post=791122"},{"taxonomy":"product_tag","embeddable":true,"href":"https:\/\/nextsnkr.com\/it\/wp-json\/wp\/v2\/product_tag?post=791122"}],"curies":[{"name":"wp","href":"https:\/\/api.w.org\/{rel}","templated":true}]}}