{"id":789592,"date":"2025-06-13T10:20:20","date_gmt":"2025-06-13T07:20:20","guid":{"rendered":"https:\/\/nextsnkr.com\/product\/530\/"},"modified":"2026-01-31T23:07:52","modified_gmt":"2026-01-31T20:07:52","slug":"530","status":"publish","type":"product","link":"https:\/\/nextsnkr.com\/it\/prodotto\/530\/","title":{"rendered":"Sneakers 530 pelle e tessuti uomo-stile e comfort"},"content":{"rendered":"<h2>Sneakers 530 pelle e tessuti uomo-stile e comfort<\/h2>\n<p>La sneaker 530 \u00e8 un modello versatile Realizzato con una combinazione di pelle e tessuti per il massimo comfort e resistenza all&#8217;usura. I materiali garantiscono una buona ventilazione e durata e il design moderno \u00e8 adatto per l&#8217;uso quotidiano. Prodotte in Turchia, queste sneakers sono caratterizzate da sartoria di alta qualit\u00e0 e affidabilit\u00e0. Scelta perfetta per il ritmo attivo della vita.<\/p>\n","protected":false},"excerpt":{"rendered":"<p>La sneaker 530 \u00e8 un modello versatile Realizzato con una combinazione di pelle e tessuti per il massimo comfort e resistenza all&#8217;usura. I materiali garantiscono una buona ventilazione e durata e il design moderno \u00e8 adatto per l&#8217;uso quotidiano. Prodotte in Turchia, queste sneakers sono caratterizzate da sartoria di alta qualit\u00e0 e affidabilit\u00e0. Scelta perfetta per il ritmo attivo della vita.<\/p>\n","protected":false},"featured_media":789593,"comment_status":"open","ping_status":"open","template":"","meta":[],"product_brand":[],"product_cat":[3238,3239],"product_tag":[],"class_list":{"0":"post-789592","1":"product","2":"type-product","3":"status-publish","4":"has-post-thumbnail","6":"product_cat-all-product","7":"product_cat-krosivky","8":"pa_rozmir-910","9":"pa_rozmir-912","10":"pa_rozmir-914","11":"pa_rozmir-915","12":"pa_rozmir-916","13":"pa_rozmir-917","14":"pa_rozmir-918","15":"pa_rozmir-919","16":"pa_rozmir-920","17":"pa_rozmir-921","18":"pa_rozmir-922","20":"first","21":"onbackorder","22":"purchasable","23":"product-type-variable"},"_links":{"self":[{"href":"https:\/\/nextsnkr.com\/it\/wp-json\/wp\/v2\/product\/789592","targetHints":{"allow":["GET"]}}],"collection":[{"href":"https:\/\/nextsnkr.com\/it\/wp-json\/wp\/v2\/product"}],"about":[{"href":"https:\/\/nextsnkr.com\/it\/wp-json\/wp\/v2\/types\/product"}],"replies":[{"embeddable":true,"href":"https:\/\/nextsnkr.com\/it\/wp-json\/wp\/v2\/comments?post=789592"}],"version-history":[{"count":0,"href":"https:\/\/nextsnkr.com\/it\/wp-json\/wp\/v2\/product\/789592\/revisions"}],"wp:featuredmedia":[{"embeddable":true,"href":"https:\/\/nextsnkr.com\/it\/wp-json\/wp\/v2\/media\/789593"}],"wp:attachment":[{"href":"https:\/\/nextsnkr.com\/it\/wp-json\/wp\/v2\/media?parent=789592"}],"wp:term":[{"taxonomy":"product_brand","embeddable":true,"href":"https:\/\/nextsnkr.com\/it\/wp-json\/wp\/v2\/product_brand?post=789592"},{"taxonomy":"product_cat","embeddable":true,"href":"https:\/\/nextsnkr.com\/it\/wp-json\/wp\/v2\/product_cat?post=789592"},{"taxonomy":"product_tag","embeddable":true,"href":"https:\/\/nextsnkr.com\/it\/wp-json\/wp\/v2\/product_tag?post=789592"}],"curies":[{"name":"wp","href":"https:\/\/api.w.org\/{rel}","templated":true}]}}