{"id":782063,"date":"2025-06-13T10:33:33","date_gmt":"2025-06-13T07:33:33","guid":{"rendered":"https:\/\/nextsnkr.com\/product\/dr-martens-jadon-brown-the-creation-of-adam\/"},"modified":"2026-01-31T23:04:58","modified_gmt":"2026-01-31T20:04:58","slug":"dr-martens-jadon-brown-the-creation-of-adam","status":"publish","type":"product","link":"https:\/\/nextsnkr.com\/it\/prodotto\/dr-martens-jadon-brown-the-creation-of-adam\/","title":{"rendered":"Stivali Dr. Martens Jadon Brown The Creation of Adam"},"content":{"rendered":"<h2>Stivali Dr. Martens Jadon Brown The Creation of Adam<\/h2>\n<p>Stivali Dr. Martens Jadon Brown The Creation of Adam sono realizzati in resistente vera pelle e sono isolati con pelliccia, che offre calore e comfort durante la stagione fredda. Il design originale con stampa a tema aggiunge unicit\u00e0 ed espressivit\u00e0 al modello. La suola alta garantisce stabilit\u00e0 e durata, mentre la classica costruzione Jadon offre una vestibilit\u00e0 comoda. La scelta perfetta per coloro che vogliono combinare stile, praticit\u00e0 e design artistico ispirato. Produttore: Vietnam. SKU: 1606914270-38714<\/p>\n","protected":false},"excerpt":{"rendered":"<p>Stivali Dr. Martens Jadon Brown The Creation of Adam sono realizzati in resistente vera pelle e sono isolati con pelliccia, che offre calore e comfort durante la stagione fredda. Il design originale con stampa a tema aggiunge unicit\u00e0 ed espressivit\u00e0 al modello. La suola alta garantisce stabilit\u00e0 e durata, mentre la classica costruzione Jadon offre una vestibilit\u00e0 comoda. La scelta perfetta per coloro che vogliono combinare stile, praticit\u00e0 e design artistico ispirato. Produttore: Vietnam. SKU: 1606914270-38714<\/p>\n","protected":false},"featured_media":782065,"comment_status":"open","ping_status":"open","template":"","meta":[],"product_brand":[2398],"product_cat":[3619,3238,3334],"product_tag":[],"class_list":{"0":"post-782063","1":"product","2":"type-product","3":"status-publish","4":"has-post-thumbnail","6":"product_brand-dr-martens","7":"product_cat-dr-martens","8":"product_cat-all-product","9":"product_cat-cherevyky","10":"pa_rozmir-910","11":"pa_rozmir-912","12":"pa_rozmir-914","13":"pa_rozmir-915","14":"pa_rozmir-916","15":"pa_rozmir-917","16":"pa_rozmir-918","17":"pa_rozmir-919","18":"pa_rozmir-920","19":"pa_rozmir-921","20":"pa_rozmir-922","22":"first","23":"instock","24":"purchasable","25":"product-type-variable"},"_links":{"self":[{"href":"https:\/\/nextsnkr.com\/it\/wp-json\/wp\/v2\/product\/782063","targetHints":{"allow":["GET"]}}],"collection":[{"href":"https:\/\/nextsnkr.com\/it\/wp-json\/wp\/v2\/product"}],"about":[{"href":"https:\/\/nextsnkr.com\/it\/wp-json\/wp\/v2\/types\/product"}],"replies":[{"embeddable":true,"href":"https:\/\/nextsnkr.com\/it\/wp-json\/wp\/v2\/comments?post=782063"}],"version-history":[{"count":0,"href":"https:\/\/nextsnkr.com\/it\/wp-json\/wp\/v2\/product\/782063\/revisions"}],"wp:featuredmedia":[{"embeddable":true,"href":"https:\/\/nextsnkr.com\/it\/wp-json\/wp\/v2\/media\/782065"}],"wp:attachment":[{"href":"https:\/\/nextsnkr.com\/it\/wp-json\/wp\/v2\/media?parent=782063"}],"wp:term":[{"taxonomy":"product_brand","embeddable":true,"href":"https:\/\/nextsnkr.com\/it\/wp-json\/wp\/v2\/product_brand?post=782063"},{"taxonomy":"product_cat","embeddable":true,"href":"https:\/\/nextsnkr.com\/it\/wp-json\/wp\/v2\/product_cat?post=782063"},{"taxonomy":"product_tag","embeddable":true,"href":"https:\/\/nextsnkr.com\/it\/wp-json\/wp\/v2\/product_tag?post=782063"}],"curies":[{"name":"wp","href":"https:\/\/api.w.org\/{rel}","templated":true}]}}