{"id":769572,"date":"2025-06-17T22:49:50","date_gmt":"2025-06-17T19:49:50","guid":{"rendered":"https:\/\/nextsnkr.com\/product\/fila-grey\/"},"modified":"2026-01-31T22:59:42","modified_gmt":"2026-01-31T19:59:42","slug":"fila-grey","status":"publish","type":"product","link":"https:\/\/nextsnkr.com\/it\/prodotto\/fila-grey\/","title":{"rendered":"Cappello FILA Grey in acrilico-Taglia unica, ricamo tridimensionale"},"content":{"rendered":"<h2>Cappello FILA Grey in acrilico-Taglia unica, ricamo tridimensionale<\/h2>\n<p>Il cappello FILA Grey \u00e8 realizzato in acrilico morbido e caldo, che offre comfort e protezione dal freddo. Il modello di dimensioni versatili si adatta a qualsiasi forma di testa, mentre l&#8217;elegante ricamo tridimensionale aggiunge un accento alla moda al look. Facile da lavare a 30\u00b0C, il cappello FILA \u00e8 ideale per l&#8217;uso quotidiano al freddo, combinando qualit\u00e0 del marchio, design moderno e praticit\u00e0 per qualsiasi attivit\u00e0 invernale.<\/p>\n","protected":false},"excerpt":{"rendered":"<p>Il cappello FILA Grey \u00e8 realizzato in acrilico morbido e caldo, che offre comfort e protezione dal freddo. Il modello di dimensioni versatili si adatta a qualsiasi forma di testa, mentre l&#8217;elegante ricamo tridimensionale aggiunge un accento alla moda al look. Facile da lavare a 30\u00b0C, il cappello FILA \u00e8 ideale per l&#8217;uso quotidiano al freddo, combinando qualit\u00e0 del marchio, design moderno e praticit\u00e0 per qualsiasi attivit\u00e0 invernale.<\/p>\n","protected":false},"featured_media":769576,"comment_status":"open","ping_status":"open","template":"","meta":[],"product_brand":[],"product_cat":[3238,4451],"product_tag":[],"class_list":{"0":"post-769572","1":"product","2":"type-product","3":"status-publish","4":"has-post-thumbnail","6":"product_cat-all-product","7":"product_cat-shapky","8":"pa_rozmir-one-size","10":"first","11":"instock","12":"purchasable","13":"product-type-simple"},"_links":{"self":[{"href":"https:\/\/nextsnkr.com\/it\/wp-json\/wp\/v2\/product\/769572","targetHints":{"allow":["GET"]}}],"collection":[{"href":"https:\/\/nextsnkr.com\/it\/wp-json\/wp\/v2\/product"}],"about":[{"href":"https:\/\/nextsnkr.com\/it\/wp-json\/wp\/v2\/types\/product"}],"replies":[{"embeddable":true,"href":"https:\/\/nextsnkr.com\/it\/wp-json\/wp\/v2\/comments?post=769572"}],"version-history":[{"count":0,"href":"https:\/\/nextsnkr.com\/it\/wp-json\/wp\/v2\/product\/769572\/revisions"}],"wp:featuredmedia":[{"embeddable":true,"href":"https:\/\/nextsnkr.com\/it\/wp-json\/wp\/v2\/media\/769576"}],"wp:attachment":[{"href":"https:\/\/nextsnkr.com\/it\/wp-json\/wp\/v2\/media?parent=769572"}],"wp:term":[{"taxonomy":"product_brand","embeddable":true,"href":"https:\/\/nextsnkr.com\/it\/wp-json\/wp\/v2\/product_brand?post=769572"},{"taxonomy":"product_cat","embeddable":true,"href":"https:\/\/nextsnkr.com\/it\/wp-json\/wp\/v2\/product_cat?post=769572"},{"taxonomy":"product_tag","embeddable":true,"href":"https:\/\/nextsnkr.com\/it\/wp-json\/wp\/v2\/product_tag?post=769572"}],"curies":[{"name":"wp","href":"https:\/\/api.w.org\/{rel}","templated":true}]}}