{"id":766274,"date":"2025-06-13T11:21:03","date_gmt":"2025-06-13T08:21:03","guid":{"rendered":"https:\/\/nextsnkr.com\/product\/new-balance-574-x-stone-island-grey\/"},"modified":"2026-01-31T22:57:41","modified_gmt":"2026-01-31T19:57:41","slug":"new-balance-574-x-stone-island-grey","status":"publish","type":"product","link":"https:\/\/nextsnkr.com\/it\/prodotto\/new-balance-574-x-stone-island-grey\/","title":{"rendered":"Sneakers New Balance 574 x Stone Island Grey &#8211; eleganti scarpe da uomo in pelle scamosciata"},"content":{"rendered":"<h2>Sneakers New Balance 574 x Stone Island Grey &#8211; eleganti scarpe da uomo in pelle scamosciata<\/h2>\n<p>La sneaker New Balance 574 X Stone Island Grey \u00e8 una collaborazione Premium creata per gli amanti del comfort e dello stile unico. Il modello \u00e8 realizzato in pelle scamosciata di qualit\u00e0, che garantisce resistenza, bella consistenza e durata. L&#8217;ammortizzazione leggera e la vestibilit\u00e0 comoda rendono le scarpe perfette per l&#8217;uso quotidiano. Il design versatile grigio si abbina facilmente ai look urbani. Scegli New Balance 574 X Stone Island, una combinazione di stile iconico e affidabilit\u00e0.<\/p>\n","protected":false},"excerpt":{"rendered":"<p>La sneaker New Balance 574 X Stone Island Grey \u00e8 una collaborazione Premium creata per gli amanti del comfort e dello stile unico. Il modello \u00e8 realizzato in pelle scamosciata di qualit\u00e0, che garantisce resistenza, bella consistenza e durata. L&#8217;ammortizzazione leggera e la vestibilit\u00e0 comoda rendono le scarpe perfette per l&#8217;uso quotidiano. Il design versatile grigio si abbina facilmente ai look urbani. Scegli New Balance 574 X Stone Island, una combinazione di stile iconico e affidabilit\u00e0.<\/p>\n","protected":false},"featured_media":766275,"comment_status":"open","ping_status":"open","template":"","meta":[],"product_brand":[],"product_cat":[3238,3239],"product_tag":[],"class_list":{"0":"post-766274","1":"product","2":"type-product","3":"status-publish","4":"has-post-thumbnail","6":"product_cat-all-product","7":"product_cat-krosivky","8":"pa_rozmir-910","9":"pa_rozmir-912","10":"pa_rozmir-914","11":"pa_rozmir-915","12":"pa_rozmir-916","13":"pa_rozmir-917","14":"pa_rozmir-918","15":"pa_rozmir-919","16":"pa_rozmir-920","17":"pa_rozmir-921","18":"pa_rozmir-922","20":"first","21":"onbackorder","22":"purchasable","23":"product-type-variable"},"_links":{"self":[{"href":"https:\/\/nextsnkr.com\/it\/wp-json\/wp\/v2\/product\/766274","targetHints":{"allow":["GET"]}}],"collection":[{"href":"https:\/\/nextsnkr.com\/it\/wp-json\/wp\/v2\/product"}],"about":[{"href":"https:\/\/nextsnkr.com\/it\/wp-json\/wp\/v2\/types\/product"}],"replies":[{"embeddable":true,"href":"https:\/\/nextsnkr.com\/it\/wp-json\/wp\/v2\/comments?post=766274"}],"version-history":[{"count":0,"href":"https:\/\/nextsnkr.com\/it\/wp-json\/wp\/v2\/product\/766274\/revisions"}],"wp:featuredmedia":[{"embeddable":true,"href":"https:\/\/nextsnkr.com\/it\/wp-json\/wp\/v2\/media\/766275"}],"wp:attachment":[{"href":"https:\/\/nextsnkr.com\/it\/wp-json\/wp\/v2\/media?parent=766274"}],"wp:term":[{"taxonomy":"product_brand","embeddable":true,"href":"https:\/\/nextsnkr.com\/it\/wp-json\/wp\/v2\/product_brand?post=766274"},{"taxonomy":"product_cat","embeddable":true,"href":"https:\/\/nextsnkr.com\/it\/wp-json\/wp\/v2\/product_cat?post=766274"},{"taxonomy":"product_tag","embeddable":true,"href":"https:\/\/nextsnkr.com\/it\/wp-json\/wp\/v2\/product_tag?post=766274"}],"curies":[{"name":"wp","href":"https:\/\/api.w.org\/{rel}","templated":true}]}}